{"id":3127,"date":"2020-07-16T11:14:36","date_gmt":"2020-07-16T09:14:36","guid":{"rendered":"https:\/\/trackme.dk\/vare\/forsikringsgodkendt-tracker\/"},"modified":"2024-12-18T11:38:37","modified_gmt":"2024-12-18T10:38:37","slug":"insurance-approved-tracker","status":"publish","type":"product","link":"https:\/\/trackme.dk\/en\/vare\/insurance-approved-tracker\/","title":{"rendered":"TM22: INSURANCE APPROVED TRACKER"},"content":{"rendered":"<h2>Denmark&#8217;s cheapest insurance-approved tracker<\/h2>\n<p>TrackMe TM22 is a fixed-mounted GPS tracker approved by all Danish insurance companies. The tracker meets all current requirements in the field and is registered with <a href=\"https:\/\/www.sikringsguiden.dk\/sikringsprodukter\/sporingssystemer\/\">Forsikring &amp; Pension<\/a>. The tracker is approved for cars, motorhomes, motorcycles, boats, and machinery.<\/p>\n<p>With this GPS tracker, you have the opportunity to monitor your car around the clock using TrackMe&#8217;s online tracking panel, accessible via computer and mobile. You get access to most of the features that our other trackers have \u2013 however, the current rules from insurance companies prevent TrackMe from providing a few programming and alarm functions.<\/p>\n<p>There is also access to registering your trips in TrackMe&#8217;s <a href=\"https:\/\/trackme.dk\/en\/electronic-driving-record\/\">electronic driving record<\/a>, if you have the <a href=\"https:\/\/trackme.dk\/en\/insurance-subscription-plus\/\">Insurance Plus Subscription<\/a>. The first year of plus subscription is included. If you do not want to use the driving log and other advanced features, you can freely downgrade to an even cheaper solution afterwards.<\/p>\n<h2>The country&#8217;s best complete solution<\/h2>\n<p>Whether it&#8217;s your insurance or leasing company that requires your car to be installed with a GPS tracking device, TrackMe guarantees that TM22 is the best complete solution on the market. The price includes everything \u2013 including <a href=\"https:\/\/trackme.dk\/en\/installation\/\">installation<\/a> and the first year&#8217;s subscription.<\/p>\n<h2>TrackMe takes care of everything<\/h2>\n<p>Once we have received your order, there is nothing more you need to do. TrackMe&#8217;s mechanics will contact you within 24 hours to arrange a time and place for the installation of the tracker in your car. We come to your home or workplace and install it when it suits you. Expect the installation of the tracker to take about one hour.<\/p>\n<h2>The package includes:<\/h2>\n<p>\u2192 TrackMe GPS-TM22 tracking device<br \/>\n\u2192 SIM card with coverage throughout the EU<br \/>\n\u2192 Subscription for the entire first year<br \/>\n\u2192 Connection from GPS to alarm central<br \/>\n\u2192 User manual<br \/>\n\u2192 Documentation of installation and testing for your insurance company<br \/>\n\u2192 Login and access to TrackMe\u2019s secure online tracking panel<br \/>\n\u2192 The price includes installation, where we come to your home or workplace and set up your tracker. Read more about\u00a0<a href=\"https:\/\/trackme.dk\/en\/installation\/\">installation<\/a>\u00a0here.<\/p>\n<h2>Regarding subscription<\/h2>\n<p class=\"p1\">The first year of plus subscription comes included with this tracker, and is included in the price.<\/p>\n<p>After that, the\u00a0<a href=\"https:\/\/trackme.dk\/en\/insurance-subscription\/\">Insurance Subscription<\/a> costs only\u00a0DKK 759,- per year (ex. VAT) &#8211; or 959,- for a <a href=\"https:\/\/trackme.dk\/en\/insurance-subscription-plus\/\">Insurance Plus Subscription<\/a>. Read more about our <a href=\"https:\/\/trackme.dk\/en\/subscriptions\/\">subscriptions<\/a>\u00a0here.<\/p>\n","protected":false},"excerpt":{"rendered":"<p><span class=\"woocommerce-Price-currencySymbol\">DKK<\/span> 2,995.00 + VAT<\/p>\n<p class=\"subtitle\">Permanently mounted complete insurance solution at Denmark&#8217;s cheapest price. The tracker is approved for cars, motorhomes, motorcycles, boats, and machinery.<\/p>\n<h3><b>Our Insurance approved GPS-tracker:<\/b><\/h3>\n<ul>\n<li>Is connected around the clock to an alarm central (approved by the national danish police).<\/li>\n<li>Has a SIM card covering the entire EU<\/li>\n<li>Provides access to see \/ monitor the car 24\/7<\/li>\n<li>Can connect to both <a href=\"https:\/\/trackme.dk\/en\/fleet-management\/\">fleet management<\/a> and <a href=\"https:\/\/trackme.dk\/en\/electronic-driving-record\/\">mileage log<\/a>.<\/li>\n<li>Can be mounted discreetly in all cars and vehicles with their own power supply (12V).<\/li>\n<li>Can be used for both private and business.<\/li>\n<li>Can document breaks, speed, and location.<\/li>\n<li>Can be used for reporting mileage deductions.<\/li>\n<\/ul>\n","protected":false},"featured_media":1977,"template":"","meta":[],"product_brand":[],"product_cat":[15],"product_tag":[],"class_list":{"0":"post-3127","1":"product","2":"type-product","3":"status-publish","4":"has-post-thumbnail","6":"product_cat-ukategoriseret","8":"first","9":"instock","10":"taxable","11":"shipping-taxable","12":"purchasable","13":"product-type-simple"},"yoast_head":"<!-- This site is optimized with the Yoast SEO plugin v27.3 - https:\/\/yoast.com\/product\/yoast-seo-wordpress\/ -->\n<title>Insurance-approved tracker | Affordable GPS tracker from TrackMe<\/title>\n<meta name=\"description\" content=\"At TrackMe, we have various GPS trackers for private use. We offer both moveable, fixed, and insurance-approved GPS trackers.\" \/>\n<meta name=\"robots\" content=\"index, follow, max-snippet:-1, max-image-preview:large, max-video-preview:-1\" \/>\n<link rel=\"canonical\" href=\"https:\/\/trackme.dk\/en\/vare\/insurance-approved-tracker\/\" \/>\n<meta property=\"og:locale\" content=\"en_US\" \/>\n<meta property=\"og:type\" content=\"article\" \/>\n<meta property=\"og:title\" content=\"Insurance-approved tracker | Affordable GPS tracker from TrackMe\" \/>\n<meta property=\"og:description\" content=\"At TrackMe, we have various GPS trackers for private use. We offer both moveable, fixed, and insurance-approved GPS trackers.\" \/>\n<meta property=\"og:url\" content=\"https:\/\/trackme.dk\/en\/vare\/insurance-approved-tracker\/\" \/>\n<meta property=\"og:site_name\" content=\"GPS-tracker &amp; Navigation | Sporing af bil | Fl\u00e5destyring | K\u00f8b online\" \/>\n<meta property=\"article:publisher\" content=\"https:\/\/www.facebook.com\/people\/TrackMe\/100064072183958\/\" \/>\n<meta property=\"article:modified_time\" content=\"2024-12-18T10:38:37+00:00\" \/>\n<meta property=\"og:image\" content=\"https:\/\/trackme.dk\/wp-content\/uploads\/trackme-tm21.jpg\" \/>\n\t<meta property=\"og:image:width\" content=\"760\" \/>\n\t<meta property=\"og:image:height\" content=\"503\" \/>\n\t<meta property=\"og:image:type\" content=\"image\/jpeg\" \/>\n<meta name=\"twitter:card\" content=\"summary_large_image\" \/>\n<meta name=\"twitter:label1\" content=\"Est. reading time\" \/>\n\t<meta name=\"twitter:data1\" content=\"3 minutes\" \/>\n<script type=\"application\/ld+json\" class=\"yoast-schema-graph\">{\"@context\":\"https:\\\/\\\/schema.org\",\"@graph\":[{\"@type\":\"WebPage\",\"@id\":\"https:\\\/\\\/trackme.dk\\\/en\\\/vare\\\/insurance-approved-tracker\\\/\",\"url\":\"https:\\\/\\\/trackme.dk\\\/en\\\/vare\\\/insurance-approved-tracker\\\/\",\"name\":\"Insurance-approved tracker | Affordable GPS tracker from TrackMe\",\"isPartOf\":{\"@id\":\"https:\\\/\\\/trackme.dk\\\/en\\\/#website\"},\"primaryImageOfPage\":{\"@id\":\"https:\\\/\\\/trackme.dk\\\/en\\\/vare\\\/insurance-approved-tracker\\\/#primaryimage\"},\"image\":{\"@id\":\"https:\\\/\\\/trackme.dk\\\/en\\\/vare\\\/insurance-approved-tracker\\\/#primaryimage\"},\"thumbnailUrl\":\"https:\\\/\\\/trackme.dk\\\/wp-content\\\/uploads\\\/trackme-tm21.jpg\",\"datePublished\":\"2020-07-16T09:14:36+00:00\",\"dateModified\":\"2024-12-18T10:38:37+00:00\",\"description\":\"At TrackMe, we have various GPS trackers for private use. We offer both moveable, fixed, and insurance-approved GPS trackers.\",\"breadcrumb\":{\"@id\":\"https:\\\/\\\/trackme.dk\\\/en\\\/vare\\\/insurance-approved-tracker\\\/#breadcrumb\"},\"inLanguage\":\"en-US\",\"potentialAction\":[{\"@type\":\"ReadAction\",\"target\":[\"https:\\\/\\\/trackme.dk\\\/en\\\/vare\\\/insurance-approved-tracker\\\/\"]}]},{\"@type\":\"ImageObject\",\"inLanguage\":\"en-US\",\"@id\":\"https:\\\/\\\/trackme.dk\\\/en\\\/vare\\\/insurance-approved-tracker\\\/#primaryimage\",\"url\":\"https:\\\/\\\/trackme.dk\\\/wp-content\\\/uploads\\\/trackme-tm21.jpg\",\"contentUrl\":\"https:\\\/\\\/trackme.dk\\\/wp-content\\\/uploads\\\/trackme-tm21.jpg\",\"width\":760,\"height\":503},{\"@type\":\"BreadcrumbList\",\"@id\":\"https:\\\/\\\/trackme.dk\\\/en\\\/vare\\\/insurance-approved-tracker\\\/#breadcrumb\",\"itemListElement\":[{\"@type\":\"ListItem\",\"position\":1,\"name\":\"Hjem\",\"item\":\"https:\\\/\\\/trackme.dk\\\/en\\\/\"},{\"@type\":\"ListItem\",\"position\":2,\"name\":\"Shop\",\"item\":\"https:\\\/\\\/trackme.dk\\\/shop\\\/\"},{\"@type\":\"ListItem\",\"position\":3,\"name\":\"TM22: INSURANCE APPROVED TRACKER\"}]},{\"@type\":\"WebSite\",\"@id\":\"https:\\\/\\\/trackme.dk\\\/en\\\/#website\",\"url\":\"https:\\\/\\\/trackme.dk\\\/en\\\/\",\"name\":\"TrackMe.dk\",\"description\":\"TrackMe leverer GPS-trackere, elektronisk k\u00f8rebog, skr\u00e6ddersyede l\u00f8sninger og forsikringsgodkendte sporinger til alle form\u00e5l og k\u00f8ret\u00f8jer. K\u00f8b online.\",\"publisher\":{\"@id\":\"https:\\\/\\\/trackme.dk\\\/en\\\/#organization\"},\"potentialAction\":[{\"@type\":\"SearchAction\",\"target\":{\"@type\":\"EntryPoint\",\"urlTemplate\":\"https:\\\/\\\/trackme.dk\\\/en\\\/?s={search_term_string}\"},\"query-input\":{\"@type\":\"PropertyValueSpecification\",\"valueRequired\":true,\"valueName\":\"search_term_string\"}}],\"inLanguage\":\"en-US\"},{\"@type\":\"Organization\",\"@id\":\"https:\\\/\\\/trackme.dk\\\/en\\\/#organization\",\"name\":\"TrackMe A\\\/S\",\"url\":\"https:\\\/\\\/trackme.dk\\\/en\\\/\",\"logo\":{\"@type\":\"ImageObject\",\"inLanguage\":\"en-US\",\"@id\":\"https:\\\/\\\/trackme.dk\\\/en\\\/#\\\/schema\\\/logo\\\/image\\\/\",\"url\":\"https:\\\/\\\/trackme.dk\\\/wp-content\\\/uploads\\\/cropped-TrackMe-ikon.png\",\"contentUrl\":\"https:\\\/\\\/trackme.dk\\\/wp-content\\\/uploads\\\/cropped-TrackMe-ikon.png\",\"width\":512,\"height\":512,\"caption\":\"TrackMe A\\\/S\"},\"image\":{\"@id\":\"https:\\\/\\\/trackme.dk\\\/en\\\/#\\\/schema\\\/logo\\\/image\\\/\"},\"sameAs\":[\"https:\\\/\\\/www.facebook.com\\\/people\\\/TrackMe\\\/100064072183958\\\/\",\"https:\\\/\\\/www.instagram.com\\\/trackmegps\\\/\"]}]}<\/script>\n<!-- \/ Yoast SEO plugin. -->","yoast_head_json":{"title":"Insurance-approved tracker | Affordable GPS tracker from TrackMe","description":"At TrackMe, we have various GPS trackers for private use. We offer both moveable, fixed, and insurance-approved GPS trackers.","robots":{"index":"index","follow":"follow","max-snippet":"max-snippet:-1","max-image-preview":"max-image-preview:large","max-video-preview":"max-video-preview:-1"},"canonical":"https:\/\/trackme.dk\/en\/vare\/insurance-approved-tracker\/","og_locale":"en_US","og_type":"article","og_title":"Insurance-approved tracker | Affordable GPS tracker from TrackMe","og_description":"At TrackMe, we have various GPS trackers for private use. We offer both moveable, fixed, and insurance-approved GPS trackers.","og_url":"https:\/\/trackme.dk\/en\/vare\/insurance-approved-tracker\/","og_site_name":"GPS-tracker &amp; Navigation | Sporing af bil | Fl\u00e5destyring | K\u00f8b online","article_publisher":"https:\/\/www.facebook.com\/people\/TrackMe\/100064072183958\/","article_modified_time":"2024-12-18T10:38:37+00:00","og_image":[{"width":760,"height":503,"url":"https:\/\/trackme.dk\/wp-content\/uploads\/trackme-tm21.jpg","type":"image\/jpeg"}],"twitter_card":"summary_large_image","twitter_misc":{"Est. reading time":"3 minutes"},"schema":{"@context":"https:\/\/schema.org","@graph":[{"@type":"WebPage","@id":"https:\/\/trackme.dk\/en\/vare\/insurance-approved-tracker\/","url":"https:\/\/trackme.dk\/en\/vare\/insurance-approved-tracker\/","name":"Insurance-approved tracker | Affordable GPS tracker from TrackMe","isPartOf":{"@id":"https:\/\/trackme.dk\/en\/#website"},"primaryImageOfPage":{"@id":"https:\/\/trackme.dk\/en\/vare\/insurance-approved-tracker\/#primaryimage"},"image":{"@id":"https:\/\/trackme.dk\/en\/vare\/insurance-approved-tracker\/#primaryimage"},"thumbnailUrl":"https:\/\/trackme.dk\/wp-content\/uploads\/trackme-tm21.jpg","datePublished":"2020-07-16T09:14:36+00:00","dateModified":"2024-12-18T10:38:37+00:00","description":"At TrackMe, we have various GPS trackers for private use. We offer both moveable, fixed, and insurance-approved GPS trackers.","breadcrumb":{"@id":"https:\/\/trackme.dk\/en\/vare\/insurance-approved-tracker\/#breadcrumb"},"inLanguage":"en-US","potentialAction":[{"@type":"ReadAction","target":["https:\/\/trackme.dk\/en\/vare\/insurance-approved-tracker\/"]}]},{"@type":"ImageObject","inLanguage":"en-US","@id":"https:\/\/trackme.dk\/en\/vare\/insurance-approved-tracker\/#primaryimage","url":"https:\/\/trackme.dk\/wp-content\/uploads\/trackme-tm21.jpg","contentUrl":"https:\/\/trackme.dk\/wp-content\/uploads\/trackme-tm21.jpg","width":760,"height":503},{"@type":"BreadcrumbList","@id":"https:\/\/trackme.dk\/en\/vare\/insurance-approved-tracker\/#breadcrumb","itemListElement":[{"@type":"ListItem","position":1,"name":"Hjem","item":"https:\/\/trackme.dk\/en\/"},{"@type":"ListItem","position":2,"name":"Shop","item":"https:\/\/trackme.dk\/shop\/"},{"@type":"ListItem","position":3,"name":"TM22: INSURANCE APPROVED TRACKER"}]},{"@type":"WebSite","@id":"https:\/\/trackme.dk\/en\/#website","url":"https:\/\/trackme.dk\/en\/","name":"TrackMe.dk","description":"TrackMe leverer GPS-trackere, elektronisk k\u00f8rebog, skr\u00e6ddersyede l\u00f8sninger og forsikringsgodkendte sporinger til alle form\u00e5l og k\u00f8ret\u00f8jer. K\u00f8b online.","publisher":{"@id":"https:\/\/trackme.dk\/en\/#organization"},"potentialAction":[{"@type":"SearchAction","target":{"@type":"EntryPoint","urlTemplate":"https:\/\/trackme.dk\/en\/?s={search_term_string}"},"query-input":{"@type":"PropertyValueSpecification","valueRequired":true,"valueName":"search_term_string"}}],"inLanguage":"en-US"},{"@type":"Organization","@id":"https:\/\/trackme.dk\/en\/#organization","name":"TrackMe A\/S","url":"https:\/\/trackme.dk\/en\/","logo":{"@type":"ImageObject","inLanguage":"en-US","@id":"https:\/\/trackme.dk\/en\/#\/schema\/logo\/image\/","url":"https:\/\/trackme.dk\/wp-content\/uploads\/cropped-TrackMe-ikon.png","contentUrl":"https:\/\/trackme.dk\/wp-content\/uploads\/cropped-TrackMe-ikon.png","width":512,"height":512,"caption":"TrackMe A\/S"},"image":{"@id":"https:\/\/trackme.dk\/en\/#\/schema\/logo\/image\/"},"sameAs":["https:\/\/www.facebook.com\/people\/TrackMe\/100064072183958\/","https:\/\/www.instagram.com\/trackmegps\/"]}]}},"_links":{"self":[{"href":"https:\/\/trackme.dk\/en\/wp-json\/wp\/v2\/product\/3127","targetHints":{"allow":["GET"]}}],"collection":[{"href":"https:\/\/trackme.dk\/en\/wp-json\/wp\/v2\/product"}],"about":[{"href":"https:\/\/trackme.dk\/en\/wp-json\/wp\/v2\/types\/product"}],"wp:featuredmedia":[{"embeddable":true,"href":"https:\/\/trackme.dk\/en\/wp-json\/wp\/v2\/media\/1977"}],"wp:attachment":[{"href":"https:\/\/trackme.dk\/en\/wp-json\/wp\/v2\/media?parent=3127"}],"wp:term":[{"taxonomy":"product_brand","embeddable":true,"href":"https:\/\/trackme.dk\/en\/wp-json\/wp\/v2\/product_brand?post=3127"},{"taxonomy":"product_cat","embeddable":true,"href":"https:\/\/trackme.dk\/en\/wp-json\/wp\/v2\/product_cat?post=3127"},{"taxonomy":"product_tag","embeddable":true,"href":"https:\/\/trackme.dk\/en\/wp-json\/wp\/v2\/product_tag?post=3127"}],"curies":[{"name":"wp","href":"https:\/\/api.w.org\/{rel}","templated":true}]}}