{"id":3125,"date":"2020-07-16T11:13:18","date_gmt":"2020-07-16T09:13:18","guid":{"rendered":"https:\/\/trackme.dk\/vare\/flytbar-tracker-obd-stik\/"},"modified":"2024-12-18T11:38:21","modified_gmt":"2024-12-18T10:38:21","slug":"moveable-tracker-obd-plug","status":"publish","type":"product","link":"https:\/\/trackme.dk\/en\/vare\/moveable-tracker-obd-plug\/","title":{"rendered":"TM14: MOVEABLE TRACKER (OBD-PLUG)"},"content":{"rendered":"<h2><b>Track your car easily and efficiently with a moveable OBD GPS-tracker<\/b><\/h2>\n<p>TrackMe TM14 provides the easiest tracking solution because the tracker does not require installation to the car&#8217;s wiring system. We have two different portable GPS trackers, ensuring that a tracker can be installed regardless of the car&#8217;s age and model. The other moveable variant, TM12, is mounted directly on the vehicle&#8217;s battery \u2013 <a href=\"https:\/\/trackme.dk\/en\/vare\/moveable-tracker-battery-mounted\/\">read more about it here<\/a>.<\/p>\n<p><b>OBD-tracker:<\/b>\u00a0This variant is adapted to the car&#8217;s diagnostic port, also known as the OBD port. The tracker is powered through the port, and therefore, no further action is required once it is installed. The tracker is small and discreet and normally not noticed once in place.<\/p>\n<p>Some car models may not provide enough space for the GPS tracker directly in the diagnostic port. The TM14 tracker requires five cm of space in front of the port. If your car has less than 5 cm space, it can be solved by purchasing an <a href=\"https:\/\/trackme.dk\/en\/vare\/extension-cable\/\">OBD extension cable<\/a>.<\/p>\n<p>The OBD tracker also registers if it is removed from the port, making it possible to document attempts to obstruct tracking. If you prefer a non-movable tracking device, you can read more about our fixed model, <a href=\"https:\/\/trackme.dk\/en\/vare\/permanently-installed-tracker\/\">TrackMe TM16, here<\/a>.<\/p>\n<h3>The package includes:<\/h3>\n<p>\u2192 TrackMe GPS-TM14 tracking device<br \/>\n\u2192 SIM card with coverage throughout the EU<br \/>\n\u2192 Subscription (8 days included \u2013 optionally purchase 1 year immediately)<br \/>\n\u2192 User manual<br \/>\n\u2192 Login and access to TrackMe\u2019s secure online tracking panel<\/p>\n<h2>Regarding subscription<\/h2>\n<p class=\"p1\">Note that only eight days of subscription are included. Therefore, you need to purchase the subscription separately to continue accessing the tracking panel. When you purchase a tracker, you have the option to buy a 1-year subscription in the webshop, or you can extend the subscription in the panel within the eight included days. Read more about our <a href=\"https:\/\/trackme.dk\/en\/subscriptions\/\">subscriptions<\/a>.<\/p>\n","protected":false},"excerpt":{"rendered":"<p>From <span class=\"woocommerce-Price-currencySymbol\">DKK<\/span> 1396,00 + VAT<\/p>\n<p>Compatible with electronic driving records and \/ or fleet management.<\/p>\n<h3>Our portable GPS tracker can:<\/h3>\n<ul>\n<li>Be easily and quickly mounted without a mechanic.<\/li>\n<li>Comes with a SIM card covering the entire EU.<\/li>\n<li>Connect to both <a href=\"https:\/\/trackme.dk\/en\/fleet-management\/\">fleet management<\/a> and <a href=\"https:\/\/trackme.dk\/en\/electronic-driving-record\/\">mileage log<\/a>.<\/li>\n<li>Be installed in any vehicle with an OBD-plug.<\/li>\n<li>Be moved between several vehicles.<\/li>\n<li>Be used for both private and business.<\/li>\n<li>Monitor vehicle fleets.<\/li>\n<li>Document breaks, speed, and location.<\/li>\n<li>Be used for reporting mileage deductions.<\/li>\n<li>Be set to alert for specific events.<\/li>\n<li>Be customized to your needs.<\/li>\n<\/ul>\n<p>NOTE! Custom solutions may incur additional costs. Contact us at <a href=\"tel:+4570701710\">+45 70 701 710<\/a> if you want to know more about customization of your tracker.<\/p>\n","protected":false},"featured_media":1975,"template":"","meta":[],"product_brand":[],"product_cat":[15],"product_tag":[],"class_list":{"0":"post-3125","1":"product","2":"type-product","3":"status-publish","4":"has-post-thumbnail","6":"product_cat-ukategoriseret","8":"first","9":"instock","10":"taxable","11":"shipping-taxable","12":"purchasable","13":"product-type-simple"},"yoast_head":"<!-- This site is optimized with the Yoast SEO plugin v27.3 - https:\/\/yoast.com\/product\/yoast-seo-wordpress\/ -->\n<title>Moveable GPS tracker for OBD plug | Buy Online | TrackMe<\/title>\n<meta name=\"description\" content=\"See how TrackMe has implemented GPS tracking for customer cases. We offer specialized tracking solutions for individuals and businesses with GPS tracking.\" \/>\n<meta name=\"robots\" content=\"index, follow, max-snippet:-1, max-image-preview:large, max-video-preview:-1\" \/>\n<link rel=\"canonical\" href=\"https:\/\/trackme.dk\/en\/vare\/moveable-tracker-obd-plug\/\" \/>\n<meta property=\"og:locale\" content=\"en_US\" \/>\n<meta property=\"og:type\" content=\"article\" \/>\n<meta property=\"og:title\" content=\"Moveable GPS tracker for OBD plug | Buy Online | TrackMe\" \/>\n<meta property=\"og:description\" content=\"See how TrackMe has implemented GPS tracking for customer cases. We offer specialized tracking solutions for individuals and businesses with GPS tracking.\" \/>\n<meta property=\"og:url\" content=\"https:\/\/trackme.dk\/en\/vare\/moveable-tracker-obd-plug\/\" \/>\n<meta property=\"og:site_name\" content=\"GPS-tracker &amp; Navigation | Sporing af bil | Fl\u00e5destyring | K\u00f8b online\" \/>\n<meta property=\"article:publisher\" content=\"https:\/\/www.facebook.com\/people\/TrackMe\/100064072183958\/\" \/>\n<meta property=\"article:modified_time\" content=\"2024-12-18T10:38:21+00:00\" \/>\n<meta property=\"og:image\" content=\"https:\/\/trackme.dk\/wp-content\/uploads\/trackme-tm14.jpg\" \/>\n\t<meta property=\"og:image:width\" content=\"760\" \/>\n\t<meta property=\"og:image:height\" content=\"503\" \/>\n\t<meta property=\"og:image:type\" content=\"image\/jpeg\" \/>\n<meta name=\"twitter:card\" content=\"summary_large_image\" \/>\n<meta name=\"twitter:label1\" content=\"Est. reading time\" \/>\n\t<meta name=\"twitter:data1\" content=\"2 minutes\" \/>\n<script type=\"application\/ld+json\" class=\"yoast-schema-graph\">{\"@context\":\"https:\\\/\\\/schema.org\",\"@graph\":[{\"@type\":\"WebPage\",\"@id\":\"https:\\\/\\\/trackme.dk\\\/en\\\/vare\\\/moveable-tracker-obd-plug\\\/\",\"url\":\"https:\\\/\\\/trackme.dk\\\/en\\\/vare\\\/moveable-tracker-obd-plug\\\/\",\"name\":\"Moveable GPS tracker for OBD plug | Buy Online | TrackMe\",\"isPartOf\":{\"@id\":\"https:\\\/\\\/trackme.dk\\\/en\\\/#website\"},\"primaryImageOfPage\":{\"@id\":\"https:\\\/\\\/trackme.dk\\\/en\\\/vare\\\/moveable-tracker-obd-plug\\\/#primaryimage\"},\"image\":{\"@id\":\"https:\\\/\\\/trackme.dk\\\/en\\\/vare\\\/moveable-tracker-obd-plug\\\/#primaryimage\"},\"thumbnailUrl\":\"https:\\\/\\\/trackme.dk\\\/wp-content\\\/uploads\\\/trackme-tm14.jpg\",\"datePublished\":\"2020-07-16T09:13:18+00:00\",\"dateModified\":\"2024-12-18T10:38:21+00:00\",\"description\":\"See how TrackMe has implemented GPS tracking for customer cases. We offer specialized tracking solutions for individuals and businesses with GPS tracking.\",\"breadcrumb\":{\"@id\":\"https:\\\/\\\/trackme.dk\\\/en\\\/vare\\\/moveable-tracker-obd-plug\\\/#breadcrumb\"},\"inLanguage\":\"en-US\",\"potentialAction\":[{\"@type\":\"ReadAction\",\"target\":[\"https:\\\/\\\/trackme.dk\\\/en\\\/vare\\\/moveable-tracker-obd-plug\\\/\"]}]},{\"@type\":\"ImageObject\",\"inLanguage\":\"en-US\",\"@id\":\"https:\\\/\\\/trackme.dk\\\/en\\\/vare\\\/moveable-tracker-obd-plug\\\/#primaryimage\",\"url\":\"https:\\\/\\\/trackme.dk\\\/wp-content\\\/uploads\\\/trackme-tm14.jpg\",\"contentUrl\":\"https:\\\/\\\/trackme.dk\\\/wp-content\\\/uploads\\\/trackme-tm14.jpg\",\"width\":760,\"height\":503},{\"@type\":\"BreadcrumbList\",\"@id\":\"https:\\\/\\\/trackme.dk\\\/en\\\/vare\\\/moveable-tracker-obd-plug\\\/#breadcrumb\",\"itemListElement\":[{\"@type\":\"ListItem\",\"position\":1,\"name\":\"Hjem\",\"item\":\"https:\\\/\\\/trackme.dk\\\/en\\\/\"},{\"@type\":\"ListItem\",\"position\":2,\"name\":\"Shop\",\"item\":\"https:\\\/\\\/trackme.dk\\\/shop\\\/\"},{\"@type\":\"ListItem\",\"position\":3,\"name\":\"TM14: MOVEABLE TRACKER (OBD-PLUG)\"}]},{\"@type\":\"WebSite\",\"@id\":\"https:\\\/\\\/trackme.dk\\\/en\\\/#website\",\"url\":\"https:\\\/\\\/trackme.dk\\\/en\\\/\",\"name\":\"TrackMe.dk\",\"description\":\"TrackMe leverer GPS-trackere, elektronisk k\u00f8rebog, skr\u00e6ddersyede l\u00f8sninger og forsikringsgodkendte sporinger til alle form\u00e5l og k\u00f8ret\u00f8jer. K\u00f8b online.\",\"publisher\":{\"@id\":\"https:\\\/\\\/trackme.dk\\\/en\\\/#organization\"},\"potentialAction\":[{\"@type\":\"SearchAction\",\"target\":{\"@type\":\"EntryPoint\",\"urlTemplate\":\"https:\\\/\\\/trackme.dk\\\/en\\\/?s={search_term_string}\"},\"query-input\":{\"@type\":\"PropertyValueSpecification\",\"valueRequired\":true,\"valueName\":\"search_term_string\"}}],\"inLanguage\":\"en-US\"},{\"@type\":\"Organization\",\"@id\":\"https:\\\/\\\/trackme.dk\\\/en\\\/#organization\",\"name\":\"TrackMe A\\\/S\",\"url\":\"https:\\\/\\\/trackme.dk\\\/en\\\/\",\"logo\":{\"@type\":\"ImageObject\",\"inLanguage\":\"en-US\",\"@id\":\"https:\\\/\\\/trackme.dk\\\/en\\\/#\\\/schema\\\/logo\\\/image\\\/\",\"url\":\"https:\\\/\\\/trackme.dk\\\/wp-content\\\/uploads\\\/cropped-TrackMe-ikon.png\",\"contentUrl\":\"https:\\\/\\\/trackme.dk\\\/wp-content\\\/uploads\\\/cropped-TrackMe-ikon.png\",\"width\":512,\"height\":512,\"caption\":\"TrackMe A\\\/S\"},\"image\":{\"@id\":\"https:\\\/\\\/trackme.dk\\\/en\\\/#\\\/schema\\\/logo\\\/image\\\/\"},\"sameAs\":[\"https:\\\/\\\/www.facebook.com\\\/people\\\/TrackMe\\\/100064072183958\\\/\",\"https:\\\/\\\/www.instagram.com\\\/trackmegps\\\/\"]}]}<\/script>\n<!-- \/ Yoast SEO plugin. -->","yoast_head_json":{"title":"Moveable GPS tracker for OBD plug | Buy Online | TrackMe","description":"See how TrackMe has implemented GPS tracking for customer cases. We offer specialized tracking solutions for individuals and businesses with GPS tracking.","robots":{"index":"index","follow":"follow","max-snippet":"max-snippet:-1","max-image-preview":"max-image-preview:large","max-video-preview":"max-video-preview:-1"},"canonical":"https:\/\/trackme.dk\/en\/vare\/moveable-tracker-obd-plug\/","og_locale":"en_US","og_type":"article","og_title":"Moveable GPS tracker for OBD plug | Buy Online | TrackMe","og_description":"See how TrackMe has implemented GPS tracking for customer cases. We offer specialized tracking solutions for individuals and businesses with GPS tracking.","og_url":"https:\/\/trackme.dk\/en\/vare\/moveable-tracker-obd-plug\/","og_site_name":"GPS-tracker &amp; Navigation | Sporing af bil | Fl\u00e5destyring | K\u00f8b online","article_publisher":"https:\/\/www.facebook.com\/people\/TrackMe\/100064072183958\/","article_modified_time":"2024-12-18T10:38:21+00:00","og_image":[{"width":760,"height":503,"url":"https:\/\/trackme.dk\/wp-content\/uploads\/trackme-tm14.jpg","type":"image\/jpeg"}],"twitter_card":"summary_large_image","twitter_misc":{"Est. reading time":"2 minutes"},"schema":{"@context":"https:\/\/schema.org","@graph":[{"@type":"WebPage","@id":"https:\/\/trackme.dk\/en\/vare\/moveable-tracker-obd-plug\/","url":"https:\/\/trackme.dk\/en\/vare\/moveable-tracker-obd-plug\/","name":"Moveable GPS tracker for OBD plug | Buy Online | TrackMe","isPartOf":{"@id":"https:\/\/trackme.dk\/en\/#website"},"primaryImageOfPage":{"@id":"https:\/\/trackme.dk\/en\/vare\/moveable-tracker-obd-plug\/#primaryimage"},"image":{"@id":"https:\/\/trackme.dk\/en\/vare\/moveable-tracker-obd-plug\/#primaryimage"},"thumbnailUrl":"https:\/\/trackme.dk\/wp-content\/uploads\/trackme-tm14.jpg","datePublished":"2020-07-16T09:13:18+00:00","dateModified":"2024-12-18T10:38:21+00:00","description":"See how TrackMe has implemented GPS tracking for customer cases. We offer specialized tracking solutions for individuals and businesses with GPS tracking.","breadcrumb":{"@id":"https:\/\/trackme.dk\/en\/vare\/moveable-tracker-obd-plug\/#breadcrumb"},"inLanguage":"en-US","potentialAction":[{"@type":"ReadAction","target":["https:\/\/trackme.dk\/en\/vare\/moveable-tracker-obd-plug\/"]}]},{"@type":"ImageObject","inLanguage":"en-US","@id":"https:\/\/trackme.dk\/en\/vare\/moveable-tracker-obd-plug\/#primaryimage","url":"https:\/\/trackme.dk\/wp-content\/uploads\/trackme-tm14.jpg","contentUrl":"https:\/\/trackme.dk\/wp-content\/uploads\/trackme-tm14.jpg","width":760,"height":503},{"@type":"BreadcrumbList","@id":"https:\/\/trackme.dk\/en\/vare\/moveable-tracker-obd-plug\/#breadcrumb","itemListElement":[{"@type":"ListItem","position":1,"name":"Hjem","item":"https:\/\/trackme.dk\/en\/"},{"@type":"ListItem","position":2,"name":"Shop","item":"https:\/\/trackme.dk\/shop\/"},{"@type":"ListItem","position":3,"name":"TM14: MOVEABLE TRACKER (OBD-PLUG)"}]},{"@type":"WebSite","@id":"https:\/\/trackme.dk\/en\/#website","url":"https:\/\/trackme.dk\/en\/","name":"TrackMe.dk","description":"TrackMe leverer GPS-trackere, elektronisk k\u00f8rebog, skr\u00e6ddersyede l\u00f8sninger og forsikringsgodkendte sporinger til alle form\u00e5l og k\u00f8ret\u00f8jer. K\u00f8b online.","publisher":{"@id":"https:\/\/trackme.dk\/en\/#organization"},"potentialAction":[{"@type":"SearchAction","target":{"@type":"EntryPoint","urlTemplate":"https:\/\/trackme.dk\/en\/?s={search_term_string}"},"query-input":{"@type":"PropertyValueSpecification","valueRequired":true,"valueName":"search_term_string"}}],"inLanguage":"en-US"},{"@type":"Organization","@id":"https:\/\/trackme.dk\/en\/#organization","name":"TrackMe A\/S","url":"https:\/\/trackme.dk\/en\/","logo":{"@type":"ImageObject","inLanguage":"en-US","@id":"https:\/\/trackme.dk\/en\/#\/schema\/logo\/image\/","url":"https:\/\/trackme.dk\/wp-content\/uploads\/cropped-TrackMe-ikon.png","contentUrl":"https:\/\/trackme.dk\/wp-content\/uploads\/cropped-TrackMe-ikon.png","width":512,"height":512,"caption":"TrackMe A\/S"},"image":{"@id":"https:\/\/trackme.dk\/en\/#\/schema\/logo\/image\/"},"sameAs":["https:\/\/www.facebook.com\/people\/TrackMe\/100064072183958\/","https:\/\/www.instagram.com\/trackmegps\/"]}]}},"_links":{"self":[{"href":"https:\/\/trackme.dk\/en\/wp-json\/wp\/v2\/product\/3125","targetHints":{"allow":["GET"]}}],"collection":[{"href":"https:\/\/trackme.dk\/en\/wp-json\/wp\/v2\/product"}],"about":[{"href":"https:\/\/trackme.dk\/en\/wp-json\/wp\/v2\/types\/product"}],"wp:featuredmedia":[{"embeddable":true,"href":"https:\/\/trackme.dk\/en\/wp-json\/wp\/v2\/media\/1975"}],"wp:attachment":[{"href":"https:\/\/trackme.dk\/en\/wp-json\/wp\/v2\/media?parent=3125"}],"wp:term":[{"taxonomy":"product_brand","embeddable":true,"href":"https:\/\/trackme.dk\/en\/wp-json\/wp\/v2\/product_brand?post=3125"},{"taxonomy":"product_cat","embeddable":true,"href":"https:\/\/trackme.dk\/en\/wp-json\/wp\/v2\/product_cat?post=3125"},{"taxonomy":"product_tag","embeddable":true,"href":"https:\/\/trackme.dk\/en\/wp-json\/wp\/v2\/product_tag?post=3125"}],"curies":[{"name":"wp","href":"https:\/\/api.w.org\/{rel}","templated":true}]}}