{"id":3123,"date":"2020-06-22T13:45:49","date_gmt":"2020-06-22T11:45:49","guid":{"rendered":"https:\/\/trackme.dk\/vare\/flytbar-tracker-batteri-monteret\/"},"modified":"2024-12-18T11:38:12","modified_gmt":"2024-12-18T10:38:12","slug":"moveable-tracker-battery-mounted","status":"publish","type":"product","link":"https:\/\/trackme.dk\/en\/vare\/moveable-tracker-battery-mounted\/","title":{"rendered":"TM12: MOVEABLE TRACKER (BATTERY-MOUNTED)"},"content":{"rendered":"<h2>Track your car easily and efficiently with a battery-mounted GPS-tracker<\/h2>\n<p>TrackMe TM12 is mounted directly on the car&#8217;s battery and, therefore, does not require access to the car&#8217;s wiring system. The TM12 tracker is one of two portable models &#8211; if your car has an <a href=\"https:\/\/trackme.dk\/en\/vare\/moveable-tracker-obd-plug\/\">OBD port, TM14<\/a> could also be an option for you.<\/p>\n<p><b>Battery-tracker:<\/b> If your car does not have an OBD port, or if you want to track another type of vehicle, our battery tracker may be the easies solution. It is simply mounted directly on the vehicle&#8217;s battery, where two forks\/cable shoes are fastened to the positive and negative poles.<\/p>\n<p>The tracker&#8217;s dimensions are L: 9 cm, W: 5 cm, H: 1.5 cm, making it possible to mount on all types of motorcycles, construction machinery, and other vehicles without being visible. In cars, it is easily concealed under the hood or in the trunk.<\/p>\n<p>TM12 is compatible with both our <a href=\"https:\/\/trackme.dk\/en\/electronic-driving-record\/\">electronic mileage log<\/a> and <a href=\"https:\/\/trackme.dk\/en\/fleet-management\/\">fleet management system<\/a>, and can be used to keep the overview of vehicle fleets.<\/p>\n<p>The tracker also registers if it is removed from the battery mount, making it possible to document attempts to obstruct tracking. If you prefer a non-movable tracking device, you can read more about our fixed \/ permanently installed model, <a href=\"https:\/\/trackme.dk\/en\/vare\/permanently-installed-tracker\/\">TrackMe TM16<\/a>.<\/p>\n<h2><b>The package includes:\u00a0<\/b><\/h2>\n<p>\u2192 TrackMe GPS-TM12 tracking device<br \/>\n\u2192 SIM card with coverage throughout the EU<br \/>\n\u2192 Subscription (8 days included &#8211; optionally purchase 1 year immediately)<br \/>\n\u2192 User manual<br \/>\n\u2192 Login and access to TrackMe&#8217;s secure online tracking panel<\/p>\n<h2>Regarding subscription<\/h2>\n<p class=\"p1\">Note that only eight days of subscription are included. Therefore, you need to purchase the subscription separately to continue accessing the tracking panel. When you purchase a tracker, you have the option to buy a 1-year subscription in the webshop, or you can extend the subscription in the panel within the eight included days. Read more about our <a href=\"https:\/\/trackme.dk\/en\/subscriptions\/\">subscriptions<\/a>.<\/p>\n","protected":false},"excerpt":{"rendered":"<p>From <span class=\"woocommerce-Price-currencySymbol\">DKK<\/span> 1,396.00 + VAT<\/p>\n<p class=\"subtitle\">Compatible with electronic driving records and \/ or fleet management.<\/p>\n<h3>Our portable GPS tracker can:<\/h3>\n<ul>\n<li>Be easily and quickly mounted without a mechanic.<\/li>\n<li>Comes with a SIM card covering the entire EU.<\/li>\n<li>Connect to both <a href=\"https:\/\/trackme.dk\/en\/fleet-management\/\">fleet management<\/a> and <a href=\"https:\/\/trackme.dk\/en\/electronic-driving-record\/\">mileage log<\/a>.<\/li>\n<li>Be installed in all types of cars, motorcycles, and construction machinery.<\/li>\n<li>Be moved between several vehicles.<\/li>\n<li>Be used for both private and business.<\/li>\n<li>Monitor vehicle fleets.<\/li>\n<li>Document breaks, speed, and location.<\/li>\n<li>Be used for reporting mileage deductions.<\/li>\n<li>Be set to alert for specific events.<\/li>\n<li>Be customized to your needs.<\/li>\n<\/ul>\n","protected":false},"featured_media":1974,"template":"","meta":[],"product_brand":[],"product_cat":[15],"product_tag":[],"class_list":{"0":"post-3123","1":"product","2":"type-product","3":"status-publish","4":"has-post-thumbnail","6":"product_cat-ukategoriseret","8":"first","9":"instock","10":"taxable","11":"shipping-taxable","12":"purchasable","13":"product-type-simple"},"yoast_head":"<!-- This site is optimized with the Yoast SEO plugin v27.3 - https:\/\/yoast.com\/product\/yoast-seo-wordpress\/ -->\n<title>Portable GPS-tracker | Battery mounted GPS-tracking | Buy online<\/title>\n<meta name=\"description\" content=\"Keep track of your driving with electronic mileage records. Approved for reporting mileage deductions and much more. Buy GPS-tracking online today.\" \/>\n<meta name=\"robots\" content=\"index, follow, max-snippet:-1, max-image-preview:large, max-video-preview:-1\" \/>\n<link rel=\"canonical\" href=\"https:\/\/trackme.dk\/en\/vare\/moveable-tracker-battery-mounted\/\" \/>\n<meta property=\"og:locale\" content=\"en_US\" \/>\n<meta property=\"og:type\" content=\"article\" \/>\n<meta property=\"og:title\" content=\"Portable GPS-tracker | Battery mounted GPS-tracking | Buy online\" \/>\n<meta property=\"og:description\" content=\"Keep track of your driving with electronic mileage records. Approved for reporting mileage deductions and much more. Buy GPS-tracking online today.\" \/>\n<meta property=\"og:url\" content=\"https:\/\/trackme.dk\/en\/vare\/moveable-tracker-battery-mounted\/\" \/>\n<meta property=\"og:site_name\" content=\"GPS-tracker &amp; Navigation | Sporing af bil | Fl\u00e5destyring | K\u00f8b online\" \/>\n<meta property=\"article:publisher\" content=\"https:\/\/www.facebook.com\/people\/TrackMe\/100064072183958\/\" \/>\n<meta property=\"article:modified_time\" content=\"2024-12-18T10:38:12+00:00\" \/>\n<meta property=\"og:image\" content=\"https:\/\/trackme.dk\/wp-content\/uploads\/trackme-tm12.jpg\" \/>\n\t<meta property=\"og:image:width\" content=\"760\" \/>\n\t<meta property=\"og:image:height\" content=\"503\" \/>\n\t<meta property=\"og:image:type\" content=\"image\/jpeg\" \/>\n<meta name=\"twitter:card\" content=\"summary_large_image\" \/>\n<meta name=\"twitter:label1\" content=\"Est. reading time\" \/>\n\t<meta name=\"twitter:data1\" content=\"2 minutes\" \/>\n<script type=\"application\/ld+json\" class=\"yoast-schema-graph\">{\"@context\":\"https:\\\/\\\/schema.org\",\"@graph\":[{\"@type\":\"WebPage\",\"@id\":\"https:\\\/\\\/trackme.dk\\\/en\\\/vare\\\/moveable-tracker-battery-mounted\\\/\",\"url\":\"https:\\\/\\\/trackme.dk\\\/en\\\/vare\\\/moveable-tracker-battery-mounted\\\/\",\"name\":\"Portable GPS-tracker | Battery mounted GPS-tracking | Buy online\",\"isPartOf\":{\"@id\":\"https:\\\/\\\/trackme.dk\\\/en\\\/#website\"},\"primaryImageOfPage\":{\"@id\":\"https:\\\/\\\/trackme.dk\\\/en\\\/vare\\\/moveable-tracker-battery-mounted\\\/#primaryimage\"},\"image\":{\"@id\":\"https:\\\/\\\/trackme.dk\\\/en\\\/vare\\\/moveable-tracker-battery-mounted\\\/#primaryimage\"},\"thumbnailUrl\":\"https:\\\/\\\/trackme.dk\\\/wp-content\\\/uploads\\\/trackme-tm12.jpg\",\"datePublished\":\"2020-06-22T11:45:49+00:00\",\"dateModified\":\"2024-12-18T10:38:12+00:00\",\"description\":\"Keep track of your driving with electronic mileage records. Approved for reporting mileage deductions and much more. Buy GPS-tracking online today.\",\"breadcrumb\":{\"@id\":\"https:\\\/\\\/trackme.dk\\\/en\\\/vare\\\/moveable-tracker-battery-mounted\\\/#breadcrumb\"},\"inLanguage\":\"en-US\",\"potentialAction\":[{\"@type\":\"ReadAction\",\"target\":[\"https:\\\/\\\/trackme.dk\\\/en\\\/vare\\\/moveable-tracker-battery-mounted\\\/\"]}]},{\"@type\":\"ImageObject\",\"inLanguage\":\"en-US\",\"@id\":\"https:\\\/\\\/trackme.dk\\\/en\\\/vare\\\/moveable-tracker-battery-mounted\\\/#primaryimage\",\"url\":\"https:\\\/\\\/trackme.dk\\\/wp-content\\\/uploads\\\/trackme-tm12.jpg\",\"contentUrl\":\"https:\\\/\\\/trackme.dk\\\/wp-content\\\/uploads\\\/trackme-tm12.jpg\",\"width\":760,\"height\":503},{\"@type\":\"BreadcrumbList\",\"@id\":\"https:\\\/\\\/trackme.dk\\\/en\\\/vare\\\/moveable-tracker-battery-mounted\\\/#breadcrumb\",\"itemListElement\":[{\"@type\":\"ListItem\",\"position\":1,\"name\":\"Hjem\",\"item\":\"https:\\\/\\\/trackme.dk\\\/en\\\/\"},{\"@type\":\"ListItem\",\"position\":2,\"name\":\"Shop\",\"item\":\"https:\\\/\\\/trackme.dk\\\/shop\\\/\"},{\"@type\":\"ListItem\",\"position\":3,\"name\":\"TM12: MOVEABLE TRACKER (BATTERY-MOUNTED)\"}]},{\"@type\":\"WebSite\",\"@id\":\"https:\\\/\\\/trackme.dk\\\/en\\\/#website\",\"url\":\"https:\\\/\\\/trackme.dk\\\/en\\\/\",\"name\":\"TrackMe.dk\",\"description\":\"TrackMe leverer GPS-trackere, elektronisk k\u00f8rebog, skr\u00e6ddersyede l\u00f8sninger og forsikringsgodkendte sporinger til alle form\u00e5l og k\u00f8ret\u00f8jer. K\u00f8b online.\",\"publisher\":{\"@id\":\"https:\\\/\\\/trackme.dk\\\/en\\\/#organization\"},\"potentialAction\":[{\"@type\":\"SearchAction\",\"target\":{\"@type\":\"EntryPoint\",\"urlTemplate\":\"https:\\\/\\\/trackme.dk\\\/en\\\/?s={search_term_string}\"},\"query-input\":{\"@type\":\"PropertyValueSpecification\",\"valueRequired\":true,\"valueName\":\"search_term_string\"}}],\"inLanguage\":\"en-US\"},{\"@type\":\"Organization\",\"@id\":\"https:\\\/\\\/trackme.dk\\\/en\\\/#organization\",\"name\":\"TrackMe A\\\/S\",\"url\":\"https:\\\/\\\/trackme.dk\\\/en\\\/\",\"logo\":{\"@type\":\"ImageObject\",\"inLanguage\":\"en-US\",\"@id\":\"https:\\\/\\\/trackme.dk\\\/en\\\/#\\\/schema\\\/logo\\\/image\\\/\",\"url\":\"https:\\\/\\\/trackme.dk\\\/wp-content\\\/uploads\\\/cropped-TrackMe-ikon.png\",\"contentUrl\":\"https:\\\/\\\/trackme.dk\\\/wp-content\\\/uploads\\\/cropped-TrackMe-ikon.png\",\"width\":512,\"height\":512,\"caption\":\"TrackMe A\\\/S\"},\"image\":{\"@id\":\"https:\\\/\\\/trackme.dk\\\/en\\\/#\\\/schema\\\/logo\\\/image\\\/\"},\"sameAs\":[\"https:\\\/\\\/www.facebook.com\\\/people\\\/TrackMe\\\/100064072183958\\\/\",\"https:\\\/\\\/www.instagram.com\\\/trackmegps\\\/\"]}]}<\/script>\n<!-- \/ Yoast SEO plugin. -->","yoast_head_json":{"title":"Portable GPS-tracker | Battery mounted GPS-tracking | Buy online","description":"Keep track of your driving with electronic mileage records. Approved for reporting mileage deductions and much more. Buy GPS-tracking online today.","robots":{"index":"index","follow":"follow","max-snippet":"max-snippet:-1","max-image-preview":"max-image-preview:large","max-video-preview":"max-video-preview:-1"},"canonical":"https:\/\/trackme.dk\/en\/vare\/moveable-tracker-battery-mounted\/","og_locale":"en_US","og_type":"article","og_title":"Portable GPS-tracker | Battery mounted GPS-tracking | Buy online","og_description":"Keep track of your driving with electronic mileage records. Approved for reporting mileage deductions and much more. Buy GPS-tracking online today.","og_url":"https:\/\/trackme.dk\/en\/vare\/moveable-tracker-battery-mounted\/","og_site_name":"GPS-tracker &amp; Navigation | Sporing af bil | Fl\u00e5destyring | K\u00f8b online","article_publisher":"https:\/\/www.facebook.com\/people\/TrackMe\/100064072183958\/","article_modified_time":"2024-12-18T10:38:12+00:00","og_image":[{"width":760,"height":503,"url":"https:\/\/trackme.dk\/wp-content\/uploads\/trackme-tm12.jpg","type":"image\/jpeg"}],"twitter_card":"summary_large_image","twitter_misc":{"Est. reading time":"2 minutes"},"schema":{"@context":"https:\/\/schema.org","@graph":[{"@type":"WebPage","@id":"https:\/\/trackme.dk\/en\/vare\/moveable-tracker-battery-mounted\/","url":"https:\/\/trackme.dk\/en\/vare\/moveable-tracker-battery-mounted\/","name":"Portable GPS-tracker | Battery mounted GPS-tracking | Buy online","isPartOf":{"@id":"https:\/\/trackme.dk\/en\/#website"},"primaryImageOfPage":{"@id":"https:\/\/trackme.dk\/en\/vare\/moveable-tracker-battery-mounted\/#primaryimage"},"image":{"@id":"https:\/\/trackme.dk\/en\/vare\/moveable-tracker-battery-mounted\/#primaryimage"},"thumbnailUrl":"https:\/\/trackme.dk\/wp-content\/uploads\/trackme-tm12.jpg","datePublished":"2020-06-22T11:45:49+00:00","dateModified":"2024-12-18T10:38:12+00:00","description":"Keep track of your driving with electronic mileage records. Approved for reporting mileage deductions and much more. Buy GPS-tracking online today.","breadcrumb":{"@id":"https:\/\/trackme.dk\/en\/vare\/moveable-tracker-battery-mounted\/#breadcrumb"},"inLanguage":"en-US","potentialAction":[{"@type":"ReadAction","target":["https:\/\/trackme.dk\/en\/vare\/moveable-tracker-battery-mounted\/"]}]},{"@type":"ImageObject","inLanguage":"en-US","@id":"https:\/\/trackme.dk\/en\/vare\/moveable-tracker-battery-mounted\/#primaryimage","url":"https:\/\/trackme.dk\/wp-content\/uploads\/trackme-tm12.jpg","contentUrl":"https:\/\/trackme.dk\/wp-content\/uploads\/trackme-tm12.jpg","width":760,"height":503},{"@type":"BreadcrumbList","@id":"https:\/\/trackme.dk\/en\/vare\/moveable-tracker-battery-mounted\/#breadcrumb","itemListElement":[{"@type":"ListItem","position":1,"name":"Hjem","item":"https:\/\/trackme.dk\/en\/"},{"@type":"ListItem","position":2,"name":"Shop","item":"https:\/\/trackme.dk\/shop\/"},{"@type":"ListItem","position":3,"name":"TM12: MOVEABLE TRACKER (BATTERY-MOUNTED)"}]},{"@type":"WebSite","@id":"https:\/\/trackme.dk\/en\/#website","url":"https:\/\/trackme.dk\/en\/","name":"TrackMe.dk","description":"TrackMe leverer GPS-trackere, elektronisk k\u00f8rebog, skr\u00e6ddersyede l\u00f8sninger og forsikringsgodkendte sporinger til alle form\u00e5l og k\u00f8ret\u00f8jer. K\u00f8b online.","publisher":{"@id":"https:\/\/trackme.dk\/en\/#organization"},"potentialAction":[{"@type":"SearchAction","target":{"@type":"EntryPoint","urlTemplate":"https:\/\/trackme.dk\/en\/?s={search_term_string}"},"query-input":{"@type":"PropertyValueSpecification","valueRequired":true,"valueName":"search_term_string"}}],"inLanguage":"en-US"},{"@type":"Organization","@id":"https:\/\/trackme.dk\/en\/#organization","name":"TrackMe A\/S","url":"https:\/\/trackme.dk\/en\/","logo":{"@type":"ImageObject","inLanguage":"en-US","@id":"https:\/\/trackme.dk\/en\/#\/schema\/logo\/image\/","url":"https:\/\/trackme.dk\/wp-content\/uploads\/cropped-TrackMe-ikon.png","contentUrl":"https:\/\/trackme.dk\/wp-content\/uploads\/cropped-TrackMe-ikon.png","width":512,"height":512,"caption":"TrackMe A\/S"},"image":{"@id":"https:\/\/trackme.dk\/en\/#\/schema\/logo\/image\/"},"sameAs":["https:\/\/www.facebook.com\/people\/TrackMe\/100064072183958\/","https:\/\/www.instagram.com\/trackmegps\/"]}]}},"_links":{"self":[{"href":"https:\/\/trackme.dk\/en\/wp-json\/wp\/v2\/product\/3123","targetHints":{"allow":["GET"]}}],"collection":[{"href":"https:\/\/trackme.dk\/en\/wp-json\/wp\/v2\/product"}],"about":[{"href":"https:\/\/trackme.dk\/en\/wp-json\/wp\/v2\/types\/product"}],"wp:featuredmedia":[{"embeddable":true,"href":"https:\/\/trackme.dk\/en\/wp-json\/wp\/v2\/media\/1974"}],"wp:attachment":[{"href":"https:\/\/trackme.dk\/en\/wp-json\/wp\/v2\/media?parent=3123"}],"wp:term":[{"taxonomy":"product_brand","embeddable":true,"href":"https:\/\/trackme.dk\/en\/wp-json\/wp\/v2\/product_brand?post=3123"},{"taxonomy":"product_cat","embeddable":true,"href":"https:\/\/trackme.dk\/en\/wp-json\/wp\/v2\/product_cat?post=3123"},{"taxonomy":"product_tag","embeddable":true,"href":"https:\/\/trackme.dk\/en\/wp-json\/wp\/v2\/product_tag?post=3123"}],"curies":[{"name":"wp","href":"https:\/\/api.w.org\/{rel}","templated":true}]}}