{"id":3120,"date":"2020-08-31T10:57:47","date_gmt":"2020-08-31T08:57:47","guid":{"rendered":"https:\/\/trackme.dk\/vare\/forlaenger-kabel\/"},"modified":"2023-11-29T17:20:05","modified_gmt":"2023-11-29T16:20:05","slug":"extension-cable","status":"publish","type":"product","link":"https:\/\/trackme.dk\/en\/vare\/extension-cable\/","title":{"rendered":"Extension cable"},"content":{"rendered":"<p class=\"subtitle\">Extension cable for TM14 GPS tracker \/ OBD-tracker<\/p>\n<p>If you have purchased our TM14 tracker, which is designed for installation in the car&#8217;s diagnostic port, but there is not enough space to install the tracker directly in the diagnostic port of your vehicle, you may need to purchase this extension cable.<\/p>\n","protected":false},"excerpt":{"rendered":"<p>Extension cable for TM14 GPS tracker \/ OBD-tracker If you have purchased our TM14 tracker, which is designed for installation in the car&#8217;s diagnostic port, but there is not enough space to install the tracker directly in the diagnostic port of your vehicle, you may need to purchase this extension cable.<\/p>\n","protected":false},"featured_media":2321,"template":"","meta":[],"product_brand":[],"product_cat":[15],"product_tag":[],"class_list":{"0":"post-3120","1":"product","2":"type-product","3":"status-publish","4":"has-post-thumbnail","6":"product_cat-ukategoriseret","8":"first","9":"instock","10":"taxable","11":"shipping-taxable","12":"purchasable","13":"product-type-simple"},"yoast_head":"<!-- This site is optimized with the Yoast SEO plugin v27.3 - https:\/\/yoast.com\/product\/yoast-seo-wordpress\/ -->\n<title>Forl\u00e6nger kabel til GPS-Tracker | Montering af GPS-Tracker &amp; Sporing<\/title>\n<meta name=\"description\" content=\"Her kan du l\u00e6se den g\u00e6ldende privatlivspolitik for TrackMe. L\u00e6s hvordan vi behandler dine personoplysninger med fortrolighed her.\" \/>\n<meta name=\"robots\" content=\"index, follow, max-snippet:-1, max-image-preview:large, max-video-preview:-1\" \/>\n<link rel=\"canonical\" href=\"https:\/\/trackme.dk\/en\/vare\/extension-cable\/\" \/>\n<meta property=\"og:locale\" content=\"en_US\" \/>\n<meta property=\"og:type\" content=\"article\" \/>\n<meta property=\"og:title\" content=\"Forl\u00e6nger kabel til GPS-Tracker | Montering af GPS-Tracker &amp; Sporing\" \/>\n<meta property=\"og:description\" content=\"Her kan du l\u00e6se den g\u00e6ldende privatlivspolitik for TrackMe. L\u00e6s hvordan vi behandler dine personoplysninger med fortrolighed her.\" \/>\n<meta property=\"og:url\" content=\"https:\/\/trackme.dk\/en\/vare\/extension-cable\/\" \/>\n<meta property=\"og:site_name\" content=\"GPS-tracker &amp; Navigation | Sporing af bil | Fl\u00e5destyring | K\u00f8b online\" \/>\n<meta property=\"article:publisher\" content=\"https:\/\/www.facebook.com\/people\/TrackMe\/100064072183958\/\" \/>\n<meta property=\"article:modified_time\" content=\"2023-11-29T16:20:05+00:00\" \/>\n<meta property=\"og:image\" content=\"https:\/\/trackme.dk\/wp-content\/uploads\/produkt-obd-kabel.jpg\" \/>\n\t<meta property=\"og:image:width\" content=\"714\" \/>\n\t<meta property=\"og:image:height\" content=\"462\" \/>\n\t<meta property=\"og:image:type\" content=\"image\/jpeg\" \/>\n<meta name=\"twitter:card\" content=\"summary_large_image\" \/>\n<meta name=\"twitter:label1\" content=\"Est. reading time\" \/>\n\t<meta name=\"twitter:data1\" content=\"1 minute\" \/>\n<script type=\"application\/ld+json\" class=\"yoast-schema-graph\">{\"@context\":\"https:\\\/\\\/schema.org\",\"@graph\":[{\"@type\":\"WebPage\",\"@id\":\"https:\\\/\\\/trackme.dk\\\/en\\\/vare\\\/extension-cable\\\/\",\"url\":\"https:\\\/\\\/trackme.dk\\\/en\\\/vare\\\/extension-cable\\\/\",\"name\":\"Forl\u00e6nger kabel til GPS-Tracker | Montering af GPS-Tracker & Sporing\",\"isPartOf\":{\"@id\":\"https:\\\/\\\/trackme.dk\\\/en\\\/#website\"},\"primaryImageOfPage\":{\"@id\":\"https:\\\/\\\/trackme.dk\\\/en\\\/vare\\\/extension-cable\\\/#primaryimage\"},\"image\":{\"@id\":\"https:\\\/\\\/trackme.dk\\\/en\\\/vare\\\/extension-cable\\\/#primaryimage\"},\"thumbnailUrl\":\"https:\\\/\\\/trackme.dk\\\/wp-content\\\/uploads\\\/produkt-obd-kabel.jpg\",\"datePublished\":\"2020-08-31T08:57:47+00:00\",\"dateModified\":\"2023-11-29T16:20:05+00:00\",\"description\":\"Her kan du l\u00e6se den g\u00e6ldende privatlivspolitik for TrackMe. L\u00e6s hvordan vi behandler dine personoplysninger med fortrolighed her.\",\"breadcrumb\":{\"@id\":\"https:\\\/\\\/trackme.dk\\\/en\\\/vare\\\/extension-cable\\\/#breadcrumb\"},\"inLanguage\":\"en-US\",\"potentialAction\":[{\"@type\":\"ReadAction\",\"target\":[\"https:\\\/\\\/trackme.dk\\\/en\\\/vare\\\/extension-cable\\\/\"]}]},{\"@type\":\"ImageObject\",\"inLanguage\":\"en-US\",\"@id\":\"https:\\\/\\\/trackme.dk\\\/en\\\/vare\\\/extension-cable\\\/#primaryimage\",\"url\":\"https:\\\/\\\/trackme.dk\\\/wp-content\\\/uploads\\\/produkt-obd-kabel.jpg\",\"contentUrl\":\"https:\\\/\\\/trackme.dk\\\/wp-content\\\/uploads\\\/produkt-obd-kabel.jpg\",\"width\":714,\"height\":462},{\"@type\":\"BreadcrumbList\",\"@id\":\"https:\\\/\\\/trackme.dk\\\/en\\\/vare\\\/extension-cable\\\/#breadcrumb\",\"itemListElement\":[{\"@type\":\"ListItem\",\"position\":1,\"name\":\"Hjem\",\"item\":\"https:\\\/\\\/trackme.dk\\\/en\\\/\"},{\"@type\":\"ListItem\",\"position\":2,\"name\":\"Shop\",\"item\":\"https:\\\/\\\/trackme.dk\\\/shop\\\/\"},{\"@type\":\"ListItem\",\"position\":3,\"name\":\"Extension cable\"}]},{\"@type\":\"WebSite\",\"@id\":\"https:\\\/\\\/trackme.dk\\\/en\\\/#website\",\"url\":\"https:\\\/\\\/trackme.dk\\\/en\\\/\",\"name\":\"TrackMe.dk\",\"description\":\"TrackMe leverer GPS-trackere, elektronisk k\u00f8rebog, skr\u00e6ddersyede l\u00f8sninger og forsikringsgodkendte sporinger til alle form\u00e5l og k\u00f8ret\u00f8jer. K\u00f8b online.\",\"publisher\":{\"@id\":\"https:\\\/\\\/trackme.dk\\\/en\\\/#organization\"},\"potentialAction\":[{\"@type\":\"SearchAction\",\"target\":{\"@type\":\"EntryPoint\",\"urlTemplate\":\"https:\\\/\\\/trackme.dk\\\/en\\\/?s={search_term_string}\"},\"query-input\":{\"@type\":\"PropertyValueSpecification\",\"valueRequired\":true,\"valueName\":\"search_term_string\"}}],\"inLanguage\":\"en-US\"},{\"@type\":\"Organization\",\"@id\":\"https:\\\/\\\/trackme.dk\\\/en\\\/#organization\",\"name\":\"TrackMe A\\\/S\",\"url\":\"https:\\\/\\\/trackme.dk\\\/en\\\/\",\"logo\":{\"@type\":\"ImageObject\",\"inLanguage\":\"en-US\",\"@id\":\"https:\\\/\\\/trackme.dk\\\/en\\\/#\\\/schema\\\/logo\\\/image\\\/\",\"url\":\"https:\\\/\\\/trackme.dk\\\/wp-content\\\/uploads\\\/cropped-TrackMe-ikon.png\",\"contentUrl\":\"https:\\\/\\\/trackme.dk\\\/wp-content\\\/uploads\\\/cropped-TrackMe-ikon.png\",\"width\":512,\"height\":512,\"caption\":\"TrackMe A\\\/S\"},\"image\":{\"@id\":\"https:\\\/\\\/trackme.dk\\\/en\\\/#\\\/schema\\\/logo\\\/image\\\/\"},\"sameAs\":[\"https:\\\/\\\/www.facebook.com\\\/people\\\/TrackMe\\\/100064072183958\\\/\",\"https:\\\/\\\/www.instagram.com\\\/trackmegps\\\/\"]}]}<\/script>\n<!-- \/ Yoast SEO plugin. -->","yoast_head_json":{"title":"Forl\u00e6nger kabel til GPS-Tracker | Montering af GPS-Tracker & Sporing","description":"Her kan du l\u00e6se den g\u00e6ldende privatlivspolitik for TrackMe. L\u00e6s hvordan vi behandler dine personoplysninger med fortrolighed her.","robots":{"index":"index","follow":"follow","max-snippet":"max-snippet:-1","max-image-preview":"max-image-preview:large","max-video-preview":"max-video-preview:-1"},"canonical":"https:\/\/trackme.dk\/en\/vare\/extension-cable\/","og_locale":"en_US","og_type":"article","og_title":"Forl\u00e6nger kabel til GPS-Tracker | Montering af GPS-Tracker & Sporing","og_description":"Her kan du l\u00e6se den g\u00e6ldende privatlivspolitik for TrackMe. L\u00e6s hvordan vi behandler dine personoplysninger med fortrolighed her.","og_url":"https:\/\/trackme.dk\/en\/vare\/extension-cable\/","og_site_name":"GPS-tracker &amp; Navigation | Sporing af bil | Fl\u00e5destyring | K\u00f8b online","article_publisher":"https:\/\/www.facebook.com\/people\/TrackMe\/100064072183958\/","article_modified_time":"2023-11-29T16:20:05+00:00","og_image":[{"width":714,"height":462,"url":"https:\/\/trackme.dk\/wp-content\/uploads\/produkt-obd-kabel.jpg","type":"image\/jpeg"}],"twitter_card":"summary_large_image","twitter_misc":{"Est. reading time":"1 minute"},"schema":{"@context":"https:\/\/schema.org","@graph":[{"@type":"WebPage","@id":"https:\/\/trackme.dk\/en\/vare\/extension-cable\/","url":"https:\/\/trackme.dk\/en\/vare\/extension-cable\/","name":"Forl\u00e6nger kabel til GPS-Tracker | Montering af GPS-Tracker & Sporing","isPartOf":{"@id":"https:\/\/trackme.dk\/en\/#website"},"primaryImageOfPage":{"@id":"https:\/\/trackme.dk\/en\/vare\/extension-cable\/#primaryimage"},"image":{"@id":"https:\/\/trackme.dk\/en\/vare\/extension-cable\/#primaryimage"},"thumbnailUrl":"https:\/\/trackme.dk\/wp-content\/uploads\/produkt-obd-kabel.jpg","datePublished":"2020-08-31T08:57:47+00:00","dateModified":"2023-11-29T16:20:05+00:00","description":"Her kan du l\u00e6se den g\u00e6ldende privatlivspolitik for TrackMe. L\u00e6s hvordan vi behandler dine personoplysninger med fortrolighed her.","breadcrumb":{"@id":"https:\/\/trackme.dk\/en\/vare\/extension-cable\/#breadcrumb"},"inLanguage":"en-US","potentialAction":[{"@type":"ReadAction","target":["https:\/\/trackme.dk\/en\/vare\/extension-cable\/"]}]},{"@type":"ImageObject","inLanguage":"en-US","@id":"https:\/\/trackme.dk\/en\/vare\/extension-cable\/#primaryimage","url":"https:\/\/trackme.dk\/wp-content\/uploads\/produkt-obd-kabel.jpg","contentUrl":"https:\/\/trackme.dk\/wp-content\/uploads\/produkt-obd-kabel.jpg","width":714,"height":462},{"@type":"BreadcrumbList","@id":"https:\/\/trackme.dk\/en\/vare\/extension-cable\/#breadcrumb","itemListElement":[{"@type":"ListItem","position":1,"name":"Hjem","item":"https:\/\/trackme.dk\/en\/"},{"@type":"ListItem","position":2,"name":"Shop","item":"https:\/\/trackme.dk\/shop\/"},{"@type":"ListItem","position":3,"name":"Extension cable"}]},{"@type":"WebSite","@id":"https:\/\/trackme.dk\/en\/#website","url":"https:\/\/trackme.dk\/en\/","name":"TrackMe.dk","description":"TrackMe leverer GPS-trackere, elektronisk k\u00f8rebog, skr\u00e6ddersyede l\u00f8sninger og forsikringsgodkendte sporinger til alle form\u00e5l og k\u00f8ret\u00f8jer. K\u00f8b online.","publisher":{"@id":"https:\/\/trackme.dk\/en\/#organization"},"potentialAction":[{"@type":"SearchAction","target":{"@type":"EntryPoint","urlTemplate":"https:\/\/trackme.dk\/en\/?s={search_term_string}"},"query-input":{"@type":"PropertyValueSpecification","valueRequired":true,"valueName":"search_term_string"}}],"inLanguage":"en-US"},{"@type":"Organization","@id":"https:\/\/trackme.dk\/en\/#organization","name":"TrackMe A\/S","url":"https:\/\/trackme.dk\/en\/","logo":{"@type":"ImageObject","inLanguage":"en-US","@id":"https:\/\/trackme.dk\/en\/#\/schema\/logo\/image\/","url":"https:\/\/trackme.dk\/wp-content\/uploads\/cropped-TrackMe-ikon.png","contentUrl":"https:\/\/trackme.dk\/wp-content\/uploads\/cropped-TrackMe-ikon.png","width":512,"height":512,"caption":"TrackMe A\/S"},"image":{"@id":"https:\/\/trackme.dk\/en\/#\/schema\/logo\/image\/"},"sameAs":["https:\/\/www.facebook.com\/people\/TrackMe\/100064072183958\/","https:\/\/www.instagram.com\/trackmegps\/"]}]}},"_links":{"self":[{"href":"https:\/\/trackme.dk\/en\/wp-json\/wp\/v2\/product\/3120","targetHints":{"allow":["GET"]}}],"collection":[{"href":"https:\/\/trackme.dk\/en\/wp-json\/wp\/v2\/product"}],"about":[{"href":"https:\/\/trackme.dk\/en\/wp-json\/wp\/v2\/types\/product"}],"wp:featuredmedia":[{"embeddable":true,"href":"https:\/\/trackme.dk\/en\/wp-json\/wp\/v2\/media\/2321"}],"wp:attachment":[{"href":"https:\/\/trackme.dk\/en\/wp-json\/wp\/v2\/media?parent=3120"}],"wp:term":[{"taxonomy":"product_brand","embeddable":true,"href":"https:\/\/trackme.dk\/en\/wp-json\/wp\/v2\/product_brand?post=3120"},{"taxonomy":"product_cat","embeddable":true,"href":"https:\/\/trackme.dk\/en\/wp-json\/wp\/v2\/product_cat?post=3120"},{"taxonomy":"product_tag","embeddable":true,"href":"https:\/\/trackme.dk\/en\/wp-json\/wp\/v2\/product_tag?post=3120"}],"curies":[{"name":"wp","href":"https:\/\/api.w.org\/{rel}","templated":true}]}}