{"id":3119,"date":"2023-03-17T12:18:45","date_gmt":"2023-03-17T11:18:45","guid":{"rendered":"https:\/\/trackme.dk\/vare\/eye-beacon-vaerktoejssporing\/"},"modified":"2025-10-06T09:00:08","modified_gmt":"2025-10-06T07:00:08","slug":"eye-beacon-tool-tracking","status":"publish","type":"product","link":"https:\/\/trackme.dk\/en\/vare\/eye-beacon-tool-tracking\/","title":{"rendered":"Eye beacon tool tracking"},"content":{"rendered":"<h2>Keep track of your tools with our TrackMe Eye\/Beacon<\/h2>\n<p>TrackMe Eye Beacon is a Bluetooth device that sends its signal to one of our GPS trackers, in this way obtaining its position. For example, if an employee borrows a ladder from the workshop warehouse and takes it in his car, the already installed GPS tracker will register that it has &#8220;seen&#8221; this Eye Beacon. When the employee arrives at an address where he needs the ladder, the last known position will be displayed in the tracking panel. It can remain at this location for some time before another employee picks up the ladder, and it gets a new position from a GPS tracker.<\/p>\n<p>It is also possible to install it in for instance trailers attached to a car or other machinery that is loaded into vehicles. In these cases, the Eye Beacon will register the last known position where it was dropped \/ left by the vehicle. This provides you with a perfect overview of your valuable items, in cases where a physical GPS tracker cannot be attached.<\/p>\n<p>The dimensions of TrackMe Eye Beacon are L: 5.6cm, W: 3.8cm, H: 1.3cm, and it weighs 18 grams. It has an IP67-rated dust and waterproof design. There is a built-in battery that lasts for approximately 3 years, and it cannot be replaced. The range is up to 25m.<\/p>\n<p>Note that it at least one pre-installed TrackMe GPS tracker, such as TM12, TM14, TM16, TM21, is required for this solution to be useful.<\/p>\n<h2>The package includes:<\/h2>\n<p>\u2192 At least 10 pcs TrackMe Eye Beacons<br \/>\n\u2192 Set up and ready to use<br \/>\n\u2192 Login and access to TrackMe\u2019s secure online tracking panel<\/p>\n","protected":false},"excerpt":{"rendered":"<p><span class=\"woocommerce-Price-currencySymbol\">DKK<\/span> 100.00 + VAT \/ each<\/p>\n<p class=\"subtitle\">Subscription <span class=\"woocommerce-Price-currencySymbol\">DKK<\/span> 10,- \/ mo<\/p>\n<p class=\"subtitle\">Compatible with all trackers that have permanent power supply<\/p>\n<h3>Our TrackMe Eye Beacons:<\/h3>\n<ul>\n<li>Are easily mounted on tools, machinery and other materials using glue, screws or strips.<\/li>\n<li>Provides overview of the tools&#8217; last know location through the tracking panel.<\/li>\n<li>Can be moved and \/ or renamed when tools are replaced.<\/li>\n<li>Shows in which car the tools was last used.<\/li>\n<\/ul>\n<p><strong>NOTE:<\/strong> Minimum order is 10 pieces.<\/p>\n","protected":false},"featured_media":2319,"template":"","meta":[],"product_brand":[],"product_cat":[15],"product_tag":[],"class_list":{"0":"post-3119","1":"product","2":"type-product","3":"status-publish","4":"has-post-thumbnail","6":"product_cat-ukategoriseret","8":"first","9":"instock","10":"taxable","11":"shipping-taxable","12":"purchasable","13":"product-type-simple"},"yoast_head":"<!-- This site is optimized with the Yoast SEO plugin v27.3 - https:\/\/yoast.com\/product\/yoast-seo-wordpress\/ -->\n<title>Eye beacon tool tracking - GPS-tracker &amp; Navigation | Sporing af bil | Fl\u00e5destyring | K\u00f8b online<\/title>\n<meta name=\"robots\" content=\"index, follow, max-snippet:-1, max-image-preview:large, max-video-preview:-1\" \/>\n<link rel=\"canonical\" href=\"https:\/\/trackme.dk\/en\/vare\/eye-beacon-tool-tracking\/\" \/>\n<meta property=\"og:locale\" content=\"en_US\" \/>\n<meta property=\"og:type\" content=\"article\" \/>\n<meta property=\"og:title\" content=\"Eye beacon tool tracking - GPS-tracker &amp; Navigation | Sporing af bil | Fl\u00e5destyring | K\u00f8b online\" \/>\n<meta property=\"og:description\" content=\"DKK 100.00 + VAT \/ each Subscription DKK 10,- \/ mo Compatible with all trackers that have permanent power supply  Our TrackMe Eye Beacons:   Are easily mounted on tools, machinery and other materials using glue, screws or strips.  Provides overview of the tools&#039; last know location through the tracking panel.  Can be moved and \/ or renamed when tools are replaced.  Shows in which car the tools was last used.   NOTE: Minimum order is 10 pieces.\" \/>\n<meta property=\"og:url\" content=\"https:\/\/trackme.dk\/en\/vare\/eye-beacon-tool-tracking\/\" \/>\n<meta property=\"og:site_name\" content=\"GPS-tracker &amp; Navigation | Sporing af bil | Fl\u00e5destyring | K\u00f8b online\" \/>\n<meta property=\"article:publisher\" content=\"https:\/\/www.facebook.com\/people\/TrackMe\/100064072183958\/\" \/>\n<meta property=\"article:modified_time\" content=\"2025-10-06T07:00:08+00:00\" \/>\n<meta property=\"og:image\" content=\"https:\/\/trackme.dk\/wp-content\/uploads\/eyeBeacon-produktbillede-uden-tekst-4.jpg\" \/>\n\t<meta property=\"og:image:width\" content=\"714\" \/>\n\t<meta property=\"og:image:height\" content=\"462\" \/>\n\t<meta property=\"og:image:type\" content=\"image\/jpeg\" \/>\n<meta name=\"twitter:card\" content=\"summary_large_image\" \/>\n<meta name=\"twitter:label1\" content=\"Est. reading time\" \/>\n\t<meta name=\"twitter:data1\" content=\"2 minutes\" \/>\n<script type=\"application\/ld+json\" class=\"yoast-schema-graph\">{\"@context\":\"https:\\\/\\\/schema.org\",\"@graph\":[{\"@type\":\"WebPage\",\"@id\":\"https:\\\/\\\/trackme.dk\\\/en\\\/vare\\\/eye-beacon-tool-tracking\\\/\",\"url\":\"https:\\\/\\\/trackme.dk\\\/en\\\/vare\\\/eye-beacon-tool-tracking\\\/\",\"name\":\"Eye beacon tool tracking - GPS-tracker &amp; Navigation | Sporing af bil | Fl\u00e5destyring | K\u00f8b online\",\"isPartOf\":{\"@id\":\"https:\\\/\\\/trackme.dk\\\/en\\\/#website\"},\"primaryImageOfPage\":{\"@id\":\"https:\\\/\\\/trackme.dk\\\/en\\\/vare\\\/eye-beacon-tool-tracking\\\/#primaryimage\"},\"image\":{\"@id\":\"https:\\\/\\\/trackme.dk\\\/en\\\/vare\\\/eye-beacon-tool-tracking\\\/#primaryimage\"},\"thumbnailUrl\":\"https:\\\/\\\/trackme.dk\\\/wp-content\\\/uploads\\\/eyeBeacon-produktbillede-uden-tekst-4.jpg\",\"datePublished\":\"2023-03-17T11:18:45+00:00\",\"dateModified\":\"2025-10-06T07:00:08+00:00\",\"breadcrumb\":{\"@id\":\"https:\\\/\\\/trackme.dk\\\/en\\\/vare\\\/eye-beacon-tool-tracking\\\/#breadcrumb\"},\"inLanguage\":\"en-US\",\"potentialAction\":[{\"@type\":\"ReadAction\",\"target\":[\"https:\\\/\\\/trackme.dk\\\/en\\\/vare\\\/eye-beacon-tool-tracking\\\/\"]}]},{\"@type\":\"ImageObject\",\"inLanguage\":\"en-US\",\"@id\":\"https:\\\/\\\/trackme.dk\\\/en\\\/vare\\\/eye-beacon-tool-tracking\\\/#primaryimage\",\"url\":\"https:\\\/\\\/trackme.dk\\\/wp-content\\\/uploads\\\/eyeBeacon-produktbillede-uden-tekst-4.jpg\",\"contentUrl\":\"https:\\\/\\\/trackme.dk\\\/wp-content\\\/uploads\\\/eyeBeacon-produktbillede-uden-tekst-4.jpg\",\"width\":714,\"height\":462},{\"@type\":\"BreadcrumbList\",\"@id\":\"https:\\\/\\\/trackme.dk\\\/en\\\/vare\\\/eye-beacon-tool-tracking\\\/#breadcrumb\",\"itemListElement\":[{\"@type\":\"ListItem\",\"position\":1,\"name\":\"Hjem\",\"item\":\"https:\\\/\\\/trackme.dk\\\/en\\\/\"},{\"@type\":\"ListItem\",\"position\":2,\"name\":\"Shop\",\"item\":\"https:\\\/\\\/trackme.dk\\\/shop\\\/\"},{\"@type\":\"ListItem\",\"position\":3,\"name\":\"Eye beacon tool tracking\"}]},{\"@type\":\"WebSite\",\"@id\":\"https:\\\/\\\/trackme.dk\\\/en\\\/#website\",\"url\":\"https:\\\/\\\/trackme.dk\\\/en\\\/\",\"name\":\"TrackMe.dk\",\"description\":\"TrackMe leverer GPS-trackere, elektronisk k\u00f8rebog, skr\u00e6ddersyede l\u00f8sninger og forsikringsgodkendte sporinger til alle form\u00e5l og k\u00f8ret\u00f8jer. K\u00f8b online.\",\"publisher\":{\"@id\":\"https:\\\/\\\/trackme.dk\\\/en\\\/#organization\"},\"potentialAction\":[{\"@type\":\"SearchAction\",\"target\":{\"@type\":\"EntryPoint\",\"urlTemplate\":\"https:\\\/\\\/trackme.dk\\\/en\\\/?s={search_term_string}\"},\"query-input\":{\"@type\":\"PropertyValueSpecification\",\"valueRequired\":true,\"valueName\":\"search_term_string\"}}],\"inLanguage\":\"en-US\"},{\"@type\":\"Organization\",\"@id\":\"https:\\\/\\\/trackme.dk\\\/en\\\/#organization\",\"name\":\"TrackMe A\\\/S\",\"url\":\"https:\\\/\\\/trackme.dk\\\/en\\\/\",\"logo\":{\"@type\":\"ImageObject\",\"inLanguage\":\"en-US\",\"@id\":\"https:\\\/\\\/trackme.dk\\\/en\\\/#\\\/schema\\\/logo\\\/image\\\/\",\"url\":\"https:\\\/\\\/trackme.dk\\\/wp-content\\\/uploads\\\/cropped-TrackMe-ikon.png\",\"contentUrl\":\"https:\\\/\\\/trackme.dk\\\/wp-content\\\/uploads\\\/cropped-TrackMe-ikon.png\",\"width\":512,\"height\":512,\"caption\":\"TrackMe A\\\/S\"},\"image\":{\"@id\":\"https:\\\/\\\/trackme.dk\\\/en\\\/#\\\/schema\\\/logo\\\/image\\\/\"},\"sameAs\":[\"https:\\\/\\\/www.facebook.com\\\/people\\\/TrackMe\\\/100064072183958\\\/\",\"https:\\\/\\\/www.instagram.com\\\/trackmegps\\\/\"]}]}<\/script>\n<!-- \/ Yoast SEO plugin. -->","yoast_head_json":{"title":"Eye beacon tool tracking - GPS-tracker &amp; Navigation | Sporing af bil | Fl\u00e5destyring | K\u00f8b online","robots":{"index":"index","follow":"follow","max-snippet":"max-snippet:-1","max-image-preview":"max-image-preview:large","max-video-preview":"max-video-preview:-1"},"canonical":"https:\/\/trackme.dk\/en\/vare\/eye-beacon-tool-tracking\/","og_locale":"en_US","og_type":"article","og_title":"Eye beacon tool tracking - GPS-tracker &amp; Navigation | Sporing af bil | Fl\u00e5destyring | K\u00f8b online","og_description":"DKK 100.00 + VAT \/ each Subscription DKK 10,- \/ mo Compatible with all trackers that have permanent power supply  Our TrackMe Eye Beacons:   Are easily mounted on tools, machinery and other materials using glue, screws or strips.  Provides overview of the tools' last know location through the tracking panel.  Can be moved and \/ or renamed when tools are replaced.  Shows in which car the tools was last used.   NOTE: Minimum order is 10 pieces.","og_url":"https:\/\/trackme.dk\/en\/vare\/eye-beacon-tool-tracking\/","og_site_name":"GPS-tracker &amp; Navigation | Sporing af bil | Fl\u00e5destyring | K\u00f8b online","article_publisher":"https:\/\/www.facebook.com\/people\/TrackMe\/100064072183958\/","article_modified_time":"2025-10-06T07:00:08+00:00","og_image":[{"width":714,"height":462,"url":"https:\/\/trackme.dk\/wp-content\/uploads\/eyeBeacon-produktbillede-uden-tekst-4.jpg","type":"image\/jpeg"}],"twitter_card":"summary_large_image","twitter_misc":{"Est. reading time":"2 minutes"},"schema":{"@context":"https:\/\/schema.org","@graph":[{"@type":"WebPage","@id":"https:\/\/trackme.dk\/en\/vare\/eye-beacon-tool-tracking\/","url":"https:\/\/trackme.dk\/en\/vare\/eye-beacon-tool-tracking\/","name":"Eye beacon tool tracking - GPS-tracker &amp; Navigation | Sporing af bil | Fl\u00e5destyring | K\u00f8b online","isPartOf":{"@id":"https:\/\/trackme.dk\/en\/#website"},"primaryImageOfPage":{"@id":"https:\/\/trackme.dk\/en\/vare\/eye-beacon-tool-tracking\/#primaryimage"},"image":{"@id":"https:\/\/trackme.dk\/en\/vare\/eye-beacon-tool-tracking\/#primaryimage"},"thumbnailUrl":"https:\/\/trackme.dk\/wp-content\/uploads\/eyeBeacon-produktbillede-uden-tekst-4.jpg","datePublished":"2023-03-17T11:18:45+00:00","dateModified":"2025-10-06T07:00:08+00:00","breadcrumb":{"@id":"https:\/\/trackme.dk\/en\/vare\/eye-beacon-tool-tracking\/#breadcrumb"},"inLanguage":"en-US","potentialAction":[{"@type":"ReadAction","target":["https:\/\/trackme.dk\/en\/vare\/eye-beacon-tool-tracking\/"]}]},{"@type":"ImageObject","inLanguage":"en-US","@id":"https:\/\/trackme.dk\/en\/vare\/eye-beacon-tool-tracking\/#primaryimage","url":"https:\/\/trackme.dk\/wp-content\/uploads\/eyeBeacon-produktbillede-uden-tekst-4.jpg","contentUrl":"https:\/\/trackme.dk\/wp-content\/uploads\/eyeBeacon-produktbillede-uden-tekst-4.jpg","width":714,"height":462},{"@type":"BreadcrumbList","@id":"https:\/\/trackme.dk\/en\/vare\/eye-beacon-tool-tracking\/#breadcrumb","itemListElement":[{"@type":"ListItem","position":1,"name":"Hjem","item":"https:\/\/trackme.dk\/en\/"},{"@type":"ListItem","position":2,"name":"Shop","item":"https:\/\/trackme.dk\/shop\/"},{"@type":"ListItem","position":3,"name":"Eye beacon tool tracking"}]},{"@type":"WebSite","@id":"https:\/\/trackme.dk\/en\/#website","url":"https:\/\/trackme.dk\/en\/","name":"TrackMe.dk","description":"TrackMe leverer GPS-trackere, elektronisk k\u00f8rebog, skr\u00e6ddersyede l\u00f8sninger og forsikringsgodkendte sporinger til alle form\u00e5l og k\u00f8ret\u00f8jer. K\u00f8b online.","publisher":{"@id":"https:\/\/trackme.dk\/en\/#organization"},"potentialAction":[{"@type":"SearchAction","target":{"@type":"EntryPoint","urlTemplate":"https:\/\/trackme.dk\/en\/?s={search_term_string}"},"query-input":{"@type":"PropertyValueSpecification","valueRequired":true,"valueName":"search_term_string"}}],"inLanguage":"en-US"},{"@type":"Organization","@id":"https:\/\/trackme.dk\/en\/#organization","name":"TrackMe A\/S","url":"https:\/\/trackme.dk\/en\/","logo":{"@type":"ImageObject","inLanguage":"en-US","@id":"https:\/\/trackme.dk\/en\/#\/schema\/logo\/image\/","url":"https:\/\/trackme.dk\/wp-content\/uploads\/cropped-TrackMe-ikon.png","contentUrl":"https:\/\/trackme.dk\/wp-content\/uploads\/cropped-TrackMe-ikon.png","width":512,"height":512,"caption":"TrackMe A\/S"},"image":{"@id":"https:\/\/trackme.dk\/en\/#\/schema\/logo\/image\/"},"sameAs":["https:\/\/www.facebook.com\/people\/TrackMe\/100064072183958\/","https:\/\/www.instagram.com\/trackmegps\/"]}]}},"_links":{"self":[{"href":"https:\/\/trackme.dk\/en\/wp-json\/wp\/v2\/product\/3119","targetHints":{"allow":["GET"]}}],"collection":[{"href":"https:\/\/trackme.dk\/en\/wp-json\/wp\/v2\/product"}],"about":[{"href":"https:\/\/trackme.dk\/en\/wp-json\/wp\/v2\/types\/product"}],"wp:featuredmedia":[{"embeddable":true,"href":"https:\/\/trackme.dk\/en\/wp-json\/wp\/v2\/media\/2319"}],"wp:attachment":[{"href":"https:\/\/trackme.dk\/en\/wp-json\/wp\/v2\/media?parent=3119"}],"wp:term":[{"taxonomy":"product_brand","embeddable":true,"href":"https:\/\/trackme.dk\/en\/wp-json\/wp\/v2\/product_brand?post=3119"},{"taxonomy":"product_cat","embeddable":true,"href":"https:\/\/trackme.dk\/en\/wp-json\/wp\/v2\/product_cat?post=3119"},{"taxonomy":"product_tag","embeddable":true,"href":"https:\/\/trackme.dk\/en\/wp-json\/wp\/v2\/product_tag?post=3119"}],"curies":[{"name":"wp","href":"https:\/\/api.w.org\/{rel}","templated":true}]}}