{"id":3118,"date":"2023-03-17T14:07:44","date_gmt":"2023-03-17T13:07:44","guid":{"rendered":"https:\/\/trackme.dk\/vare\/batterier-til-tm10-gps-tracker\/"},"modified":"2023-11-29T17:18:02","modified_gmt":"2023-11-29T16:18:02","slug":"batteries-for-tm10-gps-tracker","status":"publish","type":"product","link":"https:\/\/trackme.dk\/en\/vare\/batteries-for-tm10-gps-tracker\/","title":{"rendered":"Batteries for TM10 GPS Tracker"},"content":{"rendered":"<h3><b>Advantages of choosing Ultimate Lithium batteries:<\/b><\/h3>\n<ul>\n<li>The most powerful AA-batteries on the market<\/li>\n<li>Shelf-stable up to 10 years<\/li>\n<li>Works in extreme temperatures between -40\u00b0C and up to 60\u00b0C.<\/li>\n<li>Antileakage battery.<\/li>\n<li>Svanem\u00e6rket, which means that the battery meets the strictest requirements and tests for environmental awareness, durability, safety, and quality.<\/li>\n<\/ul>\n","protected":false},"excerpt":{"rendered":"<p>Price <span class=\"woocommerce-Price-currencySymbol\">DKK<\/span> 100.00 + VAT<\/p>\n<p class=\"subtitle\">3 pcs AA-batteries of the highest possible quality<\/p>\n<h3>Batteries for TM10 GPS Tracker:<\/h3>\n<p>When you use your TrackMe <a href=\"https:\/\/trackme.dk\/en\/vare\/battery-tracker\/\">TM10 battery tracker<\/a>, it will need new AA-batteries at some point.<\/p>\n<p>We recommend only Energizer Ultimate Lithium, which is the only battery type that ensures the optimal life-span between battery-changes. With these batteries the trackers is able to send for several years without needing the batteries replaced.<\/p>\n<p><strong>Note<\/strong> The more often the tracker reports, the shorter the battery life.<\/p>\n","protected":false},"featured_media":2299,"template":"","meta":[],"product_brand":[],"product_cat":[15],"product_tag":[],"class_list":{"0":"post-3118","1":"product","2":"type-product","3":"status-publish","4":"has-post-thumbnail","6":"product_cat-ukategoriseret","8":"first","9":"instock","10":"taxable","11":"shipping-taxable","12":"purchasable","13":"product-type-simple"},"yoast_head":"<!-- This site is optimized with the Yoast SEO plugin v27.3 - https:\/\/yoast.com\/product\/yoast-seo-wordpress\/ -->\n<title>Batteries for TM10 GPS Tracker - GPS-tracker &amp; Navigation | Sporing af bil | Fl\u00e5destyring | K\u00f8b online<\/title>\n<meta name=\"robots\" content=\"index, follow, max-snippet:-1, max-image-preview:large, max-video-preview:-1\" \/>\n<link rel=\"canonical\" href=\"https:\/\/trackme.dk\/en\/vare\/batteries-for-tm10-gps-tracker\/\" \/>\n<meta property=\"og:locale\" content=\"en_US\" \/>\n<meta property=\"og:type\" content=\"article\" \/>\n<meta property=\"og:title\" content=\"Batteries for TM10 GPS Tracker - GPS-tracker &amp; Navigation | Sporing af bil | Fl\u00e5destyring | K\u00f8b online\" \/>\n<meta property=\"og:description\" content=\"Price DKK 100.00 + VAT 3 pcs AA-batteries of the highest possible quality  Batteries for TM10 GPS Tracker: When you use your TrackMe TM10 battery tracker, it will need new AA-batteries at some point.  We recommend only Energizer Ultimate Lithium, which is the only battery type that ensures the optimal life-span between battery-changes. With these batteries the trackers is able to send for several years without needing the batteries replaced.  Note The more often the tracker reports, the shorter the battery life.\" \/>\n<meta property=\"og:url\" content=\"https:\/\/trackme.dk\/en\/vare\/batteries-for-tm10-gps-tracker\/\" \/>\n<meta property=\"og:site_name\" content=\"GPS-tracker &amp; Navigation | Sporing af bil | Fl\u00e5destyring | K\u00f8b online\" \/>\n<meta property=\"article:publisher\" content=\"https:\/\/www.facebook.com\/people\/TrackMe\/100064072183958\/\" \/>\n<meta property=\"article:modified_time\" content=\"2023-11-29T16:18:02+00:00\" \/>\n<meta property=\"og:image\" content=\"https:\/\/trackme.dk\/wp-content\/uploads\/batterier-produktbillede-1.jpg\" \/>\n\t<meta property=\"og:image:width\" content=\"714\" \/>\n\t<meta property=\"og:image:height\" content=\"462\" \/>\n\t<meta property=\"og:image:type\" content=\"image\/jpeg\" \/>\n<meta name=\"twitter:card\" content=\"summary_large_image\" \/>\n<meta name=\"twitter:label1\" content=\"Est. reading time\" \/>\n\t<meta name=\"twitter:data1\" content=\"1 minute\" \/>\n<script type=\"application\/ld+json\" class=\"yoast-schema-graph\">{\"@context\":\"https:\\\/\\\/schema.org\",\"@graph\":[{\"@type\":\"WebPage\",\"@id\":\"https:\\\/\\\/trackme.dk\\\/en\\\/vare\\\/batteries-for-tm10-gps-tracker\\\/\",\"url\":\"https:\\\/\\\/trackme.dk\\\/en\\\/vare\\\/batteries-for-tm10-gps-tracker\\\/\",\"name\":\"Batteries for TM10 GPS Tracker - GPS-tracker &amp; Navigation | Sporing af bil | Fl\u00e5destyring | K\u00f8b online\",\"isPartOf\":{\"@id\":\"https:\\\/\\\/trackme.dk\\\/en\\\/#website\"},\"primaryImageOfPage\":{\"@id\":\"https:\\\/\\\/trackme.dk\\\/en\\\/vare\\\/batteries-for-tm10-gps-tracker\\\/#primaryimage\"},\"image\":{\"@id\":\"https:\\\/\\\/trackme.dk\\\/en\\\/vare\\\/batteries-for-tm10-gps-tracker\\\/#primaryimage\"},\"thumbnailUrl\":\"https:\\\/\\\/trackme.dk\\\/wp-content\\\/uploads\\\/batterier-produktbillede-1.jpg\",\"datePublished\":\"2023-03-17T13:07:44+00:00\",\"dateModified\":\"2023-11-29T16:18:02+00:00\",\"breadcrumb\":{\"@id\":\"https:\\\/\\\/trackme.dk\\\/en\\\/vare\\\/batteries-for-tm10-gps-tracker\\\/#breadcrumb\"},\"inLanguage\":\"en-US\",\"potentialAction\":[{\"@type\":\"ReadAction\",\"target\":[\"https:\\\/\\\/trackme.dk\\\/en\\\/vare\\\/batteries-for-tm10-gps-tracker\\\/\"]}]},{\"@type\":\"ImageObject\",\"inLanguage\":\"en-US\",\"@id\":\"https:\\\/\\\/trackme.dk\\\/en\\\/vare\\\/batteries-for-tm10-gps-tracker\\\/#primaryimage\",\"url\":\"https:\\\/\\\/trackme.dk\\\/wp-content\\\/uploads\\\/batterier-produktbillede-1.jpg\",\"contentUrl\":\"https:\\\/\\\/trackme.dk\\\/wp-content\\\/uploads\\\/batterier-produktbillede-1.jpg\",\"width\":714,\"height\":462},{\"@type\":\"BreadcrumbList\",\"@id\":\"https:\\\/\\\/trackme.dk\\\/en\\\/vare\\\/batteries-for-tm10-gps-tracker\\\/#breadcrumb\",\"itemListElement\":[{\"@type\":\"ListItem\",\"position\":1,\"name\":\"Hjem\",\"item\":\"https:\\\/\\\/trackme.dk\\\/en\\\/\"},{\"@type\":\"ListItem\",\"position\":2,\"name\":\"Shop\",\"item\":\"https:\\\/\\\/trackme.dk\\\/shop\\\/\"},{\"@type\":\"ListItem\",\"position\":3,\"name\":\"Batteries for TM10 GPS Tracker\"}]},{\"@type\":\"WebSite\",\"@id\":\"https:\\\/\\\/trackme.dk\\\/en\\\/#website\",\"url\":\"https:\\\/\\\/trackme.dk\\\/en\\\/\",\"name\":\"TrackMe.dk\",\"description\":\"TrackMe leverer GPS-trackere, elektronisk k\u00f8rebog, skr\u00e6ddersyede l\u00f8sninger og forsikringsgodkendte sporinger til alle form\u00e5l og k\u00f8ret\u00f8jer. K\u00f8b online.\",\"publisher\":{\"@id\":\"https:\\\/\\\/trackme.dk\\\/en\\\/#organization\"},\"potentialAction\":[{\"@type\":\"SearchAction\",\"target\":{\"@type\":\"EntryPoint\",\"urlTemplate\":\"https:\\\/\\\/trackme.dk\\\/en\\\/?s={search_term_string}\"},\"query-input\":{\"@type\":\"PropertyValueSpecification\",\"valueRequired\":true,\"valueName\":\"search_term_string\"}}],\"inLanguage\":\"en-US\"},{\"@type\":\"Organization\",\"@id\":\"https:\\\/\\\/trackme.dk\\\/en\\\/#organization\",\"name\":\"TrackMe A\\\/S\",\"url\":\"https:\\\/\\\/trackme.dk\\\/en\\\/\",\"logo\":{\"@type\":\"ImageObject\",\"inLanguage\":\"en-US\",\"@id\":\"https:\\\/\\\/trackme.dk\\\/en\\\/#\\\/schema\\\/logo\\\/image\\\/\",\"url\":\"https:\\\/\\\/trackme.dk\\\/wp-content\\\/uploads\\\/cropped-TrackMe-ikon.png\",\"contentUrl\":\"https:\\\/\\\/trackme.dk\\\/wp-content\\\/uploads\\\/cropped-TrackMe-ikon.png\",\"width\":512,\"height\":512,\"caption\":\"TrackMe A\\\/S\"},\"image\":{\"@id\":\"https:\\\/\\\/trackme.dk\\\/en\\\/#\\\/schema\\\/logo\\\/image\\\/\"},\"sameAs\":[\"https:\\\/\\\/www.facebook.com\\\/people\\\/TrackMe\\\/100064072183958\\\/\",\"https:\\\/\\\/www.instagram.com\\\/trackmegps\\\/\"]}]}<\/script>\n<!-- \/ Yoast SEO plugin. -->","yoast_head_json":{"title":"Batteries for TM10 GPS Tracker - GPS-tracker &amp; Navigation | Sporing af bil | Fl\u00e5destyring | K\u00f8b online","robots":{"index":"index","follow":"follow","max-snippet":"max-snippet:-1","max-image-preview":"max-image-preview:large","max-video-preview":"max-video-preview:-1"},"canonical":"https:\/\/trackme.dk\/en\/vare\/batteries-for-tm10-gps-tracker\/","og_locale":"en_US","og_type":"article","og_title":"Batteries for TM10 GPS Tracker - GPS-tracker &amp; Navigation | Sporing af bil | Fl\u00e5destyring | K\u00f8b online","og_description":"Price DKK 100.00 + VAT 3 pcs AA-batteries of the highest possible quality  Batteries for TM10 GPS Tracker: When you use your TrackMe TM10 battery tracker, it will need new AA-batteries at some point.  We recommend only Energizer Ultimate Lithium, which is the only battery type that ensures the optimal life-span between battery-changes. With these batteries the trackers is able to send for several years without needing the batteries replaced.  Note The more often the tracker reports, the shorter the battery life.","og_url":"https:\/\/trackme.dk\/en\/vare\/batteries-for-tm10-gps-tracker\/","og_site_name":"GPS-tracker &amp; Navigation | Sporing af bil | Fl\u00e5destyring | K\u00f8b online","article_publisher":"https:\/\/www.facebook.com\/people\/TrackMe\/100064072183958\/","article_modified_time":"2023-11-29T16:18:02+00:00","og_image":[{"width":714,"height":462,"url":"https:\/\/trackme.dk\/wp-content\/uploads\/batterier-produktbillede-1.jpg","type":"image\/jpeg"}],"twitter_card":"summary_large_image","twitter_misc":{"Est. reading time":"1 minute"},"schema":{"@context":"https:\/\/schema.org","@graph":[{"@type":"WebPage","@id":"https:\/\/trackme.dk\/en\/vare\/batteries-for-tm10-gps-tracker\/","url":"https:\/\/trackme.dk\/en\/vare\/batteries-for-tm10-gps-tracker\/","name":"Batteries for TM10 GPS Tracker - GPS-tracker &amp; Navigation | Sporing af bil | Fl\u00e5destyring | K\u00f8b online","isPartOf":{"@id":"https:\/\/trackme.dk\/en\/#website"},"primaryImageOfPage":{"@id":"https:\/\/trackme.dk\/en\/vare\/batteries-for-tm10-gps-tracker\/#primaryimage"},"image":{"@id":"https:\/\/trackme.dk\/en\/vare\/batteries-for-tm10-gps-tracker\/#primaryimage"},"thumbnailUrl":"https:\/\/trackme.dk\/wp-content\/uploads\/batterier-produktbillede-1.jpg","datePublished":"2023-03-17T13:07:44+00:00","dateModified":"2023-11-29T16:18:02+00:00","breadcrumb":{"@id":"https:\/\/trackme.dk\/en\/vare\/batteries-for-tm10-gps-tracker\/#breadcrumb"},"inLanguage":"en-US","potentialAction":[{"@type":"ReadAction","target":["https:\/\/trackme.dk\/en\/vare\/batteries-for-tm10-gps-tracker\/"]}]},{"@type":"ImageObject","inLanguage":"en-US","@id":"https:\/\/trackme.dk\/en\/vare\/batteries-for-tm10-gps-tracker\/#primaryimage","url":"https:\/\/trackme.dk\/wp-content\/uploads\/batterier-produktbillede-1.jpg","contentUrl":"https:\/\/trackme.dk\/wp-content\/uploads\/batterier-produktbillede-1.jpg","width":714,"height":462},{"@type":"BreadcrumbList","@id":"https:\/\/trackme.dk\/en\/vare\/batteries-for-tm10-gps-tracker\/#breadcrumb","itemListElement":[{"@type":"ListItem","position":1,"name":"Hjem","item":"https:\/\/trackme.dk\/en\/"},{"@type":"ListItem","position":2,"name":"Shop","item":"https:\/\/trackme.dk\/shop\/"},{"@type":"ListItem","position":3,"name":"Batteries for TM10 GPS Tracker"}]},{"@type":"WebSite","@id":"https:\/\/trackme.dk\/en\/#website","url":"https:\/\/trackme.dk\/en\/","name":"TrackMe.dk","description":"TrackMe leverer GPS-trackere, elektronisk k\u00f8rebog, skr\u00e6ddersyede l\u00f8sninger og forsikringsgodkendte sporinger til alle form\u00e5l og k\u00f8ret\u00f8jer. K\u00f8b online.","publisher":{"@id":"https:\/\/trackme.dk\/en\/#organization"},"potentialAction":[{"@type":"SearchAction","target":{"@type":"EntryPoint","urlTemplate":"https:\/\/trackme.dk\/en\/?s={search_term_string}"},"query-input":{"@type":"PropertyValueSpecification","valueRequired":true,"valueName":"search_term_string"}}],"inLanguage":"en-US"},{"@type":"Organization","@id":"https:\/\/trackme.dk\/en\/#organization","name":"TrackMe A\/S","url":"https:\/\/trackme.dk\/en\/","logo":{"@type":"ImageObject","inLanguage":"en-US","@id":"https:\/\/trackme.dk\/en\/#\/schema\/logo\/image\/","url":"https:\/\/trackme.dk\/wp-content\/uploads\/cropped-TrackMe-ikon.png","contentUrl":"https:\/\/trackme.dk\/wp-content\/uploads\/cropped-TrackMe-ikon.png","width":512,"height":512,"caption":"TrackMe A\/S"},"image":{"@id":"https:\/\/trackme.dk\/en\/#\/schema\/logo\/image\/"},"sameAs":["https:\/\/www.facebook.com\/people\/TrackMe\/100064072183958\/","https:\/\/www.instagram.com\/trackmegps\/"]}]}},"_links":{"self":[{"href":"https:\/\/trackme.dk\/en\/wp-json\/wp\/v2\/product\/3118","targetHints":{"allow":["GET"]}}],"collection":[{"href":"https:\/\/trackme.dk\/en\/wp-json\/wp\/v2\/product"}],"about":[{"href":"https:\/\/trackme.dk\/en\/wp-json\/wp\/v2\/types\/product"}],"wp:featuredmedia":[{"embeddable":true,"href":"https:\/\/trackme.dk\/en\/wp-json\/wp\/v2\/media\/2299"}],"wp:attachment":[{"href":"https:\/\/trackme.dk\/en\/wp-json\/wp\/v2\/media?parent=3118"}],"wp:term":[{"taxonomy":"product_brand","embeddable":true,"href":"https:\/\/trackme.dk\/en\/wp-json\/wp\/v2\/product_brand?post=3118"},{"taxonomy":"product_cat","embeddable":true,"href":"https:\/\/trackme.dk\/en\/wp-json\/wp\/v2\/product_cat?post=3118"},{"taxonomy":"product_tag","embeddable":true,"href":"https:\/\/trackme.dk\/en\/wp-json\/wp\/v2\/product_tag?post=3118"}],"curies":[{"name":"wp","href":"https:\/\/api.w.org\/{rel}","templated":true}]}}