{"id":3117,"date":"2023-03-17T14:19:47","date_gmt":"2023-03-17T13:19:47","guid":{"rendered":"https:\/\/trackme.dk\/vare\/batteri-tracker\/"},"modified":"2024-12-18T11:38:45","modified_gmt":"2024-12-18T10:38:45","slug":"battery-tracker","status":"publish","type":"product","link":"https:\/\/trackme.dk\/en\/vare\/battery-tracker\/","title":{"rendered":"TM10: Battery Tracker"},"content":{"rendered":"<h2>Track your valuables easily and efficiently with our battery GPS tracker<\/h2>\n<p>TrackMe TM10 Battery is the perfect solution for tracking items without a fixed power source. It can also be used for additional security for cars, trailers, or machinery, etc.<\/p>\n<p>The dimensions of the tracker are L: 11 cm, W: 9 cm, H: 3 cm, and it is IP67-rated dust and waterproof and highly robust. Therefore, it is easy to find space for this excellent GPS tracker on all imaginable items.<\/p>\n<p>The tracker uses regular AA Lithium batteries, which can be easily replaced. However, there is a significant difference between battery types, so we recommend Energizer Ultimate Lithium to maintain many years of tracking. They can be purchased here: <a href=\"https:\/\/trackme.dk\/en\/vare\/batteries-for-tm10-gps-tracker\/\">Batteries for TM10 GPS Tracker<\/a><\/p>\n<p>The tracker can be set to send at different intervals:<\/p>\n<ul>\n<li>With 4 positions per day, it has an expected battery life of at least 4 years &#8211; Standard setup<\/li>\n<li>With 12 positions per day, it has an expected battery life of at least 2 years<\/li>\n<\/ul>\n<p>It is also possible to set the tracker to send every 20 minutes when in motion, allowing almost real-time tracking. The battery life depends on how often the tracker is moved.<\/p>\n<p>There is also an option to activate a recovery mode, where positions are reported every 5 minutes for a limited period. This is used, for example, if a tracked item is stolen.<\/p>\n<p>Note:<\/p>\n<ul>\n<li>The tracker&#8217;s signal is reduced when placed under metal.<\/li>\n<li>Changing away from the standard interval will reduce battery life.<\/li>\n<\/ul>\n<h2>The package includes:<\/h2>\n<p>\u2192 TrackMe GPS-TM10 battery tracking device<br \/>\n\u2192 3 x Ultimate Lithium AA Batteries installed and ready to use<br \/>\n\u2192 SIM card with coverage throughout the EU<br \/>\n\u2192 Subscription (8 days included \u2013 optionally purchase 1 year immediately)<br \/>\n\u2192 User manual<br \/>\n\u2192 Login and access to TrackMe\u2019s secure online tracking panel<\/p>\n<h2>Regarding subscription<\/h2>\n<p>Note that only eight days of subscription are included. Therefore, you need to purchase the subscription separately to continue accessing the tracking panel. When you purchase a tracker, you have the option to buy a 1-year subscription in the webshop, or you can extend the subscription in the panel within the eight included days. Read more about our <a href=\"https:\/\/trackme.dk\/en\/subscriptions\/\">subscriptions<\/a>.<\/p>\n","protected":false},"excerpt":{"rendered":"<p>From <span class=\"woocommerce-Price-currencySymbol\">DKK<\/span> 1,596.00 + VAT<\/p>\n<p class=\"subtitle\">TrackMe TM10: Theft protection for valuables<\/p>\n<h3><b>Our battery GPS-TRACKER:<\/b><\/h3>\n<ul>\n<li>Has a battery that lasts up to 4 years<\/li>\n<li>Has a SIM card covering the entire EU<\/li>\n<li>Is easily and quickly mounted without a mechanic<\/li>\n<li>Can be mounted in all types of valuables which you want to track, as well as cars and other vehicles and machinery.<\/li>\n<li>Does not require an external power supply.<\/li>\n<li>Lets you monitor vehicle and machinery fleets where a few daily position updates are sufficient.<\/li>\n<li>Possible to change the 3 (AA) batteries by yourself<\/li>\n<li>It is possible to set up a geofence with a notification if the object is moved outside the area.<\/li>\n<li>Can be used as a backup tracker for additional security in an insurance solution.<\/li>\n<\/ul>\n","protected":false},"featured_media":2329,"template":"","meta":[],"product_brand":[],"product_cat":[15],"product_tag":[],"class_list":{"0":"post-3117","1":"product","2":"type-product","3":"status-publish","4":"has-post-thumbnail","6":"product_cat-ukategoriseret","8":"first","9":"instock","10":"taxable","11":"shipping-taxable","12":"purchasable","13":"product-type-simple"},"yoast_head":"<!-- This site is optimized with the Yoast SEO plugin v27.3 - https:\/\/yoast.com\/product\/yoast-seo-wordpress\/ -->\n<title>TM10: Battery Tracker - GPS-tracker &amp; Navigation | Sporing af bil | Fl\u00e5destyring | K\u00f8b online<\/title>\n<meta name=\"robots\" content=\"index, follow, max-snippet:-1, max-image-preview:large, max-video-preview:-1\" \/>\n<link rel=\"canonical\" href=\"https:\/\/trackme.dk\/en\/vare\/battery-tracker\/\" \/>\n<meta property=\"og:locale\" content=\"en_US\" \/>\n<meta property=\"og:type\" content=\"article\" \/>\n<meta property=\"og:title\" content=\"TM10: Battery Tracker - GPS-tracker &amp; Navigation | Sporing af bil | Fl\u00e5destyring | K\u00f8b online\" \/>\n<meta property=\"og:description\" content=\"From DKK 1,596.00 + VAT TrackMe TM10: Theft protection for valuables  Our battery GPS-TRACKER:   Has a battery that lasts up to 4 years  Has a SIM card covering the entire EU  Is easily and quickly mounted without a mechanic  Can be mounted in all types of valuables which you want to track, as well as cars and other vehicles and machinery.  Does not require an external power supply.  Lets you monitor vehicle and machinery fleets where a few daily position updates are sufficient.  Possible to change the 3 (AA) batteries by yourself  It is possible to set up a geofence with a notification if the object is moved outside the area.  Can be used as a backup tracker for additional security in an insurance solution.\" \/>\n<meta property=\"og:url\" content=\"https:\/\/trackme.dk\/en\/vare\/battery-tracker\/\" \/>\n<meta property=\"og:site_name\" content=\"GPS-tracker &amp; Navigation | Sporing af bil | Fl\u00e5destyring | K\u00f8b online\" \/>\n<meta property=\"article:publisher\" content=\"https:\/\/www.facebook.com\/people\/TrackMe\/100064072183958\/\" \/>\n<meta property=\"article:modified_time\" content=\"2024-12-18T10:38:45+00:00\" \/>\n<meta property=\"og:image\" content=\"https:\/\/trackme.dk\/wp-content\/uploads\/TM10-produktbillede-uden-vinger.jpg\" \/>\n\t<meta property=\"og:image:width\" content=\"714\" \/>\n\t<meta property=\"og:image:height\" content=\"462\" \/>\n\t<meta property=\"og:image:type\" content=\"image\/jpeg\" \/>\n<meta name=\"twitter:card\" content=\"summary_large_image\" \/>\n<meta name=\"twitter:label1\" content=\"Est. reading time\" \/>\n\t<meta name=\"twitter:data1\" content=\"3 minutes\" \/>\n<script type=\"application\/ld+json\" class=\"yoast-schema-graph\">{\"@context\":\"https:\\\/\\\/schema.org\",\"@graph\":[{\"@type\":\"WebPage\",\"@id\":\"https:\\\/\\\/trackme.dk\\\/en\\\/vare\\\/battery-tracker\\\/\",\"url\":\"https:\\\/\\\/trackme.dk\\\/en\\\/vare\\\/battery-tracker\\\/\",\"name\":\"TM10: Battery Tracker - GPS-tracker &amp; Navigation | Sporing af bil | Fl\u00e5destyring | K\u00f8b online\",\"isPartOf\":{\"@id\":\"https:\\\/\\\/trackme.dk\\\/en\\\/#website\"},\"primaryImageOfPage\":{\"@id\":\"https:\\\/\\\/trackme.dk\\\/en\\\/vare\\\/battery-tracker\\\/#primaryimage\"},\"image\":{\"@id\":\"https:\\\/\\\/trackme.dk\\\/en\\\/vare\\\/battery-tracker\\\/#primaryimage\"},\"thumbnailUrl\":\"https:\\\/\\\/trackme.dk\\\/wp-content\\\/uploads\\\/TM10-produktbillede-uden-vinger.jpg\",\"datePublished\":\"2023-03-17T13:19:47+00:00\",\"dateModified\":\"2024-12-18T10:38:45+00:00\",\"breadcrumb\":{\"@id\":\"https:\\\/\\\/trackme.dk\\\/en\\\/vare\\\/battery-tracker\\\/#breadcrumb\"},\"inLanguage\":\"en-US\",\"potentialAction\":[{\"@type\":\"ReadAction\",\"target\":[\"https:\\\/\\\/trackme.dk\\\/en\\\/vare\\\/battery-tracker\\\/\"]}]},{\"@type\":\"ImageObject\",\"inLanguage\":\"en-US\",\"@id\":\"https:\\\/\\\/trackme.dk\\\/en\\\/vare\\\/battery-tracker\\\/#primaryimage\",\"url\":\"https:\\\/\\\/trackme.dk\\\/wp-content\\\/uploads\\\/TM10-produktbillede-uden-vinger.jpg\",\"contentUrl\":\"https:\\\/\\\/trackme.dk\\\/wp-content\\\/uploads\\\/TM10-produktbillede-uden-vinger.jpg\",\"width\":714,\"height\":462},{\"@type\":\"BreadcrumbList\",\"@id\":\"https:\\\/\\\/trackme.dk\\\/en\\\/vare\\\/battery-tracker\\\/#breadcrumb\",\"itemListElement\":[{\"@type\":\"ListItem\",\"position\":1,\"name\":\"Hjem\",\"item\":\"https:\\\/\\\/trackme.dk\\\/en\\\/\"},{\"@type\":\"ListItem\",\"position\":2,\"name\":\"Shop\",\"item\":\"https:\\\/\\\/trackme.dk\\\/shop\\\/\"},{\"@type\":\"ListItem\",\"position\":3,\"name\":\"TM10: Battery Tracker\"}]},{\"@type\":\"WebSite\",\"@id\":\"https:\\\/\\\/trackme.dk\\\/en\\\/#website\",\"url\":\"https:\\\/\\\/trackme.dk\\\/en\\\/\",\"name\":\"TrackMe.dk\",\"description\":\"TrackMe leverer GPS-trackere, elektronisk k\u00f8rebog, skr\u00e6ddersyede l\u00f8sninger og forsikringsgodkendte sporinger til alle form\u00e5l og k\u00f8ret\u00f8jer. K\u00f8b online.\",\"publisher\":{\"@id\":\"https:\\\/\\\/trackme.dk\\\/en\\\/#organization\"},\"potentialAction\":[{\"@type\":\"SearchAction\",\"target\":{\"@type\":\"EntryPoint\",\"urlTemplate\":\"https:\\\/\\\/trackme.dk\\\/en\\\/?s={search_term_string}\"},\"query-input\":{\"@type\":\"PropertyValueSpecification\",\"valueRequired\":true,\"valueName\":\"search_term_string\"}}],\"inLanguage\":\"en-US\"},{\"@type\":\"Organization\",\"@id\":\"https:\\\/\\\/trackme.dk\\\/en\\\/#organization\",\"name\":\"TrackMe A\\\/S\",\"url\":\"https:\\\/\\\/trackme.dk\\\/en\\\/\",\"logo\":{\"@type\":\"ImageObject\",\"inLanguage\":\"en-US\",\"@id\":\"https:\\\/\\\/trackme.dk\\\/en\\\/#\\\/schema\\\/logo\\\/image\\\/\",\"url\":\"https:\\\/\\\/trackme.dk\\\/wp-content\\\/uploads\\\/cropped-TrackMe-ikon.png\",\"contentUrl\":\"https:\\\/\\\/trackme.dk\\\/wp-content\\\/uploads\\\/cropped-TrackMe-ikon.png\",\"width\":512,\"height\":512,\"caption\":\"TrackMe A\\\/S\"},\"image\":{\"@id\":\"https:\\\/\\\/trackme.dk\\\/en\\\/#\\\/schema\\\/logo\\\/image\\\/\"},\"sameAs\":[\"https:\\\/\\\/www.facebook.com\\\/people\\\/TrackMe\\\/100064072183958\\\/\",\"https:\\\/\\\/www.instagram.com\\\/trackmegps\\\/\"]}]}<\/script>\n<!-- \/ Yoast SEO plugin. -->","yoast_head_json":{"title":"TM10: Battery Tracker - GPS-tracker &amp; Navigation | Sporing af bil | Fl\u00e5destyring | K\u00f8b online","robots":{"index":"index","follow":"follow","max-snippet":"max-snippet:-1","max-image-preview":"max-image-preview:large","max-video-preview":"max-video-preview:-1"},"canonical":"https:\/\/trackme.dk\/en\/vare\/battery-tracker\/","og_locale":"en_US","og_type":"article","og_title":"TM10: Battery Tracker - GPS-tracker &amp; Navigation | Sporing af bil | Fl\u00e5destyring | K\u00f8b online","og_description":"From DKK 1,596.00 + VAT TrackMe TM10: Theft protection for valuables  Our battery GPS-TRACKER:   Has a battery that lasts up to 4 years  Has a SIM card covering the entire EU  Is easily and quickly mounted without a mechanic  Can be mounted in all types of valuables which you want to track, as well as cars and other vehicles and machinery.  Does not require an external power supply.  Lets you monitor vehicle and machinery fleets where a few daily position updates are sufficient.  Possible to change the 3 (AA) batteries by yourself  It is possible to set up a geofence with a notification if the object is moved outside the area.  Can be used as a backup tracker for additional security in an insurance solution.","og_url":"https:\/\/trackme.dk\/en\/vare\/battery-tracker\/","og_site_name":"GPS-tracker &amp; Navigation | Sporing af bil | Fl\u00e5destyring | K\u00f8b online","article_publisher":"https:\/\/www.facebook.com\/people\/TrackMe\/100064072183958\/","article_modified_time":"2024-12-18T10:38:45+00:00","og_image":[{"width":714,"height":462,"url":"https:\/\/trackme.dk\/wp-content\/uploads\/TM10-produktbillede-uden-vinger.jpg","type":"image\/jpeg"}],"twitter_card":"summary_large_image","twitter_misc":{"Est. reading time":"3 minutes"},"schema":{"@context":"https:\/\/schema.org","@graph":[{"@type":"WebPage","@id":"https:\/\/trackme.dk\/en\/vare\/battery-tracker\/","url":"https:\/\/trackme.dk\/en\/vare\/battery-tracker\/","name":"TM10: Battery Tracker - GPS-tracker &amp; Navigation | Sporing af bil | Fl\u00e5destyring | K\u00f8b online","isPartOf":{"@id":"https:\/\/trackme.dk\/en\/#website"},"primaryImageOfPage":{"@id":"https:\/\/trackme.dk\/en\/vare\/battery-tracker\/#primaryimage"},"image":{"@id":"https:\/\/trackme.dk\/en\/vare\/battery-tracker\/#primaryimage"},"thumbnailUrl":"https:\/\/trackme.dk\/wp-content\/uploads\/TM10-produktbillede-uden-vinger.jpg","datePublished":"2023-03-17T13:19:47+00:00","dateModified":"2024-12-18T10:38:45+00:00","breadcrumb":{"@id":"https:\/\/trackme.dk\/en\/vare\/battery-tracker\/#breadcrumb"},"inLanguage":"en-US","potentialAction":[{"@type":"ReadAction","target":["https:\/\/trackme.dk\/en\/vare\/battery-tracker\/"]}]},{"@type":"ImageObject","inLanguage":"en-US","@id":"https:\/\/trackme.dk\/en\/vare\/battery-tracker\/#primaryimage","url":"https:\/\/trackme.dk\/wp-content\/uploads\/TM10-produktbillede-uden-vinger.jpg","contentUrl":"https:\/\/trackme.dk\/wp-content\/uploads\/TM10-produktbillede-uden-vinger.jpg","width":714,"height":462},{"@type":"BreadcrumbList","@id":"https:\/\/trackme.dk\/en\/vare\/battery-tracker\/#breadcrumb","itemListElement":[{"@type":"ListItem","position":1,"name":"Hjem","item":"https:\/\/trackme.dk\/en\/"},{"@type":"ListItem","position":2,"name":"Shop","item":"https:\/\/trackme.dk\/shop\/"},{"@type":"ListItem","position":3,"name":"TM10: Battery Tracker"}]},{"@type":"WebSite","@id":"https:\/\/trackme.dk\/en\/#website","url":"https:\/\/trackme.dk\/en\/","name":"TrackMe.dk","description":"TrackMe leverer GPS-trackere, elektronisk k\u00f8rebog, skr\u00e6ddersyede l\u00f8sninger og forsikringsgodkendte sporinger til alle form\u00e5l og k\u00f8ret\u00f8jer. K\u00f8b online.","publisher":{"@id":"https:\/\/trackme.dk\/en\/#organization"},"potentialAction":[{"@type":"SearchAction","target":{"@type":"EntryPoint","urlTemplate":"https:\/\/trackme.dk\/en\/?s={search_term_string}"},"query-input":{"@type":"PropertyValueSpecification","valueRequired":true,"valueName":"search_term_string"}}],"inLanguage":"en-US"},{"@type":"Organization","@id":"https:\/\/trackme.dk\/en\/#organization","name":"TrackMe A\/S","url":"https:\/\/trackme.dk\/en\/","logo":{"@type":"ImageObject","inLanguage":"en-US","@id":"https:\/\/trackme.dk\/en\/#\/schema\/logo\/image\/","url":"https:\/\/trackme.dk\/wp-content\/uploads\/cropped-TrackMe-ikon.png","contentUrl":"https:\/\/trackme.dk\/wp-content\/uploads\/cropped-TrackMe-ikon.png","width":512,"height":512,"caption":"TrackMe A\/S"},"image":{"@id":"https:\/\/trackme.dk\/en\/#\/schema\/logo\/image\/"},"sameAs":["https:\/\/www.facebook.com\/people\/TrackMe\/100064072183958\/","https:\/\/www.instagram.com\/trackmegps\/"]}]}},"_links":{"self":[{"href":"https:\/\/trackme.dk\/en\/wp-json\/wp\/v2\/product\/3117","targetHints":{"allow":["GET"]}}],"collection":[{"href":"https:\/\/trackme.dk\/en\/wp-json\/wp\/v2\/product"}],"about":[{"href":"https:\/\/trackme.dk\/en\/wp-json\/wp\/v2\/types\/product"}],"wp:featuredmedia":[{"embeddable":true,"href":"https:\/\/trackme.dk\/en\/wp-json\/wp\/v2\/media\/2329"}],"wp:attachment":[{"href":"https:\/\/trackme.dk\/en\/wp-json\/wp\/v2\/media?parent=3117"}],"wp:term":[{"taxonomy":"product_brand","embeddable":true,"href":"https:\/\/trackme.dk\/en\/wp-json\/wp\/v2\/product_brand?post=3117"},{"taxonomy":"product_cat","embeddable":true,"href":"https:\/\/trackme.dk\/en\/wp-json\/wp\/v2\/product_cat?post=3117"},{"taxonomy":"product_tag","embeddable":true,"href":"https:\/\/trackme.dk\/en\/wp-json\/wp\/v2\/product_tag?post=3117"}],"curies":[{"name":"wp","href":"https:\/\/api.w.org\/{rel}","templated":true}]}}