{"id":3804,"date":"2024-04-17T09:01:05","date_gmt":"2024-04-17T07:01:05","guid":{"rendered":"https:\/\/trackme.dk\/articles\/how-does-gps-tracking-work-2-2\/"},"modified":"2024-04-19T15:42:15","modified_gmt":"2024-04-19T13:42:15","slug":"why-and-when-do-insurance-companies-require-gps-trackers","status":"publish","type":"page","link":"https:\/\/trackme.dk\/en\/articles\/why-and-when-do-insurance-companies-require-gps-trackers\/","title":{"rendered":"Why and when do insurance companies require GPS trackers?"},"content":{"rendered":"<p><img decoding=\"async\" src=\"\/wp-content\/uploads\/Hvorfor-og-hvornaar-stiller-forsikringsselskabet-krav-om-gps-tracker.jpg\" alt=\"\"><\/p>\n<h3>Why and when do insurance companies<\/h3>\n<h3>require GPS trackers<\/h3>\n<div>\n<p>Insurance companies may require the installation of GPS trackers for several reasons, primarily to reduce the risk of loss and increase security for both the insurer and the customer. Some of the reasons are the following:<\/p>\n<\/div>\n<div>\n<p><strong><u>Theft protection:<\/u><\/strong> Expensive cars are often a target for theft due to their high value. Installing a GPS tracker allows the insurance company to track the car in the event of theft, which can reduce the risk of loss and potentially result in lower insurance premiums for the customer.<\/p>\n<\/p>\n<p><strong><u>Insurance terms:<\/u><\/strong> Some insurance companies may require the installation of GPS trackers as a condition of insuring expensive cars.<\/p>\n<\/p>\n<p><strong><u>Requirements for the GPS tracker itself: <\/u><\/strong><\/p>\n<ul>\n<li>The GPS tracker must be permanently mounted<\/li>\n<li>Installation of the unit must be carried out by an authorized installer<\/li>\n<li>Documented with an installation declaration<\/li>\n<li>The device must have backup power for at least 12 hours<\/li>\n<li>The unit must be connected to a 24\/7 emergency call centre<\/li>\n<\/ul>\n<p>The timing of when insurers require GPS trackers may vary depending on the company&#8217;s policies and insurance contracts. This may be during the taking out of a new insurance, renewing an existing agreement or in response to changes in the risk profile of the customer or vehicle.<\/p>\n<\/p>\n<p>At Trackme, we offer a complete solution with an insurance-approved GPS tracker.\u00a0<\/p>\n<\/div>\n<p>\n    <a href=\"\/en\/vare\/insurance-approved-tracker\/\">See more  here<\/a>\n<\/p>\n<p><!--more--><br \/>\n<!-- {\"type\":\"layout\",\"children\":[{\"type\":\"section\",\"props\":{\"class\":\"orange-sektion\",\"image_position\":\"center-center\",\"style\":\"default\",\"title_breakpoint\":\"xl\",\"title_position\":\"top-left\",\"title_rotation\":\"left\",\"vertical_align\":\"middle\",\"width\":\"default\"},\"children\":[{\"type\":\"row\",\"props\":{\"divider\":true,\"layout\":\"1-2,1-2\"},\"children\":[{\"type\":\"column\",\"props\":{\"class\":\"ipad-map\",\"image_position\":\"center-center\",\"padding\":\"none\",\"position_sticky_breakpoint\":\"m\",\"style\":\"tile-default\",\"width_medium\":\"1-2\"},\"children\":[{\"type\":\"image\",\"props\":{\"image\":\"wp-content\\\/uploads\\\/Hvorfor-og-hvornaar-stiller-forsikringsselskabet-krav-om-gps-tracker.jpg\",\"image_svg_color\":\"emphasis\",\"margin\":\"default\"}}]},{\"type\":\"column\",\"props\":{\"image_position\":\"center-center\",\"position_sticky_breakpoint\":\"m\",\"vertical_align\":\"middle\",\"width_medium\":\"1-2\"},\"children\":[{\"type\":\"headline\",\"props\":{\"content\":\"Why and when do insurance companies\",\"margin_remove_bottom\":true,\"text_align\":\"left\",\"title_element\":\"h3\"}},{\"type\":\"headline\",\"props\":{\"content\":\"require GPS trackers\",\"margin_remove_top\":true,\"text_align\":\"left\",\"title_element\":\"h3\",\"title_style\":\"h2\"}},{\"type\":\"text\",\"props\":{\"block_align\":\"center\",\"column_breakpoint\":\"m\",\"content\":\"\n\n<p>Insurance companies may require the installation of GPS trackers for several reasons, primarily to reduce the risk of loss and increase security for both the insurer and the customer. Some of the reasons are the following:<\\\/p>\",\"margin\":\"default\",\"maxwidth\":\"2xlarge\",\"text_align\":\"left\"}}]}]}],\"name\":\"Header-sektion\"},{\"type\":\"section\",\"props\":{\"image_position\":\"center-center\",\"padding_remove_top\":true,\"style\":\"default\",\"title_breakpoint\":\"xl\",\"title_position\":\"top-left\",\"title_rotation\":\"left\",\"vertical_align\":\"middle\",\"width\":\"default\"},\"children\":[{\"type\":\"row\",\"children\":[{\"type\":\"column\",\"props\":{\"image_position\":\"center-center\",\"position_sticky_breakpoint\":\"m\",\"width_medium\":\"1-4\"}},{\"type\":\"column\",\"props\":{\"image_position\":\"center-center\",\"position_sticky_breakpoint\":\"m\",\"width_medium\":\"1-2\"},\"children\":[{\"type\":\"text\",\"props\":{\"column_breakpoint\":\"m\",\"content\":\"\n\n<p><strong><u>Theft protection:<\\\/u><\\\/strong> Expensive cars are often a target for theft due to their high value. Installing a GPS tracker allows the insurance company to track the car in the event of theft, which can reduce the risk of loss and potentially result in lower insurance premiums for the customer.<\\\/p>\\n\n\n<p><\\\/p>\\n\n\n<p><strong><u>Insurance terms:<\\\/u><\\\/strong> Some insurance companies may require the installation of GPS trackers as a condition of insuring expensive cars.<\\\/p>\\n\n\n<p><\\\/p>\\n\n\n<p><strong><u>Requirements for the GPS tracker itself: <\\\/u><\\\/strong><\\\/p>\\n\n\n<ul>\\n\n\n<li>The GPS tracker must be permanently mounted<\\\/li>\\n\n\n<li>Installation of the unit must be carried out by an authorized installer<\\\/li>\\n\n\n<li>Documented with an installation declaration<\\\/li>\\n\n\n<li>The device must have backup power for at least 12 hours<\\\/li>\\n\n\n<li>The unit must be connected to a 24\\\/7 emergency call centre<\\\/li>\\n<\\\/ul>\\n\n\n<p><\\\/p>\\n\n\n<p>The timing of when insurers require GPS trackers may vary depending on the company's policies and insurance contracts. This may be during the taking out of a new insurance, renewing an existing agreement or in response to changes in the risk profile of the customer or vehicle.<\\\/p>\\n\n\n<p><\\\/p>\\n\n\n<p>At Trackme, we offer a complete solution with an insurance-approved GPS tracker.\\u00a0<\\\/p>\",\"margin\":\"default\"}},{\"type\":\"button\",\"props\":{\"fullwidth\":false,\"grid_column_gap\":\"small\",\"grid_row_gap\":\"small\",\"margin\":\"default\"},\"children\":[{\"type\":\"button_item\",\"props\":{\"button_style\":\"default\",\"content\":\"See more  here\",\"icon_align\":\"left\",\"link\":\"en\\\/vare\\\/insurance-approved-tracker\\\/\"}}]}]},{\"type\":\"column\",\"props\":{\"image_position\":\"center-center\",\"position_sticky_breakpoint\":\"m\",\"width_medium\":\"1-4\"}}],\"props\":{\"layout\":\"1-4,1-2,1-4\"}}]}],\"version\":\"4.2.11\"} --><\/p>\n","protected":false},"excerpt":{"rendered":"<p>Why and when do insurance companies require GPS trackers Insurance companies may require the installation of GPS trackers for several reasons, primarily to reduce the risk of loss and increase security for both the insurer and the customer. Some of the reasons are the following: Theft protection: Expensive cars are often a target for theft [&hellip;]<\/p>\n","protected":false},"author":2,"featured_media":3782,"parent":3754,"menu_order":0,"comment_status":"closed","ping_status":"closed","template":"page-orange.php","meta":{"footnotes":""},"class_list":["post-3804","page","type-page","status-publish","has-post-thumbnail","hentry"],"yoast_head":"<!-- This site is optimized with the Yoast SEO plugin v27.3 - https:\/\/yoast.com\/product\/yoast-seo-wordpress\/ -->\n<title>Why and when do insurance companies require GPS trackers? - GPS-tracker &amp; Navigation | Sporing af bil | Fl\u00e5destyring | K\u00f8b online<\/title>\n<meta name=\"robots\" content=\"index, follow, max-snippet:-1, max-image-preview:large, max-video-preview:-1\" \/>\n<link rel=\"canonical\" href=\"https:\/\/trackme.dk\/en\/articles\/why-and-when-do-insurance-companies-require-gps-trackers\/\" \/>\n<meta property=\"og:locale\" content=\"en_US\" \/>\n<meta property=\"og:type\" content=\"article\" \/>\n<meta property=\"og:title\" content=\"Why and when do insurance companies require GPS trackers? - GPS-tracker &amp; Navigation | Sporing af bil | Fl\u00e5destyring | K\u00f8b online\" \/>\n<meta property=\"og:description\" content=\"Why and when do insurance companies require GPS trackers Insurance companies may require the installation of GPS trackers for several reasons, primarily to reduce the risk of loss and increase security for both the insurer and the customer. Some of the reasons are the following: Theft protection: Expensive cars are often a target for theft [&hellip;]\" \/>\n<meta property=\"og:url\" content=\"https:\/\/trackme.dk\/en\/articles\/why-and-when-do-insurance-companies-require-gps-trackers\/\" \/>\n<meta property=\"og:site_name\" content=\"GPS-tracker &amp; Navigation | Sporing af bil | Fl\u00e5destyring | K\u00f8b online\" \/>\n<meta property=\"article:publisher\" content=\"https:\/\/www.facebook.com\/people\/TrackMe\/100064072183958\/\" \/>\n<meta property=\"article:modified_time\" content=\"2024-04-19T13:42:15+00:00\" \/>\n<meta property=\"og:image\" content=\"https:\/\/trackme.dk\/wp-content\/uploads\/Hvorfor-og-hvornaar-stiller-forsikringsselskabet-krav-om-gps-tracker.jpg\" \/>\n\t<meta property=\"og:image:width\" content=\"1280\" \/>\n\t<meta property=\"og:image:height\" content=\"853\" \/>\n\t<meta property=\"og:image:type\" content=\"image\/jpeg\" \/>\n<meta name=\"twitter:card\" content=\"summary_large_image\" \/>\n<meta name=\"twitter:label1\" content=\"Est. reading time\" \/>\n\t<meta name=\"twitter:data1\" content=\"2 minutes\" \/>\n<script type=\"application\/ld+json\" class=\"yoast-schema-graph\">{\"@context\":\"https:\\\/\\\/schema.org\",\"@graph\":[{\"@type\":\"WebPage\",\"@id\":\"https:\\\/\\\/trackme.dk\\\/en\\\/articles\\\/why-and-when-do-insurance-companies-require-gps-trackers\\\/\",\"url\":\"https:\\\/\\\/trackme.dk\\\/en\\\/articles\\\/why-and-when-do-insurance-companies-require-gps-trackers\\\/\",\"name\":\"Why and when do insurance companies require GPS trackers? - GPS-tracker &amp; Navigation | Sporing af bil | Fl\u00e5destyring | K\u00f8b online\",\"isPartOf\":{\"@id\":\"https:\\\/\\\/trackme.dk\\\/en\\\/#website\"},\"primaryImageOfPage\":{\"@id\":\"https:\\\/\\\/trackme.dk\\\/en\\\/articles\\\/why-and-when-do-insurance-companies-require-gps-trackers\\\/#primaryimage\"},\"image\":{\"@id\":\"https:\\\/\\\/trackme.dk\\\/en\\\/articles\\\/why-and-when-do-insurance-companies-require-gps-trackers\\\/#primaryimage\"},\"thumbnailUrl\":\"https:\\\/\\\/trackme.dk\\\/wp-content\\\/uploads\\\/Hvorfor-og-hvornaar-stiller-forsikringsselskabet-krav-om-gps-tracker.jpg\",\"datePublished\":\"2024-04-17T07:01:05+00:00\",\"dateModified\":\"2024-04-19T13:42:15+00:00\",\"breadcrumb\":{\"@id\":\"https:\\\/\\\/trackme.dk\\\/en\\\/articles\\\/why-and-when-do-insurance-companies-require-gps-trackers\\\/#breadcrumb\"},\"inLanguage\":\"en-US\",\"potentialAction\":[{\"@type\":\"ReadAction\",\"target\":[\"https:\\\/\\\/trackme.dk\\\/en\\\/articles\\\/why-and-when-do-insurance-companies-require-gps-trackers\\\/\"]}]},{\"@type\":\"ImageObject\",\"inLanguage\":\"en-US\",\"@id\":\"https:\\\/\\\/trackme.dk\\\/en\\\/articles\\\/why-and-when-do-insurance-companies-require-gps-trackers\\\/#primaryimage\",\"url\":\"https:\\\/\\\/trackme.dk\\\/wp-content\\\/uploads\\\/Hvorfor-og-hvornaar-stiller-forsikringsselskabet-krav-om-gps-tracker.jpg\",\"contentUrl\":\"https:\\\/\\\/trackme.dk\\\/wp-content\\\/uploads\\\/Hvorfor-og-hvornaar-stiller-forsikringsselskabet-krav-om-gps-tracker.jpg\",\"width\":1280,\"height\":853},{\"@type\":\"BreadcrumbList\",\"@id\":\"https:\\\/\\\/trackme.dk\\\/en\\\/articles\\\/why-and-when-do-insurance-companies-require-gps-trackers\\\/#breadcrumb\",\"itemListElement\":[{\"@type\":\"ListItem\",\"position\":1,\"name\":\"Hjem\",\"item\":\"https:\\\/\\\/trackme.dk\\\/en\\\/\"},{\"@type\":\"ListItem\",\"position\":2,\"name\":\"Articles\",\"item\":\"https:\\\/\\\/trackme.dk\\\/en\\\/articles\\\/\"},{\"@type\":\"ListItem\",\"position\":3,\"name\":\"Why and when do insurance companies require GPS trackers?\"}]},{\"@type\":\"WebSite\",\"@id\":\"https:\\\/\\\/trackme.dk\\\/en\\\/#website\",\"url\":\"https:\\\/\\\/trackme.dk\\\/en\\\/\",\"name\":\"TrackMe.dk\",\"description\":\"TrackMe leverer GPS-trackere, elektronisk k\u00f8rebog, skr\u00e6ddersyede l\u00f8sninger og forsikringsgodkendte sporinger til alle form\u00e5l og k\u00f8ret\u00f8jer. K\u00f8b online.\",\"publisher\":{\"@id\":\"https:\\\/\\\/trackme.dk\\\/en\\\/#organization\"},\"potentialAction\":[{\"@type\":\"SearchAction\",\"target\":{\"@type\":\"EntryPoint\",\"urlTemplate\":\"https:\\\/\\\/trackme.dk\\\/en\\\/?s={search_term_string}\"},\"query-input\":{\"@type\":\"PropertyValueSpecification\",\"valueRequired\":true,\"valueName\":\"search_term_string\"}}],\"inLanguage\":\"en-US\"},{\"@type\":\"Organization\",\"@id\":\"https:\\\/\\\/trackme.dk\\\/en\\\/#organization\",\"name\":\"TrackMe A\\\/S\",\"url\":\"https:\\\/\\\/trackme.dk\\\/en\\\/\",\"logo\":{\"@type\":\"ImageObject\",\"inLanguage\":\"en-US\",\"@id\":\"https:\\\/\\\/trackme.dk\\\/en\\\/#\\\/schema\\\/logo\\\/image\\\/\",\"url\":\"https:\\\/\\\/trackme.dk\\\/wp-content\\\/uploads\\\/cropped-TrackMe-ikon.png\",\"contentUrl\":\"https:\\\/\\\/trackme.dk\\\/wp-content\\\/uploads\\\/cropped-TrackMe-ikon.png\",\"width\":512,\"height\":512,\"caption\":\"TrackMe A\\\/S\"},\"image\":{\"@id\":\"https:\\\/\\\/trackme.dk\\\/en\\\/#\\\/schema\\\/logo\\\/image\\\/\"},\"sameAs\":[\"https:\\\/\\\/www.facebook.com\\\/people\\\/TrackMe\\\/100064072183958\\\/\",\"https:\\\/\\\/www.instagram.com\\\/trackmegps\\\/\"]}]}<\/script>\n<!-- \/ Yoast SEO plugin. -->","yoast_head_json":{"title":"Why and when do insurance companies require GPS trackers? - GPS-tracker &amp; Navigation | Sporing af bil | Fl\u00e5destyring | K\u00f8b online","robots":{"index":"index","follow":"follow","max-snippet":"max-snippet:-1","max-image-preview":"max-image-preview:large","max-video-preview":"max-video-preview:-1"},"canonical":"https:\/\/trackme.dk\/en\/articles\/why-and-when-do-insurance-companies-require-gps-trackers\/","og_locale":"en_US","og_type":"article","og_title":"Why and when do insurance companies require GPS trackers? - GPS-tracker &amp; Navigation | Sporing af bil | Fl\u00e5destyring | K\u00f8b online","og_description":"Why and when do insurance companies require GPS trackers Insurance companies may require the installation of GPS trackers for several reasons, primarily to reduce the risk of loss and increase security for both the insurer and the customer. Some of the reasons are the following: Theft protection: Expensive cars are often a target for theft [&hellip;]","og_url":"https:\/\/trackme.dk\/en\/articles\/why-and-when-do-insurance-companies-require-gps-trackers\/","og_site_name":"GPS-tracker &amp; Navigation | Sporing af bil | Fl\u00e5destyring | K\u00f8b online","article_publisher":"https:\/\/www.facebook.com\/people\/TrackMe\/100064072183958\/","article_modified_time":"2024-04-19T13:42:15+00:00","og_image":[{"width":1280,"height":853,"url":"https:\/\/trackme.dk\/wp-content\/uploads\/Hvorfor-og-hvornaar-stiller-forsikringsselskabet-krav-om-gps-tracker.jpg","type":"image\/jpeg"}],"twitter_card":"summary_large_image","twitter_misc":{"Est. reading time":"2 minutes"},"schema":{"@context":"https:\/\/schema.org","@graph":[{"@type":"WebPage","@id":"https:\/\/trackme.dk\/en\/articles\/why-and-when-do-insurance-companies-require-gps-trackers\/","url":"https:\/\/trackme.dk\/en\/articles\/why-and-when-do-insurance-companies-require-gps-trackers\/","name":"Why and when do insurance companies require GPS trackers? - GPS-tracker &amp; Navigation | Sporing af bil | Fl\u00e5destyring | K\u00f8b online","isPartOf":{"@id":"https:\/\/trackme.dk\/en\/#website"},"primaryImageOfPage":{"@id":"https:\/\/trackme.dk\/en\/articles\/why-and-when-do-insurance-companies-require-gps-trackers\/#primaryimage"},"image":{"@id":"https:\/\/trackme.dk\/en\/articles\/why-and-when-do-insurance-companies-require-gps-trackers\/#primaryimage"},"thumbnailUrl":"https:\/\/trackme.dk\/wp-content\/uploads\/Hvorfor-og-hvornaar-stiller-forsikringsselskabet-krav-om-gps-tracker.jpg","datePublished":"2024-04-17T07:01:05+00:00","dateModified":"2024-04-19T13:42:15+00:00","breadcrumb":{"@id":"https:\/\/trackme.dk\/en\/articles\/why-and-when-do-insurance-companies-require-gps-trackers\/#breadcrumb"},"inLanguage":"en-US","potentialAction":[{"@type":"ReadAction","target":["https:\/\/trackme.dk\/en\/articles\/why-and-when-do-insurance-companies-require-gps-trackers\/"]}]},{"@type":"ImageObject","inLanguage":"en-US","@id":"https:\/\/trackme.dk\/en\/articles\/why-and-when-do-insurance-companies-require-gps-trackers\/#primaryimage","url":"https:\/\/trackme.dk\/wp-content\/uploads\/Hvorfor-og-hvornaar-stiller-forsikringsselskabet-krav-om-gps-tracker.jpg","contentUrl":"https:\/\/trackme.dk\/wp-content\/uploads\/Hvorfor-og-hvornaar-stiller-forsikringsselskabet-krav-om-gps-tracker.jpg","width":1280,"height":853},{"@type":"BreadcrumbList","@id":"https:\/\/trackme.dk\/en\/articles\/why-and-when-do-insurance-companies-require-gps-trackers\/#breadcrumb","itemListElement":[{"@type":"ListItem","position":1,"name":"Hjem","item":"https:\/\/trackme.dk\/en\/"},{"@type":"ListItem","position":2,"name":"Articles","item":"https:\/\/trackme.dk\/en\/articles\/"},{"@type":"ListItem","position":3,"name":"Why and when do insurance companies require GPS trackers?"}]},{"@type":"WebSite","@id":"https:\/\/trackme.dk\/en\/#website","url":"https:\/\/trackme.dk\/en\/","name":"TrackMe.dk","description":"TrackMe leverer GPS-trackere, elektronisk k\u00f8rebog, skr\u00e6ddersyede l\u00f8sninger og forsikringsgodkendte sporinger til alle form\u00e5l og k\u00f8ret\u00f8jer. K\u00f8b online.","publisher":{"@id":"https:\/\/trackme.dk\/en\/#organization"},"potentialAction":[{"@type":"SearchAction","target":{"@type":"EntryPoint","urlTemplate":"https:\/\/trackme.dk\/en\/?s={search_term_string}"},"query-input":{"@type":"PropertyValueSpecification","valueRequired":true,"valueName":"search_term_string"}}],"inLanguage":"en-US"},{"@type":"Organization","@id":"https:\/\/trackme.dk\/en\/#organization","name":"TrackMe A\/S","url":"https:\/\/trackme.dk\/en\/","logo":{"@type":"ImageObject","inLanguage":"en-US","@id":"https:\/\/trackme.dk\/en\/#\/schema\/logo\/image\/","url":"https:\/\/trackme.dk\/wp-content\/uploads\/cropped-TrackMe-ikon.png","contentUrl":"https:\/\/trackme.dk\/wp-content\/uploads\/cropped-TrackMe-ikon.png","width":512,"height":512,"caption":"TrackMe A\/S"},"image":{"@id":"https:\/\/trackme.dk\/en\/#\/schema\/logo\/image\/"},"sameAs":["https:\/\/www.facebook.com\/people\/TrackMe\/100064072183958\/","https:\/\/www.instagram.com\/trackmegps\/"]}]}},"_links":{"self":[{"href":"https:\/\/trackme.dk\/en\/wp-json\/wp\/v2\/pages\/3804","targetHints":{"allow":["GET"]}}],"collection":[{"href":"https:\/\/trackme.dk\/en\/wp-json\/wp\/v2\/pages"}],"about":[{"href":"https:\/\/trackme.dk\/en\/wp-json\/wp\/v2\/types\/page"}],"author":[{"embeddable":true,"href":"https:\/\/trackme.dk\/en\/wp-json\/wp\/v2\/users\/2"}],"replies":[{"embeddable":true,"href":"https:\/\/trackme.dk\/en\/wp-json\/wp\/v2\/comments?post=3804"}],"version-history":[{"count":3,"href":"https:\/\/trackme.dk\/en\/wp-json\/wp\/v2\/pages\/3804\/revisions"}],"predecessor-version":[{"id":3807,"href":"https:\/\/trackme.dk\/en\/wp-json\/wp\/v2\/pages\/3804\/revisions\/3807"}],"up":[{"embeddable":true,"href":"https:\/\/trackme.dk\/en\/wp-json\/wp\/v2\/pages\/3754"}],"wp:featuredmedia":[{"embeddable":true,"href":"https:\/\/trackme.dk\/en\/wp-json\/wp\/v2\/media\/3782"}],"wp:attachment":[{"href":"https:\/\/trackme.dk\/en\/wp-json\/wp\/v2\/media?parent=3804"}],"curies":[{"name":"wp","href":"https:\/\/api.w.org\/{rel}","templated":true}]}}