{"id":3801,"date":"2024-04-17T08:55:37","date_gmt":"2024-04-17T06:55:37","guid":{"rendered":"https:\/\/trackme.dk\/articles\/how-does-gps-tracking-work-2-2\/"},"modified":"2024-04-19T15:42:02","modified_gmt":"2024-04-19T13:42:02","slug":"good-to-know-before-installing-gps-tracking-in-your-company-cars","status":"publish","type":"page","link":"https:\/\/trackme.dk\/en\/articles\/good-to-know-before-installing-gps-tracking-in-your-company-cars\/","title":{"rendered":"Good to know before installing GPS tracking in your company cars"},"content":{"rendered":"<p><img decoding=\"async\" src=\"\/wp-content\/uploads\/Godt-at-vide-inden-du-montere-gps-sporing-i-firmabilerne.png\" alt=\"\"><\/p>\n<h3>Good to know before installing<\/h3>\n<h3>GPS tracking in your company cars<\/h3>\n<div>\n<p>Installing a GPS tracker in your company cars has many advantages and can help optimize the company&#8217;s operations. However, you must make sure to comply with personal data legislation and take the necessary precautions before installing the GPS tracker, as it is illegal to monitor employees without their knowledge.<\/p>\n<\/div>\n<div>\n<p><strong><u>Consent:<\/u><\/strong> The law in Denmark requires employees to give their consent to be monitored via GPS in company cars. It is important to inform employees about how the GPS tracking will be used and make sure to obtain their consent before installing the GPS tracker. The employee must also be notified of installation in a timely manner. In most cases, 6 weeks will need to be notified before the GPS tracker is installed.<\/p>\n<\/p>\n<p><strong><u>Purpose:<\/u><\/strong> The company must clearly define the purpose of GPS tracking in company cars. The purpose of mounting the GPS tracker may be to improve safety, efficiency, and logistics. GPS tracking, on the other hand, may not be used for illegal surveillance or interference with employees&#8217; privacy.<\/p>\n<\/p>\n<p><strong><u>Data storage:<\/u><\/strong> Data collected through GPS tracking must be processed and stored in accordance with personal data legislation. Data must be processed in accordance with good data processing practice and must not be stored longer than necessary in relation to the described purpose.<\/p>\n<\/p>\n<p><strong><u>Right to privacy:<\/u><\/strong> GPS tracking must not be misused to collect unnecessary information about employees&#8217; personal activities outside working hours. The monitoring must not be of significant disadvantage to the employee, and there must be operational and objective justification for the monitoring.<\/p>\n<\/p>\n<p><strong><u>Company policy:<\/u><\/strong> Employers should set clear guidelines for the use of GPS tracking in company cars. It is a good idea to make a written company policy in, for example, the employee handbook.<\/p>\n<\/p>\n<p>It is important that the company complies with GDP regulations when using GPS tracking of company cars.<\/p>\n<\/div>\n<p><!--more--><br \/>\n<!-- {\"type\":\"layout\",\"children\":[{\"type\":\"section\",\"props\":{\"class\":\"orange-sektion\",\"image_position\":\"center-center\",\"style\":\"default\",\"title_breakpoint\":\"xl\",\"title_position\":\"top-left\",\"title_rotation\":\"left\",\"vertical_align\":\"middle\",\"width\":\"default\"},\"children\":[{\"type\":\"row\",\"props\":{\"divider\":true,\"layout\":\"1-2,1-2\"},\"children\":[{\"type\":\"column\",\"props\":{\"class\":\"ipad-map\",\"image_position\":\"center-center\",\"padding\":\"none\",\"position_sticky_breakpoint\":\"m\",\"style\":\"tile-default\",\"width_medium\":\"1-2\"},\"children\":[{\"type\":\"image\",\"props\":{\"image\":\"wp-content\\\/uploads\\\/Godt-at-vide-inden-du-montere-gps-sporing-i-firmabilerne.png\",\"image_svg_color\":\"emphasis\",\"margin\":\"default\"}}]},{\"type\":\"column\",\"props\":{\"image_position\":\"center-center\",\"position_sticky_breakpoint\":\"m\",\"vertical_align\":\"middle\",\"width_medium\":\"1-2\"},\"children\":[{\"type\":\"headline\",\"props\":{\"content\":\"Good to know before installing\",\"margin_remove_bottom\":true,\"text_align\":\"left\",\"title_element\":\"h3\"}},{\"type\":\"headline\",\"props\":{\"content\":\"GPS tracking in your company cars\",\"margin_remove_top\":true,\"text_align\":\"left\",\"title_element\":\"h3\",\"title_style\":\"h2\"}},{\"type\":\"text\",\"props\":{\"block_align\":\"center\",\"column_breakpoint\":\"m\",\"content\":\"\n\n<p>Installing a GPS tracker in your company cars has many advantages and can help optimize the company's operations. However, you must make sure to comply with personal data legislation and take the necessary precautions before installing the GPS tracker, as it is illegal to monitor employees without their knowledge.<\\\/p>\",\"margin\":\"default\",\"maxwidth\":\"2xlarge\",\"text_align\":\"left\"}}]}]}],\"name\":\"Header-sektion\"},{\"type\":\"section\",\"props\":{\"image_position\":\"center-center\",\"padding_remove_top\":true,\"style\":\"default\",\"title_breakpoint\":\"xl\",\"title_position\":\"top-left\",\"title_rotation\":\"left\",\"vertical_align\":\"middle\",\"width\":\"default\"},\"children\":[{\"type\":\"row\",\"children\":[{\"type\":\"column\",\"props\":{\"image_position\":\"center-center\",\"position_sticky_breakpoint\":\"m\",\"width_medium\":\"1-4\"}},{\"type\":\"column\",\"props\":{\"image_position\":\"center-center\",\"position_sticky_breakpoint\":\"m\",\"width_medium\":\"1-2\"},\"children\":[{\"type\":\"text\",\"props\":{\"column_breakpoint\":\"m\",\"content\":\"\n\n<p><strong><u>Consent:<\\\/u><\\\/strong> The law in Denmark requires employees to give their consent to be monitored via GPS in company cars. It is important to inform employees about how the GPS tracking will be used and make sure to obtain their consent before installing the GPS tracker. The employee must also be notified of installation in a timely manner. In most cases, 6 weeks will need to be notified before the GPS tracker is installed.<\\\/p>\\n\n\n<p><\\\/p>\\n\n\n<p><strong><u>Purpose:<\\\/u><\\\/strong> The company must clearly define the purpose of GPS tracking in company cars. The purpose of mounting the GPS tracker may be to improve safety, efficiency, and logistics. GPS tracking, on the other hand, may not be used for illegal surveillance or interference with employees' privacy.<\\\/p>\\n\n\n<p><\\\/p>\\n\n\n<p><strong><u>Data storage:<\\\/u><\\\/strong> Data collected through GPS tracking must be processed and stored in accordance with personal data legislation. Data must be processed in accordance with good data processing practice and must not be stored longer than necessary in relation to the described purpose.<\\\/p>\\n\n\n<p><\\\/p>\\n\n\n<p><strong><u>Right to privacy:<\\\/u><\\\/strong> GPS tracking must not be misused to collect unnecessary information about employees' personal activities outside working hours. The monitoring must not be of significant disadvantage to the employee, and there must be operational and objective justification for the monitoring.<\\\/p>\\n\n\n<p><\\\/p>\\n\n\n<p><strong><u>Company policy:<\\\/u><\\\/strong> Employers should set clear guidelines for the use of GPS tracking in company cars. It is a good idea to make a written company policy in, for example, the employee handbook.<\\\/p>\\n\n\n<p><\\\/p>\\n\n\n<p>It is important that the company complies with GDP regulations when using GPS tracking of company cars.<\\\/p>\",\"margin\":\"default\"}}]},{\"type\":\"column\",\"props\":{\"image_position\":\"center-center\",\"position_sticky_breakpoint\":\"m\",\"width_medium\":\"1-4\"}}],\"props\":{\"layout\":\"1-4,1-2,1-4\"}}]}],\"version\":\"4.2.11\"} --><\/p>\n","protected":false},"excerpt":{"rendered":"<p>Good to know before installing GPS tracking in your company cars Installing a GPS tracker in your company cars has many advantages and can help optimize the company&#8217;s operations. However, you must make sure to comply with personal data legislation and take the necessary precautions before installing the GPS tracker, as it is illegal to [&hellip;]<\/p>\n","protected":false},"author":2,"featured_media":3865,"parent":3754,"menu_order":0,"comment_status":"closed","ping_status":"closed","template":"page-orange.php","meta":{"footnotes":""},"class_list":["post-3801","page","type-page","status-publish","has-post-thumbnail","hentry"],"yoast_head":"<!-- This site is optimized with the Yoast SEO plugin v27.3 - https:\/\/yoast.com\/product\/yoast-seo-wordpress\/ -->\n<title>Good to know before installing GPS tracking in your company cars - GPS-tracker &amp; Navigation | Sporing af bil | Fl\u00e5destyring | K\u00f8b online<\/title>\n<meta name=\"robots\" content=\"index, follow, max-snippet:-1, max-image-preview:large, max-video-preview:-1\" \/>\n<link rel=\"canonical\" href=\"https:\/\/trackme.dk\/en\/articles\/good-to-know-before-installing-gps-tracking-in-your-company-cars\/\" \/>\n<meta property=\"og:locale\" content=\"en_US\" \/>\n<meta property=\"og:type\" content=\"article\" \/>\n<meta property=\"og:title\" content=\"Good to know before installing GPS tracking in your company cars - GPS-tracker &amp; Navigation | Sporing af bil | Fl\u00e5destyring | K\u00f8b online\" \/>\n<meta property=\"og:description\" content=\"Good to know before installing GPS tracking in your company cars Installing a GPS tracker in your company cars has many advantages and can help optimize the company&#8217;s operations. However, you must make sure to comply with personal data legislation and take the necessary precautions before installing the GPS tracker, as it is illegal to [&hellip;]\" \/>\n<meta property=\"og:url\" content=\"https:\/\/trackme.dk\/en\/articles\/good-to-know-before-installing-gps-tracking-in-your-company-cars\/\" \/>\n<meta property=\"og:site_name\" content=\"GPS-tracker &amp; Navigation | Sporing af bil | Fl\u00e5destyring | K\u00f8b online\" \/>\n<meta property=\"article:publisher\" content=\"https:\/\/www.facebook.com\/people\/TrackMe\/100064072183958\/\" \/>\n<meta property=\"article:modified_time\" content=\"2024-04-19T13:42:02+00:00\" \/>\n<meta property=\"og:image\" content=\"https:\/\/trackme.dk\/wp-content\/uploads\/team-meeting.jpg\" \/>\n\t<meta property=\"og:image:width\" content=\"1089\" \/>\n\t<meta property=\"og:image:height\" content=\"725\" \/>\n\t<meta property=\"og:image:type\" content=\"image\/jpeg\" \/>\n<meta name=\"twitter:card\" content=\"summary_large_image\" \/>\n<meta name=\"twitter:label1\" content=\"Est. reading time\" \/>\n\t<meta name=\"twitter:data1\" content=\"2 minutes\" \/>\n<script type=\"application\/ld+json\" class=\"yoast-schema-graph\">{\"@context\":\"https:\\\/\\\/schema.org\",\"@graph\":[{\"@type\":\"WebPage\",\"@id\":\"https:\\\/\\\/trackme.dk\\\/en\\\/articles\\\/good-to-know-before-installing-gps-tracking-in-your-company-cars\\\/\",\"url\":\"https:\\\/\\\/trackme.dk\\\/en\\\/articles\\\/good-to-know-before-installing-gps-tracking-in-your-company-cars\\\/\",\"name\":\"Good to know before installing GPS tracking in your company cars - GPS-tracker &amp; Navigation | Sporing af bil | Fl\u00e5destyring | K\u00f8b online\",\"isPartOf\":{\"@id\":\"https:\\\/\\\/trackme.dk\\\/en\\\/#website\"},\"primaryImageOfPage\":{\"@id\":\"https:\\\/\\\/trackme.dk\\\/en\\\/articles\\\/good-to-know-before-installing-gps-tracking-in-your-company-cars\\\/#primaryimage\"},\"image\":{\"@id\":\"https:\\\/\\\/trackme.dk\\\/en\\\/articles\\\/good-to-know-before-installing-gps-tracking-in-your-company-cars\\\/#primaryimage\"},\"thumbnailUrl\":\"https:\\\/\\\/trackme.dk\\\/wp-content\\\/uploads\\\/team-meeting.jpg\",\"datePublished\":\"2024-04-17T06:55:37+00:00\",\"dateModified\":\"2024-04-19T13:42:02+00:00\",\"breadcrumb\":{\"@id\":\"https:\\\/\\\/trackme.dk\\\/en\\\/articles\\\/good-to-know-before-installing-gps-tracking-in-your-company-cars\\\/#breadcrumb\"},\"inLanguage\":\"en-US\",\"potentialAction\":[{\"@type\":\"ReadAction\",\"target\":[\"https:\\\/\\\/trackme.dk\\\/en\\\/articles\\\/good-to-know-before-installing-gps-tracking-in-your-company-cars\\\/\"]}]},{\"@type\":\"ImageObject\",\"inLanguage\":\"en-US\",\"@id\":\"https:\\\/\\\/trackme.dk\\\/en\\\/articles\\\/good-to-know-before-installing-gps-tracking-in-your-company-cars\\\/#primaryimage\",\"url\":\"https:\\\/\\\/trackme.dk\\\/wp-content\\\/uploads\\\/team-meeting.jpg\",\"contentUrl\":\"https:\\\/\\\/trackme.dk\\\/wp-content\\\/uploads\\\/team-meeting.jpg\",\"width\":1089,\"height\":725},{\"@type\":\"BreadcrumbList\",\"@id\":\"https:\\\/\\\/trackme.dk\\\/en\\\/articles\\\/good-to-know-before-installing-gps-tracking-in-your-company-cars\\\/#breadcrumb\",\"itemListElement\":[{\"@type\":\"ListItem\",\"position\":1,\"name\":\"Hjem\",\"item\":\"https:\\\/\\\/trackme.dk\\\/en\\\/\"},{\"@type\":\"ListItem\",\"position\":2,\"name\":\"Articles\",\"item\":\"https:\\\/\\\/trackme.dk\\\/en\\\/articles\\\/\"},{\"@type\":\"ListItem\",\"position\":3,\"name\":\"Good to know before installing GPS tracking in your company cars\"}]},{\"@type\":\"WebSite\",\"@id\":\"https:\\\/\\\/trackme.dk\\\/en\\\/#website\",\"url\":\"https:\\\/\\\/trackme.dk\\\/en\\\/\",\"name\":\"TrackMe.dk\",\"description\":\"TrackMe leverer GPS-trackere, elektronisk k\u00f8rebog, skr\u00e6ddersyede l\u00f8sninger og forsikringsgodkendte sporinger til alle form\u00e5l og k\u00f8ret\u00f8jer. K\u00f8b online.\",\"publisher\":{\"@id\":\"https:\\\/\\\/trackme.dk\\\/en\\\/#organization\"},\"potentialAction\":[{\"@type\":\"SearchAction\",\"target\":{\"@type\":\"EntryPoint\",\"urlTemplate\":\"https:\\\/\\\/trackme.dk\\\/en\\\/?s={search_term_string}\"},\"query-input\":{\"@type\":\"PropertyValueSpecification\",\"valueRequired\":true,\"valueName\":\"search_term_string\"}}],\"inLanguage\":\"en-US\"},{\"@type\":\"Organization\",\"@id\":\"https:\\\/\\\/trackme.dk\\\/en\\\/#organization\",\"name\":\"TrackMe A\\\/S\",\"url\":\"https:\\\/\\\/trackme.dk\\\/en\\\/\",\"logo\":{\"@type\":\"ImageObject\",\"inLanguage\":\"en-US\",\"@id\":\"https:\\\/\\\/trackme.dk\\\/en\\\/#\\\/schema\\\/logo\\\/image\\\/\",\"url\":\"https:\\\/\\\/trackme.dk\\\/wp-content\\\/uploads\\\/cropped-TrackMe-ikon.png\",\"contentUrl\":\"https:\\\/\\\/trackme.dk\\\/wp-content\\\/uploads\\\/cropped-TrackMe-ikon.png\",\"width\":512,\"height\":512,\"caption\":\"TrackMe A\\\/S\"},\"image\":{\"@id\":\"https:\\\/\\\/trackme.dk\\\/en\\\/#\\\/schema\\\/logo\\\/image\\\/\"},\"sameAs\":[\"https:\\\/\\\/www.facebook.com\\\/people\\\/TrackMe\\\/100064072183958\\\/\",\"https:\\\/\\\/www.instagram.com\\\/trackmegps\\\/\"]}]}<\/script>\n<!-- \/ Yoast SEO plugin. -->","yoast_head_json":{"title":"Good to know before installing GPS tracking in your company cars - GPS-tracker &amp; Navigation | Sporing af bil | Fl\u00e5destyring | K\u00f8b online","robots":{"index":"index","follow":"follow","max-snippet":"max-snippet:-1","max-image-preview":"max-image-preview:large","max-video-preview":"max-video-preview:-1"},"canonical":"https:\/\/trackme.dk\/en\/articles\/good-to-know-before-installing-gps-tracking-in-your-company-cars\/","og_locale":"en_US","og_type":"article","og_title":"Good to know before installing GPS tracking in your company cars - GPS-tracker &amp; Navigation | Sporing af bil | Fl\u00e5destyring | K\u00f8b online","og_description":"Good to know before installing GPS tracking in your company cars Installing a GPS tracker in your company cars has many advantages and can help optimize the company&#8217;s operations. However, you must make sure to comply with personal data legislation and take the necessary precautions before installing the GPS tracker, as it is illegal to [&hellip;]","og_url":"https:\/\/trackme.dk\/en\/articles\/good-to-know-before-installing-gps-tracking-in-your-company-cars\/","og_site_name":"GPS-tracker &amp; Navigation | Sporing af bil | Fl\u00e5destyring | K\u00f8b online","article_publisher":"https:\/\/www.facebook.com\/people\/TrackMe\/100064072183958\/","article_modified_time":"2024-04-19T13:42:02+00:00","og_image":[{"width":1089,"height":725,"url":"https:\/\/trackme.dk\/wp-content\/uploads\/team-meeting.jpg","type":"image\/jpeg"}],"twitter_card":"summary_large_image","twitter_misc":{"Est. reading time":"2 minutes"},"schema":{"@context":"https:\/\/schema.org","@graph":[{"@type":"WebPage","@id":"https:\/\/trackme.dk\/en\/articles\/good-to-know-before-installing-gps-tracking-in-your-company-cars\/","url":"https:\/\/trackme.dk\/en\/articles\/good-to-know-before-installing-gps-tracking-in-your-company-cars\/","name":"Good to know before installing GPS tracking in your company cars - GPS-tracker &amp; Navigation | Sporing af bil | Fl\u00e5destyring | K\u00f8b online","isPartOf":{"@id":"https:\/\/trackme.dk\/en\/#website"},"primaryImageOfPage":{"@id":"https:\/\/trackme.dk\/en\/articles\/good-to-know-before-installing-gps-tracking-in-your-company-cars\/#primaryimage"},"image":{"@id":"https:\/\/trackme.dk\/en\/articles\/good-to-know-before-installing-gps-tracking-in-your-company-cars\/#primaryimage"},"thumbnailUrl":"https:\/\/trackme.dk\/wp-content\/uploads\/team-meeting.jpg","datePublished":"2024-04-17T06:55:37+00:00","dateModified":"2024-04-19T13:42:02+00:00","breadcrumb":{"@id":"https:\/\/trackme.dk\/en\/articles\/good-to-know-before-installing-gps-tracking-in-your-company-cars\/#breadcrumb"},"inLanguage":"en-US","potentialAction":[{"@type":"ReadAction","target":["https:\/\/trackme.dk\/en\/articles\/good-to-know-before-installing-gps-tracking-in-your-company-cars\/"]}]},{"@type":"ImageObject","inLanguage":"en-US","@id":"https:\/\/trackme.dk\/en\/articles\/good-to-know-before-installing-gps-tracking-in-your-company-cars\/#primaryimage","url":"https:\/\/trackme.dk\/wp-content\/uploads\/team-meeting.jpg","contentUrl":"https:\/\/trackme.dk\/wp-content\/uploads\/team-meeting.jpg","width":1089,"height":725},{"@type":"BreadcrumbList","@id":"https:\/\/trackme.dk\/en\/articles\/good-to-know-before-installing-gps-tracking-in-your-company-cars\/#breadcrumb","itemListElement":[{"@type":"ListItem","position":1,"name":"Hjem","item":"https:\/\/trackme.dk\/en\/"},{"@type":"ListItem","position":2,"name":"Articles","item":"https:\/\/trackme.dk\/en\/articles\/"},{"@type":"ListItem","position":3,"name":"Good to know before installing GPS tracking in your company cars"}]},{"@type":"WebSite","@id":"https:\/\/trackme.dk\/en\/#website","url":"https:\/\/trackme.dk\/en\/","name":"TrackMe.dk","description":"TrackMe leverer GPS-trackere, elektronisk k\u00f8rebog, skr\u00e6ddersyede l\u00f8sninger og forsikringsgodkendte sporinger til alle form\u00e5l og k\u00f8ret\u00f8jer. K\u00f8b online.","publisher":{"@id":"https:\/\/trackme.dk\/en\/#organization"},"potentialAction":[{"@type":"SearchAction","target":{"@type":"EntryPoint","urlTemplate":"https:\/\/trackme.dk\/en\/?s={search_term_string}"},"query-input":{"@type":"PropertyValueSpecification","valueRequired":true,"valueName":"search_term_string"}}],"inLanguage":"en-US"},{"@type":"Organization","@id":"https:\/\/trackme.dk\/en\/#organization","name":"TrackMe A\/S","url":"https:\/\/trackme.dk\/en\/","logo":{"@type":"ImageObject","inLanguage":"en-US","@id":"https:\/\/trackme.dk\/en\/#\/schema\/logo\/image\/","url":"https:\/\/trackme.dk\/wp-content\/uploads\/cropped-TrackMe-ikon.png","contentUrl":"https:\/\/trackme.dk\/wp-content\/uploads\/cropped-TrackMe-ikon.png","width":512,"height":512,"caption":"TrackMe A\/S"},"image":{"@id":"https:\/\/trackme.dk\/en\/#\/schema\/logo\/image\/"},"sameAs":["https:\/\/www.facebook.com\/people\/TrackMe\/100064072183958\/","https:\/\/www.instagram.com\/trackmegps\/"]}]}},"_links":{"self":[{"href":"https:\/\/trackme.dk\/en\/wp-json\/wp\/v2\/pages\/3801","targetHints":{"allow":["GET"]}}],"collection":[{"href":"https:\/\/trackme.dk\/en\/wp-json\/wp\/v2\/pages"}],"about":[{"href":"https:\/\/trackme.dk\/en\/wp-json\/wp\/v2\/types\/page"}],"author":[{"embeddable":true,"href":"https:\/\/trackme.dk\/en\/wp-json\/wp\/v2\/users\/2"}],"replies":[{"embeddable":true,"href":"https:\/\/trackme.dk\/en\/wp-json\/wp\/v2\/comments?post=3801"}],"version-history":[{"count":2,"href":"https:\/\/trackme.dk\/en\/wp-json\/wp\/v2\/pages\/3801\/revisions"}],"predecessor-version":[{"id":3803,"href":"https:\/\/trackme.dk\/en\/wp-json\/wp\/v2\/pages\/3801\/revisions\/3803"}],"up":[{"embeddable":true,"href":"https:\/\/trackme.dk\/en\/wp-json\/wp\/v2\/pages\/3754"}],"wp:featuredmedia":[{"embeddable":true,"href":"https:\/\/trackme.dk\/en\/wp-json\/wp\/v2\/media\/3865"}],"wp:attachment":[{"href":"https:\/\/trackme.dk\/en\/wp-json\/wp\/v2\/media?parent=3801"}],"curies":[{"name":"wp","href":"https:\/\/api.w.org\/{rel}","templated":true}]}}