{"id":3793,"date":"2024-04-17T08:43:23","date_gmt":"2024-04-17T06:43:23","guid":{"rendered":"https:\/\/trackme.dk\/articles\/how-does-gps-tracking-work-2-2\/"},"modified":"2024-04-19T15:41:31","modified_gmt":"2024-04-19T13:41:31","slug":"what-is-fleet-management","status":"publish","type":"page","link":"https:\/\/trackme.dk\/en\/articles\/what-is-fleet-management\/","title":{"rendered":"What is fleet management?"},"content":{"rendered":"<p><img decoding=\"async\" src=\"\/wp-content\/uploads\/Hvad-er-flaadestyring.jpg\" alt=\"\"><\/p>\n<h3>what is<\/h3>\n<h3>fleet management<\/h3>\n<div>\n<p>Fleet management is when companies manage and monitor their fleet of vehicles, such as trucks, vans, machines, or trailers. The purpose of fleet management is to optimize the efficiency, safety and costs associated with operating a fleet of vehicles. Here are some of the fundamentals of fleet management and how it can be used:<\/p>\n<\/div>\n<div>\n<p><strong><u>Vehicle location and tracking system:<\/u><\/strong> Fleet management software uses GPS technology to track and locate the vehicles in real time. This allows companies to know exactly where their vehicles are located at any given moment. It also helps improve safety and efficiency by optimizing routes and scheduling tasks.<\/p>\n<\/p>\n<p><strong><u>ECO driving:<\/u><\/strong> Analyzing data on vehicle driving patterns and traffic conditions can help optimise routes and minimise driving time and fuel consumption.<\/p>\n<\/p>\n<p><strong><u>Fuel optimization:<\/u><\/strong> Monitoring fuel consumption and driving behaviour can help companies identify areas where fuel consumption can be reduced, such as unnecessary detours or inefficient driving behaviour.<\/p>\n<\/p>\n<p><strong><u>Maintenance planning:<\/u><\/strong> Scheduling regular service based on vehicle mileage or operating hours can help prevent unexpected breakdowns and extend vehicle life.<\/p>\n<\/p>\n<p><strong><u>Documented time consumption:<\/u><\/strong> With a GPS tracker you can easily document how long it has taken to perform specific tasks. You can use the data in connection with billing to customers or in other cases where the hourly consumption must be documented.<\/p>\n<\/p>\n<p>Overall, fleet management is used to give companies better control over their vehicles, improve efficiency and reduce costs by optimizing driving behavior, scheduling maintenance, and ensuring regulatory compliance.<\/p>\n<\/p>\n<p>At TrackMe, we offer a fleet management system with many options.\u00a0<\/p>\n<\/div>\n<p>\n    <a href=\"\/en\/fleet-management\/\">See more  here<\/a>\n<\/p>\n<p><!--more--><br \/>\n<!-- {\"type\":\"layout\",\"children\":[{\"type\":\"section\",\"props\":{\"class\":\"orange-sektion\",\"image_position\":\"center-center\",\"style\":\"default\",\"title_breakpoint\":\"xl\",\"title_position\":\"top-left\",\"title_rotation\":\"left\",\"vertical_align\":\"middle\",\"width\":\"default\"},\"children\":[{\"type\":\"row\",\"props\":{\"divider\":true,\"layout\":\"1-2,1-2\"},\"children\":[{\"type\":\"column\",\"props\":{\"class\":\"ipad-map\",\"image_position\":\"center-center\",\"padding\":\"none\",\"position_sticky_breakpoint\":\"m\",\"style\":\"tile-default\",\"width_medium\":\"1-2\"},\"children\":[{\"type\":\"image\",\"props\":{\"image\":\"wp-content\\\/uploads\\\/Hvad-er-flaadestyring.jpg\",\"image_svg_color\":\"emphasis\",\"margin\":\"default\"}}]},{\"type\":\"column\",\"props\":{\"image_position\":\"center-center\",\"position_sticky_breakpoint\":\"m\",\"vertical_align\":\"middle\",\"width_medium\":\"1-2\"},\"children\":[{\"type\":\"headline\",\"props\":{\"content\":\"what is\",\"margin_remove_bottom\":true,\"text_align\":\"left\",\"title_element\":\"h3\"}},{\"type\":\"headline\",\"props\":{\"content\":\"fleet management\",\"margin_remove_top\":true,\"text_align\":\"left\",\"title_element\":\"h3\",\"title_style\":\"h2\"}},{\"type\":\"text\",\"props\":{\"block_align\":\"center\",\"column_breakpoint\":\"m\",\"content\":\"\n\n<p>Fleet management is when companies manage and monitor their fleet of vehicles, such as trucks, vans, machines, or trailers. The purpose of fleet management is to optimize the efficiency, safety and costs associated with operating a fleet of vehicles. Here are some of the fundamentals of fleet management and how it can be used:<\\\/p>\",\"margin\":\"default\",\"maxwidth\":\"2xlarge\",\"text_align\":\"left\"}}]}]}],\"name\":\"Header-sektion\"},{\"type\":\"section\",\"props\":{\"image_position\":\"center-center\",\"padding_remove_top\":true,\"style\":\"default\",\"title_breakpoint\":\"xl\",\"title_position\":\"top-left\",\"title_rotation\":\"left\",\"vertical_align\":\"middle\",\"width\":\"default\"},\"children\":[{\"type\":\"row\",\"children\":[{\"type\":\"column\",\"props\":{\"image_position\":\"center-center\",\"position_sticky_breakpoint\":\"m\",\"width_medium\":\"1-4\"}},{\"type\":\"column\",\"props\":{\"image_position\":\"center-center\",\"position_sticky_breakpoint\":\"m\",\"width_medium\":\"1-2\"},\"children\":[{\"type\":\"text\",\"props\":{\"column_breakpoint\":\"m\",\"content\":\"\n\n<p><strong><u>Vehicle location and tracking system:<\\\/u><\\\/strong> Fleet management software uses GPS technology to track and locate the vehicles in real time. This allows companies to know exactly where their vehicles are located at any given moment. It also helps improve safety and efficiency by optimizing routes and scheduling tasks.<\\\/p>\\n\n\n<p><\\\/p>\\n\n\n<p><strong><u>ECO driving:<\\\/u><\\\/strong> Analyzing data on vehicle driving patterns and traffic conditions can help optimise routes and minimise driving time and fuel consumption.<\\\/p>\\n\n\n<p><\\\/p>\\n\n\n<p><strong><u>Fuel optimization:<\\\/u><\\\/strong> Monitoring fuel consumption and driving behaviour can help companies identify areas where fuel consumption can be reduced, such as unnecessary detours or inefficient driving behaviour.<\\\/p>\\n\n\n<p><\\\/p>\\n\n\n<p><strong><u>Maintenance planning:<\\\/u><\\\/strong> Scheduling regular service based on vehicle mileage or operating hours can help prevent unexpected breakdowns and extend vehicle life.<\\\/p>\\n\n\n<p><\\\/p>\\n\n\n<p><strong><u>Documented time consumption:<\\\/u><\\\/strong> With a GPS tracker you can easily document how long it has taken to perform specific tasks. You can use the data in connection with billing to customers or in other cases where the hourly consumption must be documented.<\\\/p>\\n\n\n<p><\\\/p>\\n\n\n<p>Overall, fleet management is used to give companies better control over their vehicles, improve efficiency and reduce costs by optimizing driving behavior, scheduling maintenance, and ensuring regulatory compliance.<\\\/p>\\n\n\n<p><\\\/p>\\n\n\n<p>At TrackMe, we offer a fleet management system with many options.\\u00a0<\\\/p>\",\"margin\":\"default\"}},{\"type\":\"button\",\"props\":{\"fullwidth\":false,\"grid_column_gap\":\"small\",\"grid_row_gap\":\"small\",\"margin\":\"default\"},\"children\":[{\"type\":\"button_item\",\"props\":{\"button_style\":\"default\",\"content\":\"See more  here\",\"icon_align\":\"left\",\"link\":\"en\\\/fleet-management\\\/\"}}]}]},{\"type\":\"column\",\"props\":{\"image_position\":\"center-center\",\"position_sticky_breakpoint\":\"m\",\"width_medium\":\"1-4\"}}],\"props\":{\"layout\":\"1-4,1-2,1-4\"}}]}],\"version\":\"4.2.11\"} --><\/p>\n","protected":false},"excerpt":{"rendered":"<p>what is fleet management Fleet management is when companies manage and monitor their fleet of vehicles, such as trucks, vans, machines, or trailers. The purpose of fleet management is to optimize the efficiency, safety and costs associated with operating a fleet of vehicles. Here are some of the fundamentals of fleet management and how it [&hellip;]<\/p>\n","protected":false},"author":2,"featured_media":3860,"parent":3754,"menu_order":0,"comment_status":"closed","ping_status":"closed","template":"page-orange.php","meta":{"footnotes":""},"class_list":["post-3793","page","type-page","status-publish","has-post-thumbnail","hentry"],"yoast_head":"<!-- This site is optimized with the Yoast SEO plugin v27.3 - https:\/\/yoast.com\/product\/yoast-seo-wordpress\/ -->\n<title>What is fleet management? - GPS-tracker &amp; Navigation | Sporing af bil | Fl\u00e5destyring | K\u00f8b online<\/title>\n<meta name=\"robots\" content=\"index, follow, max-snippet:-1, max-image-preview:large, max-video-preview:-1\" \/>\n<link rel=\"canonical\" href=\"https:\/\/trackme.dk\/en\/articles\/what-is-fleet-management\/\" \/>\n<meta property=\"og:locale\" content=\"en_US\" \/>\n<meta property=\"og:type\" content=\"article\" \/>\n<meta property=\"og:title\" content=\"What is fleet management? - GPS-tracker &amp; Navigation | Sporing af bil | Fl\u00e5destyring | K\u00f8b online\" \/>\n<meta property=\"og:description\" content=\"what is fleet management Fleet management is when companies manage and monitor their fleet of vehicles, such as trucks, vans, machines, or trailers. The purpose of fleet management is to optimize the efficiency, safety and costs associated with operating a fleet of vehicles. Here are some of the fundamentals of fleet management and how it [&hellip;]\" \/>\n<meta property=\"og:url\" content=\"https:\/\/trackme.dk\/en\/articles\/what-is-fleet-management\/\" \/>\n<meta property=\"og:site_name\" content=\"GPS-tracker &amp; Navigation | Sporing af bil | Fl\u00e5destyring | K\u00f8b online\" \/>\n<meta property=\"article:publisher\" content=\"https:\/\/www.facebook.com\/people\/TrackMe\/100064072183958\/\" \/>\n<meta property=\"article:modified_time\" content=\"2024-04-19T13:41:31+00:00\" \/>\n<meta property=\"og:image\" content=\"https:\/\/trackme.dk\/wp-content\/uploads\/kort-markers.jpg\" \/>\n\t<meta property=\"og:image:width\" content=\"485\" \/>\n\t<meta property=\"og:image:height\" content=\"323\" \/>\n\t<meta property=\"og:image:type\" content=\"image\/jpeg\" \/>\n<meta name=\"twitter:card\" content=\"summary_large_image\" \/>\n<meta name=\"twitter:label1\" content=\"Est. reading time\" \/>\n\t<meta name=\"twitter:data1\" content=\"2 minutes\" \/>\n<script type=\"application\/ld+json\" class=\"yoast-schema-graph\">{\"@context\":\"https:\\\/\\\/schema.org\",\"@graph\":[{\"@type\":\"WebPage\",\"@id\":\"https:\\\/\\\/trackme.dk\\\/en\\\/articles\\\/what-is-fleet-management\\\/\",\"url\":\"https:\\\/\\\/trackme.dk\\\/en\\\/articles\\\/what-is-fleet-management\\\/\",\"name\":\"What is fleet management? - GPS-tracker &amp; Navigation | Sporing af bil | Fl\u00e5destyring | K\u00f8b online\",\"isPartOf\":{\"@id\":\"https:\\\/\\\/trackme.dk\\\/en\\\/#website\"},\"primaryImageOfPage\":{\"@id\":\"https:\\\/\\\/trackme.dk\\\/en\\\/articles\\\/what-is-fleet-management\\\/#primaryimage\"},\"image\":{\"@id\":\"https:\\\/\\\/trackme.dk\\\/en\\\/articles\\\/what-is-fleet-management\\\/#primaryimage\"},\"thumbnailUrl\":\"https:\\\/\\\/trackme.dk\\\/wp-content\\\/uploads\\\/kort-markers.jpg\",\"datePublished\":\"2024-04-17T06:43:23+00:00\",\"dateModified\":\"2024-04-19T13:41:31+00:00\",\"breadcrumb\":{\"@id\":\"https:\\\/\\\/trackme.dk\\\/en\\\/articles\\\/what-is-fleet-management\\\/#breadcrumb\"},\"inLanguage\":\"en-US\",\"potentialAction\":[{\"@type\":\"ReadAction\",\"target\":[\"https:\\\/\\\/trackme.dk\\\/en\\\/articles\\\/what-is-fleet-management\\\/\"]}]},{\"@type\":\"ImageObject\",\"inLanguage\":\"en-US\",\"@id\":\"https:\\\/\\\/trackme.dk\\\/en\\\/articles\\\/what-is-fleet-management\\\/#primaryimage\",\"url\":\"https:\\\/\\\/trackme.dk\\\/wp-content\\\/uploads\\\/kort-markers.jpg\",\"contentUrl\":\"https:\\\/\\\/trackme.dk\\\/wp-content\\\/uploads\\\/kort-markers.jpg\",\"width\":485,\"height\":323},{\"@type\":\"BreadcrumbList\",\"@id\":\"https:\\\/\\\/trackme.dk\\\/en\\\/articles\\\/what-is-fleet-management\\\/#breadcrumb\",\"itemListElement\":[{\"@type\":\"ListItem\",\"position\":1,\"name\":\"Hjem\",\"item\":\"https:\\\/\\\/trackme.dk\\\/en\\\/\"},{\"@type\":\"ListItem\",\"position\":2,\"name\":\"Articles\",\"item\":\"https:\\\/\\\/trackme.dk\\\/en\\\/articles\\\/\"},{\"@type\":\"ListItem\",\"position\":3,\"name\":\"What is fleet management?\"}]},{\"@type\":\"WebSite\",\"@id\":\"https:\\\/\\\/trackme.dk\\\/en\\\/#website\",\"url\":\"https:\\\/\\\/trackme.dk\\\/en\\\/\",\"name\":\"TrackMe.dk\",\"description\":\"TrackMe leverer GPS-trackere, elektronisk k\u00f8rebog, skr\u00e6ddersyede l\u00f8sninger og forsikringsgodkendte sporinger til alle form\u00e5l og k\u00f8ret\u00f8jer. K\u00f8b online.\",\"publisher\":{\"@id\":\"https:\\\/\\\/trackme.dk\\\/en\\\/#organization\"},\"potentialAction\":[{\"@type\":\"SearchAction\",\"target\":{\"@type\":\"EntryPoint\",\"urlTemplate\":\"https:\\\/\\\/trackme.dk\\\/en\\\/?s={search_term_string}\"},\"query-input\":{\"@type\":\"PropertyValueSpecification\",\"valueRequired\":true,\"valueName\":\"search_term_string\"}}],\"inLanguage\":\"en-US\"},{\"@type\":\"Organization\",\"@id\":\"https:\\\/\\\/trackme.dk\\\/en\\\/#organization\",\"name\":\"TrackMe A\\\/S\",\"url\":\"https:\\\/\\\/trackme.dk\\\/en\\\/\",\"logo\":{\"@type\":\"ImageObject\",\"inLanguage\":\"en-US\",\"@id\":\"https:\\\/\\\/trackme.dk\\\/en\\\/#\\\/schema\\\/logo\\\/image\\\/\",\"url\":\"https:\\\/\\\/trackme.dk\\\/wp-content\\\/uploads\\\/cropped-TrackMe-ikon.png\",\"contentUrl\":\"https:\\\/\\\/trackme.dk\\\/wp-content\\\/uploads\\\/cropped-TrackMe-ikon.png\",\"width\":512,\"height\":512,\"caption\":\"TrackMe A\\\/S\"},\"image\":{\"@id\":\"https:\\\/\\\/trackme.dk\\\/en\\\/#\\\/schema\\\/logo\\\/image\\\/\"},\"sameAs\":[\"https:\\\/\\\/www.facebook.com\\\/people\\\/TrackMe\\\/100064072183958\\\/\",\"https:\\\/\\\/www.instagram.com\\\/trackmegps\\\/\"]}]}<\/script>\n<!-- \/ Yoast SEO plugin. -->","yoast_head_json":{"title":"What is fleet management? - GPS-tracker &amp; Navigation | Sporing af bil | Fl\u00e5destyring | K\u00f8b online","robots":{"index":"index","follow":"follow","max-snippet":"max-snippet:-1","max-image-preview":"max-image-preview:large","max-video-preview":"max-video-preview:-1"},"canonical":"https:\/\/trackme.dk\/en\/articles\/what-is-fleet-management\/","og_locale":"en_US","og_type":"article","og_title":"What is fleet management? - GPS-tracker &amp; Navigation | Sporing af bil | Fl\u00e5destyring | K\u00f8b online","og_description":"what is fleet management Fleet management is when companies manage and monitor their fleet of vehicles, such as trucks, vans, machines, or trailers. The purpose of fleet management is to optimize the efficiency, safety and costs associated with operating a fleet of vehicles. Here are some of the fundamentals of fleet management and how it [&hellip;]","og_url":"https:\/\/trackme.dk\/en\/articles\/what-is-fleet-management\/","og_site_name":"GPS-tracker &amp; Navigation | Sporing af bil | Fl\u00e5destyring | K\u00f8b online","article_publisher":"https:\/\/www.facebook.com\/people\/TrackMe\/100064072183958\/","article_modified_time":"2024-04-19T13:41:31+00:00","og_image":[{"width":485,"height":323,"url":"https:\/\/trackme.dk\/wp-content\/uploads\/kort-markers.jpg","type":"image\/jpeg"}],"twitter_card":"summary_large_image","twitter_misc":{"Est. reading time":"2 minutes"},"schema":{"@context":"https:\/\/schema.org","@graph":[{"@type":"WebPage","@id":"https:\/\/trackme.dk\/en\/articles\/what-is-fleet-management\/","url":"https:\/\/trackme.dk\/en\/articles\/what-is-fleet-management\/","name":"What is fleet management? - GPS-tracker &amp; Navigation | Sporing af bil | Fl\u00e5destyring | K\u00f8b online","isPartOf":{"@id":"https:\/\/trackme.dk\/en\/#website"},"primaryImageOfPage":{"@id":"https:\/\/trackme.dk\/en\/articles\/what-is-fleet-management\/#primaryimage"},"image":{"@id":"https:\/\/trackme.dk\/en\/articles\/what-is-fleet-management\/#primaryimage"},"thumbnailUrl":"https:\/\/trackme.dk\/wp-content\/uploads\/kort-markers.jpg","datePublished":"2024-04-17T06:43:23+00:00","dateModified":"2024-04-19T13:41:31+00:00","breadcrumb":{"@id":"https:\/\/trackme.dk\/en\/articles\/what-is-fleet-management\/#breadcrumb"},"inLanguage":"en-US","potentialAction":[{"@type":"ReadAction","target":["https:\/\/trackme.dk\/en\/articles\/what-is-fleet-management\/"]}]},{"@type":"ImageObject","inLanguage":"en-US","@id":"https:\/\/trackme.dk\/en\/articles\/what-is-fleet-management\/#primaryimage","url":"https:\/\/trackme.dk\/wp-content\/uploads\/kort-markers.jpg","contentUrl":"https:\/\/trackme.dk\/wp-content\/uploads\/kort-markers.jpg","width":485,"height":323},{"@type":"BreadcrumbList","@id":"https:\/\/trackme.dk\/en\/articles\/what-is-fleet-management\/#breadcrumb","itemListElement":[{"@type":"ListItem","position":1,"name":"Hjem","item":"https:\/\/trackme.dk\/en\/"},{"@type":"ListItem","position":2,"name":"Articles","item":"https:\/\/trackme.dk\/en\/articles\/"},{"@type":"ListItem","position":3,"name":"What is fleet management?"}]},{"@type":"WebSite","@id":"https:\/\/trackme.dk\/en\/#website","url":"https:\/\/trackme.dk\/en\/","name":"TrackMe.dk","description":"TrackMe leverer GPS-trackere, elektronisk k\u00f8rebog, skr\u00e6ddersyede l\u00f8sninger og forsikringsgodkendte sporinger til alle form\u00e5l og k\u00f8ret\u00f8jer. K\u00f8b online.","publisher":{"@id":"https:\/\/trackme.dk\/en\/#organization"},"potentialAction":[{"@type":"SearchAction","target":{"@type":"EntryPoint","urlTemplate":"https:\/\/trackme.dk\/en\/?s={search_term_string}"},"query-input":{"@type":"PropertyValueSpecification","valueRequired":true,"valueName":"search_term_string"}}],"inLanguage":"en-US"},{"@type":"Organization","@id":"https:\/\/trackme.dk\/en\/#organization","name":"TrackMe A\/S","url":"https:\/\/trackme.dk\/en\/","logo":{"@type":"ImageObject","inLanguage":"en-US","@id":"https:\/\/trackme.dk\/en\/#\/schema\/logo\/image\/","url":"https:\/\/trackme.dk\/wp-content\/uploads\/cropped-TrackMe-ikon.png","contentUrl":"https:\/\/trackme.dk\/wp-content\/uploads\/cropped-TrackMe-ikon.png","width":512,"height":512,"caption":"TrackMe A\/S"},"image":{"@id":"https:\/\/trackme.dk\/en\/#\/schema\/logo\/image\/"},"sameAs":["https:\/\/www.facebook.com\/people\/TrackMe\/100064072183958\/","https:\/\/www.instagram.com\/trackmegps\/"]}]}},"_links":{"self":[{"href":"https:\/\/trackme.dk\/en\/wp-json\/wp\/v2\/pages\/3793","targetHints":{"allow":["GET"]}}],"collection":[{"href":"https:\/\/trackme.dk\/en\/wp-json\/wp\/v2\/pages"}],"about":[{"href":"https:\/\/trackme.dk\/en\/wp-json\/wp\/v2\/types\/page"}],"author":[{"embeddable":true,"href":"https:\/\/trackme.dk\/en\/wp-json\/wp\/v2\/users\/2"}],"replies":[{"embeddable":true,"href":"https:\/\/trackme.dk\/en\/wp-json\/wp\/v2\/comments?post=3793"}],"version-history":[{"count":3,"href":"https:\/\/trackme.dk\/en\/wp-json\/wp\/v2\/pages\/3793\/revisions"}],"predecessor-version":[{"id":3796,"href":"https:\/\/trackme.dk\/en\/wp-json\/wp\/v2\/pages\/3793\/revisions\/3796"}],"up":[{"embeddable":true,"href":"https:\/\/trackme.dk\/en\/wp-json\/wp\/v2\/pages\/3754"}],"wp:featuredmedia":[{"embeddable":true,"href":"https:\/\/trackme.dk\/en\/wp-json\/wp\/v2\/media\/3860"}],"wp:attachment":[{"href":"https:\/\/trackme.dk\/en\/wp-json\/wp\/v2\/media?parent=3793"}],"curies":[{"name":"wp","href":"https:\/\/api.w.org\/{rel}","templated":true}]}}