{"id":3790,"date":"2024-04-16T15:00:02","date_gmt":"2024-04-16T13:00:02","guid":{"rendered":"https:\/\/trackme.dk\/articles\/how-does-gps-tracking-work-2-2\/"},"modified":"2024-04-19T15:42:30","modified_gmt":"2024-04-19T13:42:30","slug":"document-your-co2-consumption-on-your-company-cars","status":"publish","type":"page","link":"https:\/\/trackme.dk\/en\/articles\/document-your-co2-consumption-on-your-company-cars\/","title":{"rendered":"Document your CO2 consumption on your company cars"},"content":{"rendered":"<p><img decoding=\"async\" src=\"\/wp-content\/uploads\/Dokumenter-dit-CO2-forbrug-paa-dine-firmabiler.jpg\" alt=\"\"><\/p>\n<h3>Document your CO2 consumption<\/h3>\n<h3>on your company cars<\/h3>\n<div>\n<p>From 1 January 2023, new climate requirements have been introduced, which mean that companies in construction and transport must be able to document their CO2 consumption on their cars. At a time when the &#8220;green transition&#8221; is really gaining ground and where necessary documentation is required, it is important to be at the forefront. The new rules and the goal of reducing CO2 emissions will have a major impact on several industries.<\/p>\n<\/div>\n<div>\n<p>At TrackMe, we can help you receive data so you can meet the new climate requirements.\u00a0 With our system, you can easily and quickly receive CO2 reports on your vehicles. The information about your vehicle is automatically received in the Motor Register, all you have to do is enter your registration number into TrackMe&#8217;s system. Then all relevant calculations will be collected in a CO2 report, which you can easily download.<\/p>\n<\/p>\n<p>The finished CO2 report shows the CO2 footprint of your cars. You can download reports for a specific construction project or a given period. The report can also be made for a single car or your entire fleet of cars. As a company, you can quickly and easily download the reports you may need to be part of a construction project where documentation of CO2 consumption is required.<\/p>\n<\/p>\n<p>In the future, there will be an increased focus on climate footprint and documentation of CO2 consumption. Therefore, it is important to be at the forefront of development and be prepared when the necessary documentation is to be presented. Companies that can easily and quickly provide the required documentation will be one step ahead of the competition when bidding for future projects.<\/p>\n<\/p>\n<p>With TrackMe&#8217;s system, you can easily and quickly document your CO2 consumption and live up to climate requirements.<\/p>\n<\/div>\n<p>\n    <a href=\"\/en\/co2-reports\/\">See more  here<\/a>\n<\/p>\n<p><!--more--><br \/>\n<!-- {\"type\":\"layout\",\"children\":[{\"type\":\"section\",\"props\":{\"class\":\"orange-sektion\",\"image_position\":\"center-center\",\"style\":\"default\",\"title_breakpoint\":\"xl\",\"title_position\":\"top-left\",\"title_rotation\":\"left\",\"vertical_align\":\"middle\",\"width\":\"default\"},\"children\":[{\"type\":\"row\",\"props\":{\"divider\":true,\"layout\":\"1-2,1-2\"},\"children\":[{\"type\":\"column\",\"props\":{\"class\":\"ipad-map\",\"image_position\":\"center-center\",\"padding\":\"none\",\"position_sticky_breakpoint\":\"m\",\"style\":\"tile-default\",\"width_medium\":\"1-2\"},\"children\":[{\"type\":\"image\",\"props\":{\"image\":\"wp-content\\\/uploads\\\/Dokumenter-dit-CO2-forbrug-paa-dine-firmabiler.jpg\",\"image_svg_color\":\"emphasis\",\"margin\":\"default\"}}]},{\"type\":\"column\",\"props\":{\"image_position\":\"center-center\",\"position_sticky_breakpoint\":\"m\",\"vertical_align\":\"middle\",\"width_medium\":\"1-2\"},\"children\":[{\"type\":\"headline\",\"props\":{\"content\":\"Document your CO2 consumption\",\"margin_remove_bottom\":true,\"text_align\":\"left\",\"title_element\":\"h3\"}},{\"type\":\"headline\",\"props\":{\"content\":\"on your company cars\",\"margin_remove_top\":true,\"text_align\":\"left\",\"title_element\":\"h3\",\"title_style\":\"h2\"}},{\"type\":\"text\",\"props\":{\"block_align\":\"center\",\"column_breakpoint\":\"m\",\"content\":\"\n\n<p>From 1 January 2023, new climate requirements have been introduced, which mean that companies in construction and transport must be able to document their CO2 consumption on their cars. At a time when the \\\"green transition\\\" is really gaining ground and where necessary documentation is required, it is important to be at the forefront. The new rules and the goal of reducing CO2 emissions will have a major impact on several industries.<\\\/p>\",\"margin\":\"default\",\"maxwidth\":\"2xlarge\",\"text_align\":\"left\"}}]}]}],\"name\":\"Header-sektion\"},{\"type\":\"section\",\"props\":{\"image_position\":\"center-center\",\"padding_remove_top\":true,\"style\":\"default\",\"title_breakpoint\":\"xl\",\"title_position\":\"top-left\",\"title_rotation\":\"left\",\"vertical_align\":\"middle\",\"width\":\"default\"},\"children\":[{\"type\":\"row\",\"children\":[{\"type\":\"column\",\"props\":{\"image_position\":\"center-center\",\"position_sticky_breakpoint\":\"m\",\"width_medium\":\"1-4\"}},{\"type\":\"column\",\"props\":{\"image_position\":\"center-center\",\"position_sticky_breakpoint\":\"m\",\"width_medium\":\"1-2\"},\"children\":[{\"type\":\"text\",\"props\":{\"column_breakpoint\":\"m\",\"content\":\"\n\n<p>At TrackMe, we can help you receive data so you can meet the new climate requirements.\\u00a0 With our system, you can easily and quickly receive CO2 reports on your vehicles. The information about your vehicle is automatically received in the Motor Register, all you have to do is enter your registration number into TrackMe's system. Then all relevant calculations will be collected in a CO2 report, which you can easily download.<\\\/p>\\n\n\n<p><\\\/p>\\n\n\n<p>The finished CO2 report shows the CO2 footprint of your cars. You can download reports for a specific construction project or a given period. The report can also be made for a single car or your entire fleet of cars. As a company, you can quickly and easily download the reports you may need to be part of a construction project where documentation of CO2 consumption is required.<\\\/p>\\n\n\n<p><\\\/p>\\n\n\n<p>In the future, there will be an increased focus on climate footprint and documentation of CO2 consumption. Therefore, it is important to be at the forefront of development and be prepared when the necessary documentation is to be presented. Companies that can easily and quickly provide the required documentation will be one step ahead of the competition when bidding for future projects.<\\\/p>\\n\n\n<p><\\\/p>\\n\n\n<p>With TrackMe's system, you can easily and quickly document your CO2 consumption and live up to climate requirements.<\\\/p>\",\"margin\":\"default\"}},{\"type\":\"button\",\"props\":{\"fullwidth\":false,\"grid_column_gap\":\"small\",\"grid_row_gap\":\"small\",\"margin\":\"default\"},\"children\":[{\"type\":\"button_item\",\"props\":{\"button_style\":\"default\",\"content\":\"See more  here\",\"icon_align\":\"left\",\"link\":\"en\\\/co2-reports\\\/\"}}]}]},{\"type\":\"column\",\"props\":{\"image_position\":\"center-center\",\"position_sticky_breakpoint\":\"m\",\"width_medium\":\"1-4\"}}],\"props\":{\"layout\":\"1-4,1-2,1-4\"}}]}],\"version\":\"4.2.11\"} --><\/p>\n","protected":false},"excerpt":{"rendered":"<p>Document your CO2 consumption on your company cars From 1 January 2023, new climate requirements have been introduced, which mean that companies in construction and transport must be able to document their CO2 consumption on their cars. At a time when the &#8220;green transition&#8221; is really gaining ground and where necessary documentation is required, it [&hellip;]<\/p>\n","protected":false},"author":2,"featured_media":3762,"parent":3754,"menu_order":0,"comment_status":"closed","ping_status":"closed","template":"page-orange.php","meta":{"footnotes":""},"class_list":["post-3790","page","type-page","status-publish","has-post-thumbnail","hentry"],"yoast_head":"<!-- This site is optimized with the Yoast SEO plugin v27.3 - https:\/\/yoast.com\/product\/yoast-seo-wordpress\/ -->\n<title>Document your CO2 consumption on your company cars - GPS-tracker &amp; Navigation | Sporing af bil | Fl\u00e5destyring | K\u00f8b online<\/title>\n<meta name=\"robots\" content=\"index, follow, max-snippet:-1, max-image-preview:large, max-video-preview:-1\" \/>\n<link rel=\"canonical\" href=\"https:\/\/trackme.dk\/en\/articles\/document-your-co2-consumption-on-your-company-cars\/\" \/>\n<meta property=\"og:locale\" content=\"en_US\" \/>\n<meta property=\"og:type\" content=\"article\" \/>\n<meta property=\"og:title\" content=\"Document your CO2 consumption on your company cars - GPS-tracker &amp; Navigation | Sporing af bil | Fl\u00e5destyring | K\u00f8b online\" \/>\n<meta property=\"og:description\" content=\"Document your CO2 consumption on your company cars From 1 January 2023, new climate requirements have been introduced, which mean that companies in construction and transport must be able to document their CO2 consumption on their cars. At a time when the &#8220;green transition&#8221; is really gaining ground and where necessary documentation is required, it [&hellip;]\" \/>\n<meta property=\"og:url\" content=\"https:\/\/trackme.dk\/en\/articles\/document-your-co2-consumption-on-your-company-cars\/\" \/>\n<meta property=\"og:site_name\" content=\"GPS-tracker &amp; Navigation | Sporing af bil | Fl\u00e5destyring | K\u00f8b online\" \/>\n<meta property=\"article:publisher\" content=\"https:\/\/www.facebook.com\/people\/TrackMe\/100064072183958\/\" \/>\n<meta property=\"article:modified_time\" content=\"2024-04-19T13:42:30+00:00\" \/>\n<meta property=\"og:image\" content=\"https:\/\/trackme.dk\/wp-content\/uploads\/Dokumenter-dit-CO2-forbrug-paa-dine-firmabiler.jpg\" \/>\n\t<meta property=\"og:image:width\" content=\"1280\" \/>\n\t<meta property=\"og:image:height\" content=\"853\" \/>\n\t<meta property=\"og:image:type\" content=\"image\/jpeg\" \/>\n<meta name=\"twitter:card\" content=\"summary_large_image\" \/>\n<meta name=\"twitter:label1\" content=\"Est. reading time\" \/>\n\t<meta name=\"twitter:data1\" content=\"2 minutes\" \/>\n<script type=\"application\/ld+json\" class=\"yoast-schema-graph\">{\"@context\":\"https:\\\/\\\/schema.org\",\"@graph\":[{\"@type\":\"WebPage\",\"@id\":\"https:\\\/\\\/trackme.dk\\\/en\\\/articles\\\/document-your-co2-consumption-on-your-company-cars\\\/\",\"url\":\"https:\\\/\\\/trackme.dk\\\/en\\\/articles\\\/document-your-co2-consumption-on-your-company-cars\\\/\",\"name\":\"Document your CO2 consumption on your company cars - GPS-tracker &amp; Navigation | Sporing af bil | Fl\u00e5destyring | K\u00f8b online\",\"isPartOf\":{\"@id\":\"https:\\\/\\\/trackme.dk\\\/en\\\/#website\"},\"primaryImageOfPage\":{\"@id\":\"https:\\\/\\\/trackme.dk\\\/en\\\/articles\\\/document-your-co2-consumption-on-your-company-cars\\\/#primaryimage\"},\"image\":{\"@id\":\"https:\\\/\\\/trackme.dk\\\/en\\\/articles\\\/document-your-co2-consumption-on-your-company-cars\\\/#primaryimage\"},\"thumbnailUrl\":\"https:\\\/\\\/trackme.dk\\\/wp-content\\\/uploads\\\/Dokumenter-dit-CO2-forbrug-paa-dine-firmabiler.jpg\",\"datePublished\":\"2024-04-16T13:00:02+00:00\",\"dateModified\":\"2024-04-19T13:42:30+00:00\",\"breadcrumb\":{\"@id\":\"https:\\\/\\\/trackme.dk\\\/en\\\/articles\\\/document-your-co2-consumption-on-your-company-cars\\\/#breadcrumb\"},\"inLanguage\":\"en-US\",\"potentialAction\":[{\"@type\":\"ReadAction\",\"target\":[\"https:\\\/\\\/trackme.dk\\\/en\\\/articles\\\/document-your-co2-consumption-on-your-company-cars\\\/\"]}]},{\"@type\":\"ImageObject\",\"inLanguage\":\"en-US\",\"@id\":\"https:\\\/\\\/trackme.dk\\\/en\\\/articles\\\/document-your-co2-consumption-on-your-company-cars\\\/#primaryimage\",\"url\":\"https:\\\/\\\/trackme.dk\\\/wp-content\\\/uploads\\\/Dokumenter-dit-CO2-forbrug-paa-dine-firmabiler.jpg\",\"contentUrl\":\"https:\\\/\\\/trackme.dk\\\/wp-content\\\/uploads\\\/Dokumenter-dit-CO2-forbrug-paa-dine-firmabiler.jpg\",\"width\":1280,\"height\":853},{\"@type\":\"BreadcrumbList\",\"@id\":\"https:\\\/\\\/trackme.dk\\\/en\\\/articles\\\/document-your-co2-consumption-on-your-company-cars\\\/#breadcrumb\",\"itemListElement\":[{\"@type\":\"ListItem\",\"position\":1,\"name\":\"Hjem\",\"item\":\"https:\\\/\\\/trackme.dk\\\/en\\\/\"},{\"@type\":\"ListItem\",\"position\":2,\"name\":\"Articles\",\"item\":\"https:\\\/\\\/trackme.dk\\\/en\\\/articles\\\/\"},{\"@type\":\"ListItem\",\"position\":3,\"name\":\"Document your CO2 consumption on your company cars\"}]},{\"@type\":\"WebSite\",\"@id\":\"https:\\\/\\\/trackme.dk\\\/en\\\/#website\",\"url\":\"https:\\\/\\\/trackme.dk\\\/en\\\/\",\"name\":\"TrackMe.dk\",\"description\":\"TrackMe leverer GPS-trackere, elektronisk k\u00f8rebog, skr\u00e6ddersyede l\u00f8sninger og forsikringsgodkendte sporinger til alle form\u00e5l og k\u00f8ret\u00f8jer. K\u00f8b online.\",\"publisher\":{\"@id\":\"https:\\\/\\\/trackme.dk\\\/en\\\/#organization\"},\"potentialAction\":[{\"@type\":\"SearchAction\",\"target\":{\"@type\":\"EntryPoint\",\"urlTemplate\":\"https:\\\/\\\/trackme.dk\\\/en\\\/?s={search_term_string}\"},\"query-input\":{\"@type\":\"PropertyValueSpecification\",\"valueRequired\":true,\"valueName\":\"search_term_string\"}}],\"inLanguage\":\"en-US\"},{\"@type\":\"Organization\",\"@id\":\"https:\\\/\\\/trackme.dk\\\/en\\\/#organization\",\"name\":\"TrackMe A\\\/S\",\"url\":\"https:\\\/\\\/trackme.dk\\\/en\\\/\",\"logo\":{\"@type\":\"ImageObject\",\"inLanguage\":\"en-US\",\"@id\":\"https:\\\/\\\/trackme.dk\\\/en\\\/#\\\/schema\\\/logo\\\/image\\\/\",\"url\":\"https:\\\/\\\/trackme.dk\\\/wp-content\\\/uploads\\\/cropped-TrackMe-ikon.png\",\"contentUrl\":\"https:\\\/\\\/trackme.dk\\\/wp-content\\\/uploads\\\/cropped-TrackMe-ikon.png\",\"width\":512,\"height\":512,\"caption\":\"TrackMe A\\\/S\"},\"image\":{\"@id\":\"https:\\\/\\\/trackme.dk\\\/en\\\/#\\\/schema\\\/logo\\\/image\\\/\"},\"sameAs\":[\"https:\\\/\\\/www.facebook.com\\\/people\\\/TrackMe\\\/100064072183958\\\/\",\"https:\\\/\\\/www.instagram.com\\\/trackmegps\\\/\"]}]}<\/script>\n<!-- \/ Yoast SEO plugin. -->","yoast_head_json":{"title":"Document your CO2 consumption on your company cars - GPS-tracker &amp; Navigation | Sporing af bil | Fl\u00e5destyring | K\u00f8b online","robots":{"index":"index","follow":"follow","max-snippet":"max-snippet:-1","max-image-preview":"max-image-preview:large","max-video-preview":"max-video-preview:-1"},"canonical":"https:\/\/trackme.dk\/en\/articles\/document-your-co2-consumption-on-your-company-cars\/","og_locale":"en_US","og_type":"article","og_title":"Document your CO2 consumption on your company cars - GPS-tracker &amp; Navigation | Sporing af bil | Fl\u00e5destyring | K\u00f8b online","og_description":"Document your CO2 consumption on your company cars From 1 January 2023, new climate requirements have been introduced, which mean that companies in construction and transport must be able to document their CO2 consumption on their cars. At a time when the &#8220;green transition&#8221; is really gaining ground and where necessary documentation is required, it [&hellip;]","og_url":"https:\/\/trackme.dk\/en\/articles\/document-your-co2-consumption-on-your-company-cars\/","og_site_name":"GPS-tracker &amp; Navigation | Sporing af bil | Fl\u00e5destyring | K\u00f8b online","article_publisher":"https:\/\/www.facebook.com\/people\/TrackMe\/100064072183958\/","article_modified_time":"2024-04-19T13:42:30+00:00","og_image":[{"width":1280,"height":853,"url":"https:\/\/trackme.dk\/wp-content\/uploads\/Dokumenter-dit-CO2-forbrug-paa-dine-firmabiler.jpg","type":"image\/jpeg"}],"twitter_card":"summary_large_image","twitter_misc":{"Est. reading time":"2 minutes"},"schema":{"@context":"https:\/\/schema.org","@graph":[{"@type":"WebPage","@id":"https:\/\/trackme.dk\/en\/articles\/document-your-co2-consumption-on-your-company-cars\/","url":"https:\/\/trackme.dk\/en\/articles\/document-your-co2-consumption-on-your-company-cars\/","name":"Document your CO2 consumption on your company cars - GPS-tracker &amp; Navigation | Sporing af bil | Fl\u00e5destyring | K\u00f8b online","isPartOf":{"@id":"https:\/\/trackme.dk\/en\/#website"},"primaryImageOfPage":{"@id":"https:\/\/trackme.dk\/en\/articles\/document-your-co2-consumption-on-your-company-cars\/#primaryimage"},"image":{"@id":"https:\/\/trackme.dk\/en\/articles\/document-your-co2-consumption-on-your-company-cars\/#primaryimage"},"thumbnailUrl":"https:\/\/trackme.dk\/wp-content\/uploads\/Dokumenter-dit-CO2-forbrug-paa-dine-firmabiler.jpg","datePublished":"2024-04-16T13:00:02+00:00","dateModified":"2024-04-19T13:42:30+00:00","breadcrumb":{"@id":"https:\/\/trackme.dk\/en\/articles\/document-your-co2-consumption-on-your-company-cars\/#breadcrumb"},"inLanguage":"en-US","potentialAction":[{"@type":"ReadAction","target":["https:\/\/trackme.dk\/en\/articles\/document-your-co2-consumption-on-your-company-cars\/"]}]},{"@type":"ImageObject","inLanguage":"en-US","@id":"https:\/\/trackme.dk\/en\/articles\/document-your-co2-consumption-on-your-company-cars\/#primaryimage","url":"https:\/\/trackme.dk\/wp-content\/uploads\/Dokumenter-dit-CO2-forbrug-paa-dine-firmabiler.jpg","contentUrl":"https:\/\/trackme.dk\/wp-content\/uploads\/Dokumenter-dit-CO2-forbrug-paa-dine-firmabiler.jpg","width":1280,"height":853},{"@type":"BreadcrumbList","@id":"https:\/\/trackme.dk\/en\/articles\/document-your-co2-consumption-on-your-company-cars\/#breadcrumb","itemListElement":[{"@type":"ListItem","position":1,"name":"Hjem","item":"https:\/\/trackme.dk\/en\/"},{"@type":"ListItem","position":2,"name":"Articles","item":"https:\/\/trackme.dk\/en\/articles\/"},{"@type":"ListItem","position":3,"name":"Document your CO2 consumption on your company cars"}]},{"@type":"WebSite","@id":"https:\/\/trackme.dk\/en\/#website","url":"https:\/\/trackme.dk\/en\/","name":"TrackMe.dk","description":"TrackMe leverer GPS-trackere, elektronisk k\u00f8rebog, skr\u00e6ddersyede l\u00f8sninger og forsikringsgodkendte sporinger til alle form\u00e5l og k\u00f8ret\u00f8jer. K\u00f8b online.","publisher":{"@id":"https:\/\/trackme.dk\/en\/#organization"},"potentialAction":[{"@type":"SearchAction","target":{"@type":"EntryPoint","urlTemplate":"https:\/\/trackme.dk\/en\/?s={search_term_string}"},"query-input":{"@type":"PropertyValueSpecification","valueRequired":true,"valueName":"search_term_string"}}],"inLanguage":"en-US"},{"@type":"Organization","@id":"https:\/\/trackme.dk\/en\/#organization","name":"TrackMe A\/S","url":"https:\/\/trackme.dk\/en\/","logo":{"@type":"ImageObject","inLanguage":"en-US","@id":"https:\/\/trackme.dk\/en\/#\/schema\/logo\/image\/","url":"https:\/\/trackme.dk\/wp-content\/uploads\/cropped-TrackMe-ikon.png","contentUrl":"https:\/\/trackme.dk\/wp-content\/uploads\/cropped-TrackMe-ikon.png","width":512,"height":512,"caption":"TrackMe A\/S"},"image":{"@id":"https:\/\/trackme.dk\/en\/#\/schema\/logo\/image\/"},"sameAs":["https:\/\/www.facebook.com\/people\/TrackMe\/100064072183958\/","https:\/\/www.instagram.com\/trackmegps\/"]}]}},"_links":{"self":[{"href":"https:\/\/trackme.dk\/en\/wp-json\/wp\/v2\/pages\/3790","targetHints":{"allow":["GET"]}}],"collection":[{"href":"https:\/\/trackme.dk\/en\/wp-json\/wp\/v2\/pages"}],"about":[{"href":"https:\/\/trackme.dk\/en\/wp-json\/wp\/v2\/types\/page"}],"author":[{"embeddable":true,"href":"https:\/\/trackme.dk\/en\/wp-json\/wp\/v2\/users\/2"}],"replies":[{"embeddable":true,"href":"https:\/\/trackme.dk\/en\/wp-json\/wp\/v2\/comments?post=3790"}],"version-history":[{"count":2,"href":"https:\/\/trackme.dk\/en\/wp-json\/wp\/v2\/pages\/3790\/revisions"}],"predecessor-version":[{"id":3792,"href":"https:\/\/trackme.dk\/en\/wp-json\/wp\/v2\/pages\/3790\/revisions\/3792"}],"up":[{"embeddable":true,"href":"https:\/\/trackme.dk\/en\/wp-json\/wp\/v2\/pages\/3754"}],"wp:featuredmedia":[{"embeddable":true,"href":"https:\/\/trackme.dk\/en\/wp-json\/wp\/v2\/media\/3762"}],"wp:attachment":[{"href":"https:\/\/trackme.dk\/en\/wp-json\/wp\/v2\/media?parent=3790"}],"curies":[{"name":"wp","href":"https:\/\/api.w.org\/{rel}","templated":true}]}}