{"id":3751,"date":"2024-04-16T11:02:41","date_gmt":"2024-04-16T09:02:41","guid":{"rendered":"https:\/\/trackme.dk\/spar-braendstof-paa-dine-firmabiler\/"},"modified":"2024-04-16T12:41:56","modified_gmt":"2024-04-16T10:41:56","slug":"save-fuel-on-your-company-cars","status":"publish","type":"page","link":"https:\/\/trackme.dk\/en\/articles\/save-fuel-on-your-company-cars\/","title":{"rendered":"Save fuel on your company cars"},"content":{"rendered":"<p><img decoding=\"async\" src=\"\/wp-content\/uploads\/spar-braendstof.jpg\" alt=\"\"><\/p>\n<h3>Save fuel<\/h3>\n<h3>on your company cars<\/h3>\n<div>\n<p>By saving fuel, you can not only reduce your costs \u2013 you also contribute to the green transition by having a more sustainable operation. Here are some tips to help you save fuel:<\/p>\n<\/div>\n<div>\n<p><strong><u>Regular maintenance:<\/u><\/strong> Make sure your company cars get regular service, including oil changes, air filter replacement, spark plug control, etc. A well-maintained car works more efficiently and uses less fuel.<\/p>\n<\/p>\n<p><strong><u>Driving behavior:<\/u><\/strong> You can encourage your employees to drive carefully and avoid fast acceleration, abrupt braking and high speed. This can help significantly reduce fuel consumption.<\/p>\n<\/p>\n<p><strong><u>Reduce idle time:<\/u><\/strong> You can encourage your employees to turn off the engine when the car is not in use, especially during longer stops such as waiting times for delivery or waiting for customers.<\/p>\n<\/p>\n<p><strong><u>Air pressure in tires:<\/u><\/strong> Make sure that the tires on your company cars are properly inflated. Underinflated tyres can increase rolling resistance and thus fuel consumption. The rule of thumb is that if the tire pressure is 10 percent too low, fuel consumption increases by five percent. Therefore, remember to check the tyre pressure regularly \u2013 for example when refuelling.<\/p>\n<\/p>\n<p><strong><u>Avoid unnecessary weight:<\/u><\/strong> Remove unnecessary and redundant tools or equipment from company cars, as extra weight can increase fuel consumption.<\/p>\n<\/p>\n<p><strong><u>Speed:<\/u><\/strong> Slow down \u2013 especially on the highway. The faster the car goes, the greater the air resistance, and in this way fuel consumption increases. Drive 110 km\/h instead of 130 km\/h on the motorway. This can result in savings of 15-20 percent.<\/p>\n<\/p>\n<p>By implementing these few tips, you can achieve significant savings on fuel consumption for your company cars.<\/p>\n<\/p>\n<p>At TrackMe, you have, among other things. Ability to set up speed alarms, ignition alarms and much more so you have control over your driving habits and fuel consumption.<\/p>\n<\/div>\n<p><!--more--><br \/>\n<!-- {\"type\":\"layout\",\"children\":[{\"type\":\"section\",\"props\":{\"class\":\"orange-sektion\",\"image_position\":\"center-center\",\"style\":\"default\",\"title_breakpoint\":\"xl\",\"title_position\":\"top-left\",\"title_rotation\":\"left\",\"vertical_align\":\"middle\",\"width\":\"default\"},\"children\":[{\"type\":\"row\",\"props\":{\"divider\":true,\"layout\":\"1-2,1-2\"},\"children\":[{\"type\":\"column\",\"props\":{\"class\":\"ipad-map\",\"image_position\":\"center-center\",\"padding\":\"none\",\"position_sticky_breakpoint\":\"m\",\"style\":\"tile-default\",\"width_medium\":\"1-2\"},\"children\":[{\"type\":\"image\",\"props\":{\"image\":\"wp-content\\\/uploads\\\/spar-braendstof.jpg\",\"image_svg_color\":\"emphasis\",\"margin\":\"default\"}}]},{\"type\":\"column\",\"props\":{\"image_position\":\"center-center\",\"position_sticky_breakpoint\":\"m\",\"vertical_align\":\"middle\",\"width_medium\":\"1-2\"},\"children\":[{\"type\":\"headline\",\"props\":{\"content\":\"Save fuel\",\"margin_remove_bottom\":true,\"text_align\":\"left\",\"title_element\":\"h3\"}},{\"type\":\"headline\",\"props\":{\"content\":\"on your company cars\",\"margin_remove_top\":true,\"text_align\":\"left\",\"title_element\":\"h3\",\"title_style\":\"h2\"}},{\"type\":\"text\",\"props\":{\"block_align\":\"center\",\"column_breakpoint\":\"m\",\"content\":\"\n\n<p>By saving fuel, you can not only reduce your costs \\u2013 you also contribute to the green transition by having a more sustainable operation. Here are some tips to help you save fuel:<\\\/p>\",\"margin\":\"default\",\"maxwidth\":\"2xlarge\",\"text_align\":\"left\"}}]}]}],\"name\":\"Header-sektion\"},{\"type\":\"section\",\"props\":{\"image_position\":\"center-center\",\"padding_remove_top\":true,\"style\":\"default\",\"title_breakpoint\":\"xl\",\"title_position\":\"top-left\",\"title_rotation\":\"left\",\"vertical_align\":\"middle\",\"width\":\"default\"},\"children\":[{\"type\":\"row\",\"children\":[{\"type\":\"column\",\"props\":{\"image_position\":\"center-center\",\"position_sticky_breakpoint\":\"m\",\"width_medium\":\"1-4\"}},{\"type\":\"column\",\"props\":{\"image_position\":\"center-center\",\"position_sticky_breakpoint\":\"m\",\"width_medium\":\"1-2\"},\"children\":[{\"type\":\"text\",\"props\":{\"column_breakpoint\":\"m\",\"content\":\"\n\n<p><strong><u>Regular maintenance:<\\\/u><\\\/strong> Make sure your company cars get regular service, including oil changes, air filter replacement, spark plug control, etc. A well-maintained car works more efficiently and uses less fuel.<\\\/p>\\n\n\n<p><\\\/p>\\n\n\n<p><strong><u>Driving behavior:<\\\/u><\\\/strong> You can encourage your employees to drive carefully and avoid fast acceleration, abrupt braking and high speed. This can help significantly reduce fuel consumption.<\\\/p>\\n\n\n<p><\\\/p>\\n\n\n<p><strong><u>Reduce idle time:<\\\/u><\\\/strong> You can encourage your employees to turn off the engine when the car is not in use, especially during longer stops such as waiting times for delivery or waiting for customers.<\\\/p>\\n\n\n<p><\\\/p>\\n\n\n<p><strong><u>Air pressure in tires:<\\\/u><\\\/strong> Make sure that the tires on your company cars are properly inflated. Underinflated tyres can increase rolling resistance and thus fuel consumption. The rule of thumb is that if the tire pressure is 10 percent too low, fuel consumption increases by five percent. Therefore, remember to check the tyre pressure regularly \\u2013 for example when refuelling.<\\\/p>\\n\n\n<p><\\\/p>\\n\n\n<p><strong><u>Avoid unnecessary weight:<\\\/u><\\\/strong> Remove unnecessary and redundant tools or equipment from company cars, as extra weight can increase fuel consumption.<\\\/p>\\n\n\n<p><\\\/p>\\n\n\n<p><strong><u>Speed:<\\\/u><\\\/strong> Slow down \\u2013 especially on the highway. The faster the car goes, the greater the air resistance, and in this way fuel consumption increases. Drive 110 km\\\/h instead of 130 km\\\/h on the motorway. This can result in savings of 15-20 percent.<\\\/p>\\n\n\n<p><\\\/p>\\n\n\n<p>By implementing these few tips, you can achieve significant savings on fuel consumption for your company cars.<\\\/p>\\n\n\n<p><\\\/p>\\n\n\n<p>At TrackMe, you have, among other things. Ability to set up speed alarms, ignition alarms and much more so you have control over your driving habits and fuel consumption.<\\\/p>\",\"margin\":\"default\"}}]},{\"type\":\"column\",\"props\":{\"image_position\":\"center-center\",\"position_sticky_breakpoint\":\"m\",\"width_medium\":\"1-4\"}}],\"props\":{\"layout\":\"1-4,1-2,1-4\"}}]}],\"version\":\"4.2.11\"} --><\/p>\n","protected":false},"excerpt":{"rendered":"<p>Save fuel on your company cars By saving fuel, you can not only reduce your costs \u2013 you also contribute to the green transition by having a more sustainable operation. Here are some tips to help you save fuel: Regular maintenance: Make sure your company cars get regular service, including oil changes, air filter replacement, [&hellip;]<\/p>\n","protected":false},"author":3,"featured_media":3726,"parent":3754,"menu_order":1,"comment_status":"closed","ping_status":"closed","template":"page-orange.php","meta":{"footnotes":""},"class_list":["post-3751","page","type-page","status-publish","has-post-thumbnail","hentry"],"yoast_head":"<!-- This site is optimized with the Yoast SEO plugin v27.3 - https:\/\/yoast.com\/product\/yoast-seo-wordpress\/ -->\n<title>Save fuel on your company cars - GPS-tracker &amp; Navigation | Sporing af bil | Fl\u00e5destyring | K\u00f8b online<\/title>\n<meta name=\"robots\" content=\"index, follow, max-snippet:-1, max-image-preview:large, max-video-preview:-1\" \/>\n<link rel=\"canonical\" href=\"https:\/\/trackme.dk\/en\/articles\/save-fuel-on-your-company-cars\/\" \/>\n<meta property=\"og:locale\" content=\"en_US\" \/>\n<meta property=\"og:type\" content=\"article\" \/>\n<meta property=\"og:title\" content=\"Save fuel on your company cars - GPS-tracker &amp; Navigation | Sporing af bil | Fl\u00e5destyring | K\u00f8b online\" \/>\n<meta property=\"og:description\" content=\"Save fuel on your company cars By saving fuel, you can not only reduce your costs \u2013 you also contribute to the green transition by having a more sustainable operation. Here are some tips to help you save fuel: Regular maintenance: Make sure your company cars get regular service, including oil changes, air filter replacement, [&hellip;]\" \/>\n<meta property=\"og:url\" content=\"https:\/\/trackme.dk\/en\/articles\/save-fuel-on-your-company-cars\/\" \/>\n<meta property=\"og:site_name\" content=\"GPS-tracker &amp; Navigation | Sporing af bil | Fl\u00e5destyring | K\u00f8b online\" \/>\n<meta property=\"article:publisher\" content=\"https:\/\/www.facebook.com\/people\/TrackMe\/100064072183958\/\" \/>\n<meta property=\"article:modified_time\" content=\"2024-04-16T10:41:56+00:00\" \/>\n<meta name=\"twitter:card\" content=\"summary_large_image\" \/>\n<meta name=\"twitter:label1\" content=\"Est. reading time\" \/>\n\t<meta name=\"twitter:data1\" content=\"2 minutes\" \/>\n<script type=\"application\/ld+json\" class=\"yoast-schema-graph\">{\"@context\":\"https:\\\/\\\/schema.org\",\"@graph\":[{\"@type\":\"WebPage\",\"@id\":\"https:\\\/\\\/trackme.dk\\\/en\\\/articles\\\/save-fuel-on-your-company-cars\\\/\",\"url\":\"https:\\\/\\\/trackme.dk\\\/en\\\/articles\\\/save-fuel-on-your-company-cars\\\/\",\"name\":\"Save fuel on your company cars - GPS-tracker &amp; Navigation | Sporing af bil | Fl\u00e5destyring | K\u00f8b online\",\"isPartOf\":{\"@id\":\"https:\\\/\\\/trackme.dk\\\/en\\\/#website\"},\"primaryImageOfPage\":{\"@id\":\"https:\\\/\\\/trackme.dk\\\/en\\\/articles\\\/save-fuel-on-your-company-cars\\\/#primaryimage\"},\"image\":{\"@id\":\"https:\\\/\\\/trackme.dk\\\/en\\\/articles\\\/save-fuel-on-your-company-cars\\\/#primaryimage\"},\"thumbnailUrl\":\"https:\\\/\\\/trackme.dk\\\/wp-content\\\/uploads\\\/spar-braendstof.jpg\",\"datePublished\":\"2024-04-16T09:02:41+00:00\",\"dateModified\":\"2024-04-16T10:41:56+00:00\",\"breadcrumb\":{\"@id\":\"https:\\\/\\\/trackme.dk\\\/en\\\/articles\\\/save-fuel-on-your-company-cars\\\/#breadcrumb\"},\"inLanguage\":\"en-US\",\"potentialAction\":[{\"@type\":\"ReadAction\",\"target\":[\"https:\\\/\\\/trackme.dk\\\/en\\\/articles\\\/save-fuel-on-your-company-cars\\\/\"]}]},{\"@type\":\"ImageObject\",\"inLanguage\":\"en-US\",\"@id\":\"https:\\\/\\\/trackme.dk\\\/en\\\/articles\\\/save-fuel-on-your-company-cars\\\/#primaryimage\",\"url\":\"https:\\\/\\\/trackme.dk\\\/wp-content\\\/uploads\\\/spar-braendstof.jpg\",\"contentUrl\":\"https:\\\/\\\/trackme.dk\\\/wp-content\\\/uploads\\\/spar-braendstof.jpg\",\"width\":1280,\"height\":853},{\"@type\":\"BreadcrumbList\",\"@id\":\"https:\\\/\\\/trackme.dk\\\/en\\\/articles\\\/save-fuel-on-your-company-cars\\\/#breadcrumb\",\"itemListElement\":[{\"@type\":\"ListItem\",\"position\":1,\"name\":\"Hjem\",\"item\":\"https:\\\/\\\/trackme.dk\\\/en\\\/\"},{\"@type\":\"ListItem\",\"position\":2,\"name\":\"Save fuel on your company cars\"}]},{\"@type\":\"WebSite\",\"@id\":\"https:\\\/\\\/trackme.dk\\\/en\\\/#website\",\"url\":\"https:\\\/\\\/trackme.dk\\\/en\\\/\",\"name\":\"TrackMe.dk\",\"description\":\"TrackMe leverer GPS-trackere, elektronisk k\u00f8rebog, skr\u00e6ddersyede l\u00f8sninger og forsikringsgodkendte sporinger til alle form\u00e5l og k\u00f8ret\u00f8jer. K\u00f8b online.\",\"publisher\":{\"@id\":\"https:\\\/\\\/trackme.dk\\\/en\\\/#organization\"},\"potentialAction\":[{\"@type\":\"SearchAction\",\"target\":{\"@type\":\"EntryPoint\",\"urlTemplate\":\"https:\\\/\\\/trackme.dk\\\/en\\\/?s={search_term_string}\"},\"query-input\":{\"@type\":\"PropertyValueSpecification\",\"valueRequired\":true,\"valueName\":\"search_term_string\"}}],\"inLanguage\":\"en-US\"},{\"@type\":\"Organization\",\"@id\":\"https:\\\/\\\/trackme.dk\\\/en\\\/#organization\",\"name\":\"TrackMe A\\\/S\",\"url\":\"https:\\\/\\\/trackme.dk\\\/en\\\/\",\"logo\":{\"@type\":\"ImageObject\",\"inLanguage\":\"en-US\",\"@id\":\"https:\\\/\\\/trackme.dk\\\/en\\\/#\\\/schema\\\/logo\\\/image\\\/\",\"url\":\"https:\\\/\\\/trackme.dk\\\/wp-content\\\/uploads\\\/cropped-TrackMe-ikon.png\",\"contentUrl\":\"https:\\\/\\\/trackme.dk\\\/wp-content\\\/uploads\\\/cropped-TrackMe-ikon.png\",\"width\":512,\"height\":512,\"caption\":\"TrackMe A\\\/S\"},\"image\":{\"@id\":\"https:\\\/\\\/trackme.dk\\\/en\\\/#\\\/schema\\\/logo\\\/image\\\/\"},\"sameAs\":[\"https:\\\/\\\/www.facebook.com\\\/people\\\/TrackMe\\\/100064072183958\\\/\",\"https:\\\/\\\/www.instagram.com\\\/trackmegps\\\/\"]}]}<\/script>\n<!-- \/ Yoast SEO plugin. -->","yoast_head_json":{"title":"Save fuel on your company cars - GPS-tracker &amp; Navigation | Sporing af bil | Fl\u00e5destyring | K\u00f8b online","robots":{"index":"index","follow":"follow","max-snippet":"max-snippet:-1","max-image-preview":"max-image-preview:large","max-video-preview":"max-video-preview:-1"},"canonical":"https:\/\/trackme.dk\/en\/articles\/save-fuel-on-your-company-cars\/","og_locale":"en_US","og_type":"article","og_title":"Save fuel on your company cars - GPS-tracker &amp; Navigation | Sporing af bil | Fl\u00e5destyring | K\u00f8b online","og_description":"Save fuel on your company cars By saving fuel, you can not only reduce your costs \u2013 you also contribute to the green transition by having a more sustainable operation. Here are some tips to help you save fuel: Regular maintenance: Make sure your company cars get regular service, including oil changes, air filter replacement, [&hellip;]","og_url":"https:\/\/trackme.dk\/en\/articles\/save-fuel-on-your-company-cars\/","og_site_name":"GPS-tracker &amp; Navigation | Sporing af bil | Fl\u00e5destyring | K\u00f8b online","article_publisher":"https:\/\/www.facebook.com\/people\/TrackMe\/100064072183958\/","article_modified_time":"2024-04-16T10:41:56+00:00","twitter_card":"summary_large_image","twitter_misc":{"Est. reading time":"2 minutes"},"schema":{"@context":"https:\/\/schema.org","@graph":[{"@type":"WebPage","@id":"https:\/\/trackme.dk\/en\/articles\/save-fuel-on-your-company-cars\/","url":"https:\/\/trackme.dk\/en\/articles\/save-fuel-on-your-company-cars\/","name":"Save fuel on your company cars - GPS-tracker &amp; Navigation | Sporing af bil | Fl\u00e5destyring | K\u00f8b online","isPartOf":{"@id":"https:\/\/trackme.dk\/en\/#website"},"primaryImageOfPage":{"@id":"https:\/\/trackme.dk\/en\/articles\/save-fuel-on-your-company-cars\/#primaryimage"},"image":{"@id":"https:\/\/trackme.dk\/en\/articles\/save-fuel-on-your-company-cars\/#primaryimage"},"thumbnailUrl":"https:\/\/trackme.dk\/wp-content\/uploads\/spar-braendstof.jpg","datePublished":"2024-04-16T09:02:41+00:00","dateModified":"2024-04-16T10:41:56+00:00","breadcrumb":{"@id":"https:\/\/trackme.dk\/en\/articles\/save-fuel-on-your-company-cars\/#breadcrumb"},"inLanguage":"en-US","potentialAction":[{"@type":"ReadAction","target":["https:\/\/trackme.dk\/en\/articles\/save-fuel-on-your-company-cars\/"]}]},{"@type":"ImageObject","inLanguage":"en-US","@id":"https:\/\/trackme.dk\/en\/articles\/save-fuel-on-your-company-cars\/#primaryimage","url":"https:\/\/trackme.dk\/wp-content\/uploads\/spar-braendstof.jpg","contentUrl":"https:\/\/trackme.dk\/wp-content\/uploads\/spar-braendstof.jpg","width":1280,"height":853},{"@type":"BreadcrumbList","@id":"https:\/\/trackme.dk\/en\/articles\/save-fuel-on-your-company-cars\/#breadcrumb","itemListElement":[{"@type":"ListItem","position":1,"name":"Hjem","item":"https:\/\/trackme.dk\/en\/"},{"@type":"ListItem","position":2,"name":"Save fuel on your company cars"}]},{"@type":"WebSite","@id":"https:\/\/trackme.dk\/en\/#website","url":"https:\/\/trackme.dk\/en\/","name":"TrackMe.dk","description":"TrackMe leverer GPS-trackere, elektronisk k\u00f8rebog, skr\u00e6ddersyede l\u00f8sninger og forsikringsgodkendte sporinger til alle form\u00e5l og k\u00f8ret\u00f8jer. K\u00f8b online.","publisher":{"@id":"https:\/\/trackme.dk\/en\/#organization"},"potentialAction":[{"@type":"SearchAction","target":{"@type":"EntryPoint","urlTemplate":"https:\/\/trackme.dk\/en\/?s={search_term_string}"},"query-input":{"@type":"PropertyValueSpecification","valueRequired":true,"valueName":"search_term_string"}}],"inLanguage":"en-US"},{"@type":"Organization","@id":"https:\/\/trackme.dk\/en\/#organization","name":"TrackMe A\/S","url":"https:\/\/trackme.dk\/en\/","logo":{"@type":"ImageObject","inLanguage":"en-US","@id":"https:\/\/trackme.dk\/en\/#\/schema\/logo\/image\/","url":"https:\/\/trackme.dk\/wp-content\/uploads\/cropped-TrackMe-ikon.png","contentUrl":"https:\/\/trackme.dk\/wp-content\/uploads\/cropped-TrackMe-ikon.png","width":512,"height":512,"caption":"TrackMe A\/S"},"image":{"@id":"https:\/\/trackme.dk\/en\/#\/schema\/logo\/image\/"},"sameAs":["https:\/\/www.facebook.com\/people\/TrackMe\/100064072183958\/","https:\/\/www.instagram.com\/trackmegps\/"]}]}},"_links":{"self":[{"href":"https:\/\/trackme.dk\/en\/wp-json\/wp\/v2\/pages\/3751","targetHints":{"allow":["GET"]}}],"collection":[{"href":"https:\/\/trackme.dk\/en\/wp-json\/wp\/v2\/pages"}],"about":[{"href":"https:\/\/trackme.dk\/en\/wp-json\/wp\/v2\/types\/page"}],"author":[{"embeddable":true,"href":"https:\/\/trackme.dk\/en\/wp-json\/wp\/v2\/users\/3"}],"replies":[{"embeddable":true,"href":"https:\/\/trackme.dk\/en\/wp-json\/wp\/v2\/comments?post=3751"}],"version-history":[{"count":2,"href":"https:\/\/trackme.dk\/en\/wp-json\/wp\/v2\/pages\/3751\/revisions"}],"predecessor-version":[{"id":3753,"href":"https:\/\/trackme.dk\/en\/wp-json\/wp\/v2\/pages\/3751\/revisions\/3753"}],"up":[{"embeddable":true,"href":"https:\/\/trackme.dk\/en\/wp-json\/wp\/v2\/pages\/3754"}],"wp:featuredmedia":[{"embeddable":true,"href":"https:\/\/trackme.dk\/en\/wp-json\/wp\/v2\/media\/3726"}],"wp:attachment":[{"href":"https:\/\/trackme.dk\/en\/wp-json\/wp\/v2\/media?parent=3751"}],"curies":[{"name":"wp","href":"https:\/\/api.w.org\/{rel}","templated":true}]}}