{"id":3743,"date":"2024-04-16T11:59:20","date_gmt":"2024-04-16T09:59:20","guid":{"rendered":"https:\/\/trackme.dk\/hvordan-fungerer-gps-tracking\/"},"modified":"2024-04-16T12:27:57","modified_gmt":"2024-04-16T10:27:57","slug":"how-does-gps-tracking-work-2","status":"publish","type":"page","link":"https:\/\/trackme.dk\/en\/articles\/how-does-gps-tracking-work-2\/","title":{"rendered":"How does GPS tracking work?"},"content":{"rendered":"<p><img decoding=\"async\" src=\"\/wp-content\/uploads\/Saadan-fungerer-GPS-tracking.jpg\" alt=\"\"><\/p>\n<h3>How does<\/h3>\n<h3>GPS tracking work<\/h3>\n<div>\n<p>GPS tracking works using the Global Positioning System (GPS) which consists of a network of satellites orbiting the Earth. These satellites constantly send signals that can be picked up by GPS receivers, which are typically built into devices such as smartphones, vehicles, trackers or other devices. Here is a short basic overview of how GPS tracking works:<\/p>\n<\/div>\n<div>\n<p><strong><u>Satellites emit signals:<\/u><\/strong> GPS satellites continuously send signals down to Earth. These signals contain information about the position of the satellite and the time the signal was sent.<\/p>\n<\/p>\n<p><strong><u>GPS tracker receives signals: <\/u><\/strong>The GPS receiving device, such as a smartphone or vehicle tracking system, picks up signals from at least four GPS satellites.<\/p>\n<\/p>\n<p><strong><u>Timekeeping of the signals:\u00a0 The <\/u><\/strong>GPS receiver uses the information from the signals of the different satellites to calculate the time it takes for the signal to travel from the satellite to the receiver. Since the signals travel at the speed of light, the GPS receiver can calculate the distance to each of the satellites based on the time it took for the signal to arrive.<\/p>\n<\/p>\n<p><strong><u>Determination of position: <\/u><\/strong>Once the GPS receiver has picked up signals from at least four satellites and calculated their distances, it can determine its own position by triangulate those distances. This is done by calculating where the circles representing the distance to each satellite intersect. The point where these circles intersect is the position of the GPS receiver.<\/p>\n<\/p>\n<p><strong><u>Data transfer and usage: <\/u><\/strong>The calculated position can then be used by the device for various purposes, such as showing the user their exact location on a map, tracking movement over time, or giving instructions for navigating from one point to another.<\/p>\n<\/p>\n<p>GPS tracking is an accurate and reliable technology used in a wide range of applications, including navigation devices, vehicle and fleet management systems, monitoring and security solutions, and more.<\/p>\n<\/p>\n<p>At TrackMe, we have several different GPS trackers.<a href=\"https:\/\/trackme.dk\/en\/products\/\"><\/a><\/p>\n<\/div>\n<p>\n    <a href=\"\/en\/products\/\">See more about our products here<\/a>\n<\/p>\n<p><!--more--><br \/>\n<!-- {\"type\":\"layout\",\"children\":[{\"type\":\"section\",\"props\":{\"class\":\"orange-sektion\",\"image_position\":\"center-center\",\"style\":\"default\",\"title_breakpoint\":\"xl\",\"title_position\":\"top-left\",\"title_rotation\":\"left\",\"vertical_align\":\"middle\",\"width\":\"default\"},\"children\":[{\"type\":\"row\",\"props\":{\"divider\":true,\"layout\":\"1-2,1-2\"},\"children\":[{\"type\":\"column\",\"props\":{\"class\":\"ipad-map\",\"image_position\":\"center-center\",\"padding\":\"none\",\"position_sticky_breakpoint\":\"m\",\"style\":\"tile-default\",\"width_medium\":\"1-2\"},\"children\":[{\"type\":\"image\",\"props\":{\"image\":\"wp-content\\\/uploads\\\/Saadan-fungerer-GPS-tracking.jpg\",\"image_svg_color\":\"emphasis\",\"margin\":\"default\"}}]},{\"type\":\"column\",\"props\":{\"image_position\":\"center-center\",\"position_sticky_breakpoint\":\"m\",\"vertical_align\":\"middle\",\"width_medium\":\"1-2\"},\"children\":[{\"type\":\"headline\",\"props\":{\"content\":\"How does\",\"margin_remove_bottom\":true,\"text_align\":\"left\",\"title_element\":\"h3\"}},{\"type\":\"headline\",\"props\":{\"content\":\"GPS tracking work\",\"margin_remove_top\":true,\"text_align\":\"left\",\"title_element\":\"h3\",\"title_style\":\"h2\"}},{\"type\":\"text\",\"props\":{\"block_align\":\"center\",\"column_breakpoint\":\"m\",\"content\":\"\n\n<p>GPS tracking works using the Global Positioning System (GPS) which consists of a network of satellites orbiting the Earth. These satellites constantly send signals that can be picked up by GPS receivers, which are typically built into devices such as smartphones, vehicles, trackers or other devices. Here is a short basic overview of how GPS tracking works:<\\\/p>\",\"margin\":\"default\",\"maxwidth\":\"2xlarge\",\"text_align\":\"left\"}}]}]}],\"name\":\"Header-sektion\"},{\"type\":\"section\",\"props\":{\"image_position\":\"center-center\",\"padding_remove_top\":true,\"style\":\"default\",\"title_breakpoint\":\"xl\",\"title_position\":\"top-left\",\"title_rotation\":\"left\",\"vertical_align\":\"middle\",\"width\":\"default\"},\"children\":[{\"type\":\"row\",\"children\":[{\"type\":\"column\",\"props\":{\"image_position\":\"center-center\",\"position_sticky_breakpoint\":\"m\",\"width_medium\":\"1-4\"}},{\"type\":\"column\",\"props\":{\"image_position\":\"center-center\",\"position_sticky_breakpoint\":\"m\",\"width_medium\":\"1-2\"},\"children\":[{\"type\":\"text\",\"props\":{\"column_breakpoint\":\"m\",\"content\":\"\n\n<p><strong><u>Satellites emit signals:<\\\/u><\\\/strong> GPS satellites continuously send signals down to Earth. These signals contain information about the position of the satellite and the time the signal was sent.<\\\/p>\\n\n\n<p><\\\/p>\\n\n\n<p><strong><u>GPS tracker receives signals: <\\\/u><\\\/strong>The GPS receiving device, such as a smartphone or vehicle tracking system, picks up signals from at least four GPS satellites.<\\\/p>\\n\n\n<p><\\\/p>\\n\n\n<p><strong><u>Timekeeping of the signals:\\u00a0 The <\\\/u><\\\/strong>GPS receiver uses the information from the signals of the different satellites to calculate the time it takes for the signal to travel from the satellite to the receiver. Since the signals travel at the speed of light, the GPS receiver can calculate the distance to each of the satellites based on the time it took for the signal to arrive.<\\\/p>\\n\n\n<p><\\\/p>\\n\n\n<p><strong><u>Determination of position: <\\\/u><\\\/strong>Once the GPS receiver has picked up signals from at least four satellites and calculated their distances, it can determine its own position by triangulate those distances. This is done by calculating where the circles representing the distance to each satellite intersect. The point where these circles intersect is the position of the GPS receiver.<\\\/p>\\n\n\n<p><\\\/p>\\n\n\n<p><strong><u>Data transfer and usage: <\\\/u><\\\/strong>The calculated position can then be used by the device for various purposes, such as showing the user their exact location on a map, tracking movement over time, or giving instructions for navigating from one point to another.<\\\/p>\\n\n\n<p><\\\/p>\\n\n\n<p>GPS tracking is an accurate and reliable technology used in a wide range of applications, including navigation devices, vehicle and fleet management systems, monitoring and security solutions, and more.<\\\/p>\\n\n\n<p><\\\/p>\\n\n\n<p>At TrackMe, we have several different GPS trackers.<a href=\\\"https:\\\/\\\/trackme.dk\\\/en\\\/products\\\/\\\"><\\\/a><\\\/p>\",\"margin\":\"default\"}},{\"type\":\"button\",\"props\":{\"fullwidth\":false,\"grid_column_gap\":\"small\",\"grid_row_gap\":\"small\",\"margin\":\"default\"},\"children\":[{\"type\":\"button_item\",\"props\":{\"button_style\":\"default\",\"content\":\"See more about our products here\",\"icon_align\":\"left\",\"link\":\"en\\\/products\\\/\"}}]}]},{\"type\":\"column\",\"props\":{\"image_position\":\"center-center\",\"position_sticky_breakpoint\":\"m\",\"width_medium\":\"1-4\"}}],\"props\":{\"layout\":\"1-4,1-2,1-4\"}}]}],\"version\":\"4.2.11\"} --><\/p>\n","protected":false},"excerpt":{"rendered":"<p>How does GPS tracking work GPS tracking works using the Global Positioning System (GPS) which consists of a network of satellites orbiting the Earth. These satellites constantly send signals that can be picked up by GPS receivers, which are typically built into devices such as smartphones, vehicles, trackers or other devices. Here is a short [&hellip;]<\/p>\n","protected":false},"author":2,"featured_media":3863,"parent":3754,"menu_order":0,"comment_status":"closed","ping_status":"closed","template":"page-orange.php","meta":{"footnotes":""},"class_list":["post-3743","page","type-page","status-publish","has-post-thumbnail","hentry"],"yoast_head":"<!-- This site is optimized with the Yoast SEO plugin v27.3 - https:\/\/yoast.com\/product\/yoast-seo-wordpress\/ -->\n<title>How does GPS tracking work? - GPS-tracker &amp; Navigation | Sporing af bil | Fl\u00e5destyring | K\u00f8b online<\/title>\n<meta name=\"robots\" content=\"index, follow, max-snippet:-1, max-image-preview:large, max-video-preview:-1\" \/>\n<link rel=\"canonical\" href=\"https:\/\/trackme.dk\/en\/articles\/how-does-gps-tracking-work-2\/\" \/>\n<meta property=\"og:locale\" content=\"en_US\" \/>\n<meta property=\"og:type\" content=\"article\" \/>\n<meta property=\"og:title\" content=\"How does GPS tracking work? - GPS-tracker &amp; Navigation | Sporing af bil | Fl\u00e5destyring | K\u00f8b online\" \/>\n<meta property=\"og:description\" content=\"How does GPS tracking work GPS tracking works using the Global Positioning System (GPS) which consists of a network of satellites orbiting the Earth. These satellites constantly send signals that can be picked up by GPS receivers, which are typically built into devices such as smartphones, vehicles, trackers or other devices. Here is a short [&hellip;]\" \/>\n<meta property=\"og:url\" content=\"https:\/\/trackme.dk\/en\/articles\/how-does-gps-tracking-work-2\/\" \/>\n<meta property=\"og:site_name\" content=\"GPS-tracker &amp; Navigation | Sporing af bil | Fl\u00e5destyring | K\u00f8b online\" \/>\n<meta property=\"article:publisher\" content=\"https:\/\/www.facebook.com\/people\/TrackMe\/100064072183958\/\" \/>\n<meta property=\"article:modified_time\" content=\"2024-04-16T10:27:57+00:00\" \/>\n<meta name=\"twitter:card\" content=\"summary_large_image\" \/>\n<meta name=\"twitter:label1\" content=\"Est. reading time\" \/>\n\t<meta name=\"twitter:data1\" content=\"2 minutes\" \/>\n<script type=\"application\/ld+json\" class=\"yoast-schema-graph\">{\"@context\":\"https:\\\/\\\/schema.org\",\"@graph\":[{\"@type\":\"WebPage\",\"@id\":\"https:\\\/\\\/trackme.dk\\\/en\\\/articles\\\/how-does-gps-tracking-work-2\\\/\",\"url\":\"https:\\\/\\\/trackme.dk\\\/en\\\/articles\\\/how-does-gps-tracking-work-2\\\/\",\"name\":\"How does GPS tracking work? - GPS-tracker &amp; Navigation | Sporing af bil | Fl\u00e5destyring | K\u00f8b online\",\"isPartOf\":{\"@id\":\"https:\\\/\\\/trackme.dk\\\/en\\\/#website\"},\"primaryImageOfPage\":{\"@id\":\"https:\\\/\\\/trackme.dk\\\/en\\\/articles\\\/how-does-gps-tracking-work-2\\\/#primaryimage\"},\"image\":{\"@id\":\"https:\\\/\\\/trackme.dk\\\/en\\\/articles\\\/how-does-gps-tracking-work-2\\\/#primaryimage\"},\"thumbnailUrl\":\"https:\\\/\\\/trackme.dk\\\/wp-content\\\/uploads\\\/gps-sats.jpg\",\"datePublished\":\"2024-04-16T09:59:20+00:00\",\"dateModified\":\"2024-04-16T10:27:57+00:00\",\"breadcrumb\":{\"@id\":\"https:\\\/\\\/trackme.dk\\\/en\\\/articles\\\/how-does-gps-tracking-work-2\\\/#breadcrumb\"},\"inLanguage\":\"en-US\",\"potentialAction\":[{\"@type\":\"ReadAction\",\"target\":[\"https:\\\/\\\/trackme.dk\\\/en\\\/articles\\\/how-does-gps-tracking-work-2\\\/\"]}]},{\"@type\":\"ImageObject\",\"inLanguage\":\"en-US\",\"@id\":\"https:\\\/\\\/trackme.dk\\\/en\\\/articles\\\/how-does-gps-tracking-work-2\\\/#primaryimage\",\"url\":\"https:\\\/\\\/trackme.dk\\\/wp-content\\\/uploads\\\/gps-sats.jpg\",\"contentUrl\":\"https:\\\/\\\/trackme.dk\\\/wp-content\\\/uploads\\\/gps-sats.jpg\",\"width\":1254,\"height\":835},{\"@type\":\"BreadcrumbList\",\"@id\":\"https:\\\/\\\/trackme.dk\\\/en\\\/articles\\\/how-does-gps-tracking-work-2\\\/#breadcrumb\",\"itemListElement\":[{\"@type\":\"ListItem\",\"position\":1,\"name\":\"Hjem\",\"item\":\"https:\\\/\\\/trackme.dk\\\/en\\\/\"},{\"@type\":\"ListItem\",\"position\":2,\"name\":\"How does GPS tracking work?\"}]},{\"@type\":\"WebSite\",\"@id\":\"https:\\\/\\\/trackme.dk\\\/en\\\/#website\",\"url\":\"https:\\\/\\\/trackme.dk\\\/en\\\/\",\"name\":\"TrackMe.dk\",\"description\":\"TrackMe leverer GPS-trackere, elektronisk k\u00f8rebog, skr\u00e6ddersyede l\u00f8sninger og forsikringsgodkendte sporinger til alle form\u00e5l og k\u00f8ret\u00f8jer. K\u00f8b online.\",\"publisher\":{\"@id\":\"https:\\\/\\\/trackme.dk\\\/en\\\/#organization\"},\"potentialAction\":[{\"@type\":\"SearchAction\",\"target\":{\"@type\":\"EntryPoint\",\"urlTemplate\":\"https:\\\/\\\/trackme.dk\\\/en\\\/?s={search_term_string}\"},\"query-input\":{\"@type\":\"PropertyValueSpecification\",\"valueRequired\":true,\"valueName\":\"search_term_string\"}}],\"inLanguage\":\"en-US\"},{\"@type\":\"Organization\",\"@id\":\"https:\\\/\\\/trackme.dk\\\/en\\\/#organization\",\"name\":\"TrackMe A\\\/S\",\"url\":\"https:\\\/\\\/trackme.dk\\\/en\\\/\",\"logo\":{\"@type\":\"ImageObject\",\"inLanguage\":\"en-US\",\"@id\":\"https:\\\/\\\/trackme.dk\\\/en\\\/#\\\/schema\\\/logo\\\/image\\\/\",\"url\":\"https:\\\/\\\/trackme.dk\\\/wp-content\\\/uploads\\\/cropped-TrackMe-ikon.png\",\"contentUrl\":\"https:\\\/\\\/trackme.dk\\\/wp-content\\\/uploads\\\/cropped-TrackMe-ikon.png\",\"width\":512,\"height\":512,\"caption\":\"TrackMe A\\\/S\"},\"image\":{\"@id\":\"https:\\\/\\\/trackme.dk\\\/en\\\/#\\\/schema\\\/logo\\\/image\\\/\"},\"sameAs\":[\"https:\\\/\\\/www.facebook.com\\\/people\\\/TrackMe\\\/100064072183958\\\/\",\"https:\\\/\\\/www.instagram.com\\\/trackmegps\\\/\"]}]}<\/script>\n<!-- \/ Yoast SEO plugin. -->","yoast_head_json":{"title":"How does GPS tracking work? - GPS-tracker &amp; Navigation | Sporing af bil | Fl\u00e5destyring | K\u00f8b online","robots":{"index":"index","follow":"follow","max-snippet":"max-snippet:-1","max-image-preview":"max-image-preview:large","max-video-preview":"max-video-preview:-1"},"canonical":"https:\/\/trackme.dk\/en\/articles\/how-does-gps-tracking-work-2\/","og_locale":"en_US","og_type":"article","og_title":"How does GPS tracking work? - GPS-tracker &amp; Navigation | Sporing af bil | Fl\u00e5destyring | K\u00f8b online","og_description":"How does GPS tracking work GPS tracking works using the Global Positioning System (GPS) which consists of a network of satellites orbiting the Earth. These satellites constantly send signals that can be picked up by GPS receivers, which are typically built into devices such as smartphones, vehicles, trackers or other devices. Here is a short [&hellip;]","og_url":"https:\/\/trackme.dk\/en\/articles\/how-does-gps-tracking-work-2\/","og_site_name":"GPS-tracker &amp; Navigation | Sporing af bil | Fl\u00e5destyring | K\u00f8b online","article_publisher":"https:\/\/www.facebook.com\/people\/TrackMe\/100064072183958\/","article_modified_time":"2024-04-16T10:27:57+00:00","twitter_card":"summary_large_image","twitter_misc":{"Est. reading time":"2 minutes"},"schema":{"@context":"https:\/\/schema.org","@graph":[{"@type":"WebPage","@id":"https:\/\/trackme.dk\/en\/articles\/how-does-gps-tracking-work-2\/","url":"https:\/\/trackme.dk\/en\/articles\/how-does-gps-tracking-work-2\/","name":"How does GPS tracking work? - GPS-tracker &amp; Navigation | Sporing af bil | Fl\u00e5destyring | K\u00f8b online","isPartOf":{"@id":"https:\/\/trackme.dk\/en\/#website"},"primaryImageOfPage":{"@id":"https:\/\/trackme.dk\/en\/articles\/how-does-gps-tracking-work-2\/#primaryimage"},"image":{"@id":"https:\/\/trackme.dk\/en\/articles\/how-does-gps-tracking-work-2\/#primaryimage"},"thumbnailUrl":"https:\/\/trackme.dk\/wp-content\/uploads\/gps-sats.jpg","datePublished":"2024-04-16T09:59:20+00:00","dateModified":"2024-04-16T10:27:57+00:00","breadcrumb":{"@id":"https:\/\/trackme.dk\/en\/articles\/how-does-gps-tracking-work-2\/#breadcrumb"},"inLanguage":"en-US","potentialAction":[{"@type":"ReadAction","target":["https:\/\/trackme.dk\/en\/articles\/how-does-gps-tracking-work-2\/"]}]},{"@type":"ImageObject","inLanguage":"en-US","@id":"https:\/\/trackme.dk\/en\/articles\/how-does-gps-tracking-work-2\/#primaryimage","url":"https:\/\/trackme.dk\/wp-content\/uploads\/gps-sats.jpg","contentUrl":"https:\/\/trackme.dk\/wp-content\/uploads\/gps-sats.jpg","width":1254,"height":835},{"@type":"BreadcrumbList","@id":"https:\/\/trackme.dk\/en\/articles\/how-does-gps-tracking-work-2\/#breadcrumb","itemListElement":[{"@type":"ListItem","position":1,"name":"Hjem","item":"https:\/\/trackme.dk\/en\/"},{"@type":"ListItem","position":2,"name":"How does GPS tracking work?"}]},{"@type":"WebSite","@id":"https:\/\/trackme.dk\/en\/#website","url":"https:\/\/trackme.dk\/en\/","name":"TrackMe.dk","description":"TrackMe leverer GPS-trackere, elektronisk k\u00f8rebog, skr\u00e6ddersyede l\u00f8sninger og forsikringsgodkendte sporinger til alle form\u00e5l og k\u00f8ret\u00f8jer. K\u00f8b online.","publisher":{"@id":"https:\/\/trackme.dk\/en\/#organization"},"potentialAction":[{"@type":"SearchAction","target":{"@type":"EntryPoint","urlTemplate":"https:\/\/trackme.dk\/en\/?s={search_term_string}"},"query-input":{"@type":"PropertyValueSpecification","valueRequired":true,"valueName":"search_term_string"}}],"inLanguage":"en-US"},{"@type":"Organization","@id":"https:\/\/trackme.dk\/en\/#organization","name":"TrackMe A\/S","url":"https:\/\/trackme.dk\/en\/","logo":{"@type":"ImageObject","inLanguage":"en-US","@id":"https:\/\/trackme.dk\/en\/#\/schema\/logo\/image\/","url":"https:\/\/trackme.dk\/wp-content\/uploads\/cropped-TrackMe-ikon.png","contentUrl":"https:\/\/trackme.dk\/wp-content\/uploads\/cropped-TrackMe-ikon.png","width":512,"height":512,"caption":"TrackMe A\/S"},"image":{"@id":"https:\/\/trackme.dk\/en\/#\/schema\/logo\/image\/"},"sameAs":["https:\/\/www.facebook.com\/people\/TrackMe\/100064072183958\/","https:\/\/www.instagram.com\/trackmegps\/"]}]}},"_links":{"self":[{"href":"https:\/\/trackme.dk\/en\/wp-json\/wp\/v2\/pages\/3743","targetHints":{"allow":["GET"]}}],"collection":[{"href":"https:\/\/trackme.dk\/en\/wp-json\/wp\/v2\/pages"}],"about":[{"href":"https:\/\/trackme.dk\/en\/wp-json\/wp\/v2\/types\/page"}],"author":[{"embeddable":true,"href":"https:\/\/trackme.dk\/en\/wp-json\/wp\/v2\/users\/2"}],"replies":[{"embeddable":true,"href":"https:\/\/trackme.dk\/en\/wp-json\/wp\/v2\/comments?post=3743"}],"version-history":[{"count":6,"href":"https:\/\/trackme.dk\/en\/wp-json\/wp\/v2\/pages\/3743\/revisions"}],"predecessor-version":[{"id":3749,"href":"https:\/\/trackme.dk\/en\/wp-json\/wp\/v2\/pages\/3743\/revisions\/3749"}],"up":[{"embeddable":true,"href":"https:\/\/trackme.dk\/en\/wp-json\/wp\/v2\/pages\/3754"}],"wp:featuredmedia":[{"embeddable":true,"href":"https:\/\/trackme.dk\/en\/wp-json\/wp\/v2\/media\/3863"}],"wp:attachment":[{"href":"https:\/\/trackme.dk\/en\/wp-json\/wp\/v2\/media?parent=3743"}],"curies":[{"name":"wp","href":"https:\/\/api.w.org\/{rel}","templated":true}]}}