{"id":3018,"date":"2023-04-27T13:22:57","date_gmt":"2023-04-27T11:22:57","guid":{"rendered":"https:\/\/trackme.dk\/sitemap\/"},"modified":"2023-12-06T13:39:42","modified_gmt":"2023-12-06T12:39:42","slug":"sitemap","status":"publish","type":"page","link":"https:\/\/trackme.dk\/en\/sitemap\/","title":{"rendered":"Sitemap"},"content":{"rendered":"<h1>Sitemap<\/h1>\n<div>Below, you find an overview of the content on our website.<\/div>\n<h1><a href=\"https:\/\/trackme.dk\/en\/\">TrackMe<\/a><\/h1>\n<div>\n<h3><a href=\"https:\/\/trackme.dk\/en\/products\/\">Products<\/a><\/h3>\n<ul>\n<li><a href=\"https:\/\/trackme.dk\/en\/vare\/insurance-approved-tracker\/\">Insurance approved tracker<\/a><\/li>\n<li><a href=\"https:\/\/trackme.dk\/en\/vare\/permanently-installed-tracker\/\">Permanently Installed GPS-tracker<\/a><\/li>\n<li><a href=\"https:\/\/trackme.dk\/en\/vare\/moveable-tracker-obd-plug\/\">Moveable tracker(OBD)<\/a><\/li>\n<li><a href=\"https:\/\/trackme.dk\/vare\/flytbar-tracker-batteri-monteret\/\">Flytbar GPS-tracker (batteri)<\/a><\/li>\n<li><a href=\"https:\/\/trackme.dk\/en\/vare\/moveable-tracker-battery-mounted\/\">Battery-mounted Tracker<\/a><\/li>\n<li><a href=\"https:\/\/trackme.dk\/en\/vare\/eye-beacon-tool-tracking\/\">Eye Beacon Tool Tracking<\/a><\/li>\n<li><a href=\"https:\/\/trackme.dk\/en\/gps-tracker-for-car\/\">GPS-tracker for car<\/a><\/li>\n<\/ul>\n<\/div>\n<div>\n<h3><a href=\"https:\/\/trackme.dk\/en\/private\/\">Private<\/a><\/h3>\n<ul>\n<li><a href=\"https:\/\/trackme.dk\/en\/installation\/\">Installation<\/a><\/li>\n<li><a href=\"https:\/\/trackme.dk\/en\/electronic-driving-record\/\">Electronic Driving Log<\/a><\/li>\n<li><a href=\"https:\/\/trackme.dk\/en\/insurance-requirements\/\">Insurance Requirements<\/a><\/li>\n<\/ul>\n<\/div>\n<div>\n<h3><a href=\"https:\/\/trackme.dk\/en\/cases\/\">Cases<\/a><\/h3>\n<ul>\n<li><a href=\"https:\/\/trackme.dk\/en\/cases\/references\/\">References<\/a><\/li>\n<\/ul>\n<\/div>\n<div>\n<h3><a href=\"https:\/\/trackme.dk\/en\/business\/\">Business<\/a><\/h3>\n<ul>\n<li><a href=\"https:\/\/trackme.dk\/en\/installation\/\">Installation<\/a><\/li>\n<li><a href=\"https:\/\/trackme.dk\/en\/electronic-driving-record\/\">Electronic Driving Records<\/a><\/li>\n<li><a href=\"https:\/\/trackme.dk\/en\/fleet-management\/\">Fleet management<\/a><\/li>\n<li><a href=\"https:\/\/trackme.dk\/en\/integrations\/\">Integrations<\/a><\/li>\n<\/ul>\n<\/div>\n<div>\n<h3><a href=\"https:\/\/trackme.dk\/en\/contact\/\">Contact<\/a><\/h3>\n<\/div>\n<div>\n<h3><a href=\"https:\/\/trackme.dk\/en\/subscriptions\/\">Subscriptions<\/a><\/h3>\n<ul>\n<li><a href=\"https:\/\/trackme.dk\/en\/insurance-subscription\/\">Insurance subscription<\/a><\/li>\n<li><a href=\"https:\/\/trackme.dk\/en\/standard-subscription\/\">Standard Subscription<\/a><\/li>\n<\/ul>\n<\/div>\n<p><!--more--><br \/>\n<!-- {\"type\":\"layout\",\"children\":[{\"type\":\"section\",\"props\":{\"image_position\":\"center-center\",\"style\":\"default\",\"title_breakpoint\":\"xl\",\"title_position\":\"top-left\",\"title_rotation\":\"left\",\"vertical_align\":\"middle\",\"width\":\"default\"},\"children\":[{\"type\":\"row\",\"children\":[{\"type\":\"column\",\"props\":{\"image_position\":\"center-center\",\"position_sticky_breakpoint\":\"m\"},\"children\":[{\"type\":\"headline\",\"props\":{\"content\":\"Sitemap\",\"title_element\":\"h1\"}},{\"type\":\"text\",\"props\":{\"column_breakpoint\":\"m\",\"content\":\"Below, you find an overview of the content on our website.\",\"margin\":\"default\"}}]}]}]},{\"type\":\"section\",\"props\":{\"image_position\":\"center-center\",\"style\":\"default\",\"title_breakpoint\":\"xl\",\"title_position\":\"top-left\",\"title_rotation\":\"left\",\"vertical_align\":\"middle\",\"width\":\"default\"},\"children\":[{\"type\":\"row\",\"children\":[{\"type\":\"column\",\"props\":{\"image_position\":\"center-center\",\"position_sticky_breakpoint\":\"m\"},\"children\":[{\"type\":\"headline\",\"props\":{\"content\":\"<a href=\\\"https:\\\/\\\/trackme.dk\\\/en\\\/\\\">TrackMe<\\\/a>\",\"title_element\":\"h1\",\"title_style\":\"h2\"}}]}]},{\"type\":\"row\",\"props\":{\"layout\":\"1-4,1-4,1-4,1-4|1-2,1-2,1-2,1-2\"},\"children\":[{\"type\":\"column\",\"props\":{\"image_position\":\"center-center\",\"position_sticky_breakpoint\":\"m\",\"width_medium\":\"1-4\",\"width_small\":\"1-2\"},\"children\":[{\"type\":\"text\",\"props\":{\"column_breakpoint\":\"m\",\"content\":\"\n\n<h3><a href=\\\"https:\\\/\\\/trackme.dk\\\/en\\\/products\\\/\\\">Products<\\\/a><\\\/h3>\\n\n\n<ul>\\n\n\n<li><a href=\\\"https:\\\/\\\/trackme.dk\\\/en\\\/vare\\\/insurance-approved-tracker\\\/\\\">Insurance approved tracker<\\\/a><\\\/li>\\n\n\n<li><a href=\\\"https:\\\/\\\/trackme.dk\\\/en\\\/vare\\\/permanently-installed-tracker\\\/\\\">Permanently Installed GPS-tracker<\\\/a><\\\/li>\\n\n\n<li><a href=\\\"https:\\\/\\\/trackme.dk\\\/en\\\/vare\\\/moveable-tracker-obd-plug\\\/\\\">Moveable tracker(OBD)<\\\/a><\\\/li>\\n\n\n<li><a href=\\\"https:\\\/\\\/trackme.dk\\\/vare\\\/flytbar-tracker-batteri-monteret\\\/\\\">Flytbar GPS-tracker (batteri)<\\\/a><\\\/li>\\n\n\n<li><a href=\\\"https:\\\/\\\/trackme.dk\\\/en\\\/vare\\\/moveable-tracker-battery-mounted\\\/\\\">Battery-mounted Tracker<\\\/a><\\\/li>\\n\n\n<li><a href=\\\"https:\\\/\\\/trackme.dk\\\/en\\\/vare\\\/eye-beacon-tool-tracking\\\/\\\">Eye Beacon Tool Tracking<\\\/a><\\\/li>\\n\n\n<li><a href=\\\"https:\\\/\\\/trackme.dk\\\/en\\\/gps-tracker-for-car\\\/\\\">GPS-tracker for car<\\\/a><\\\/li>\\n<\\\/ul>\",\"dropcap\":false,\"margin\":\"default\"}}]},{\"type\":\"column\",\"props\":{\"image_position\":\"center-center\",\"position_sticky_breakpoint\":\"m\",\"width_medium\":\"1-4\",\"width_small\":\"1-2\"},\"children\":[{\"type\":\"text\",\"props\":{\"column_breakpoint\":\"m\",\"content\":\"\n\n<h3><a href=\\\"https:\\\/\\\/trackme.dk\\\/en\\\/private\\\/\\\">Private<\\\/a><\\\/h3>\\n\n\n<ul>\\n\n\n<li><a href=\\\"https:\\\/\\\/trackme.dk\\\/en\\\/installation\\\/\\\">Installation<\\\/a><\\\/li>\\n\n\n<li><a href=\\\"https:\\\/\\\/trackme.dk\\\/en\\\/electronic-driving-record\\\/\\\">Electronic Driving Log<\\\/a><\\\/li>\\n\n\n<li><a href=\\\"https:\\\/\\\/trackme.dk\\\/en\\\/insurance-requirements\\\/\\\">Insurance Requirements<\\\/a><\\\/li>\\n<\\\/ul>\",\"margin\":\"default\"}},{\"type\":\"text\",\"props\":{\"column_breakpoint\":\"m\",\"content\":\"\n\n<h3><a href=\\\"https:\\\/\\\/trackme.dk\\\/en\\\/cases\\\/\\\">Cases<\\\/a><\\\/h3>\\n\n\n<ul>\\n\n\n<li><a href=\\\"https:\\\/\\\/trackme.dk\\\/en\\\/cases\\\/references\\\/\\\">References<\\\/a><\\\/li>\\n<\\\/ul>\",\"margin\":\"default\"}}]},{\"type\":\"column\",\"props\":{\"image_position\":\"center-center\",\"position_sticky_breakpoint\":\"m\",\"width_medium\":\"1-4\",\"width_small\":\"1-2\"},\"children\":[{\"type\":\"text\",\"props\":{\"column_breakpoint\":\"m\",\"content\":\"\n\n<h3><a href=\\\"https:\\\/\\\/trackme.dk\\\/en\\\/business\\\/\\\">Business<\\\/a><\\\/h3>\\n\n\n<ul>\\n\n\n<li><a href=\\\"https:\\\/\\\/trackme.dk\\\/en\\\/installation\\\/\\\">Installation<\\\/a><\\\/li>\\n\n\n<li><a href=\\\"https:\\\/\\\/trackme.dk\\\/en\\\/electronic-driving-record\\\/\\\">Electronic Driving Records<\\\/a><\\\/li>\\n\n\n<li><a href=\\\"https:\\\/\\\/trackme.dk\\\/en\\\/fleet-management\\\/\\\">Fleet management<\\\/a><\\\/li>\\n\n\n<li><a href=\\\"https:\\\/\\\/trackme.dk\\\/en\\\/integrations\\\/\\\">Integrations<\\\/a><\\\/li>\\n<\\\/ul>\",\"margin\":\"default\"}}]},{\"type\":\"column\",\"props\":{\"image_position\":\"center-center\",\"position_sticky_breakpoint\":\"m\",\"width_medium\":\"1-4\",\"width_small\":\"1-2\"},\"children\":[{\"type\":\"text\",\"props\":{\"column_breakpoint\":\"m\",\"content\":\"\n\n<h3><a href=\\\"https:\\\/\\\/trackme.dk\\\/en\\\/contact\\\/\\\">Contact<\\\/a><\\\/h3>\",\"margin\":\"default\"}},{\"type\":\"text\",\"props\":{\"column_breakpoint\":\"m\",\"content\":\"\n\n<h3><a href=\\\"https:\\\/\\\/trackme.dk\\\/en\\\/subscriptions\\\/\\\">Subscriptions<\\\/a><\\\/h3>\\n\n\n<ul>\\n\n\n<li><a href=\\\"https:\\\/\\\/trackme.dk\\\/en\\\/insurance-subscription\\\/\\\">Insurance subscription<\\\/a><\\\/li>\\n\n\n<li><a href=\\\"https:\\\/\\\/trackme.dk\\\/en\\\/standard-subscription\\\/\\\">Standard Subscription<\\\/a><\\\/li>\\n<\\\/ul>\",\"margin\":\"default\"}}]}]}]}],\"version\":\"4.2.11\"} --><\/p>\n","protected":false},"excerpt":{"rendered":"<p>Sitemap Below, you find an overview of the content on our website. TrackMe Products Insurance approved tracker Permanently Installed GPS-tracker Moveable tracker(OBD) Flytbar GPS-tracker (batteri) Battery-mounted Tracker Eye Beacon Tool Tracking GPS-tracker for car Private Installation Electronic Driving Log Insurance Requirements Cases References Business Installation Electronic Driving Records Fleet management Integrations Contact Subscriptions Insurance subscription [&hellip;]<\/p>\n","protected":false},"author":2,"featured_media":0,"parent":0,"menu_order":32,"comment_status":"closed","ping_status":"closed","template":"","meta":{"footnotes":""},"class_list":["post-3018","page","type-page","status-publish","hentry"],"yoast_head":"<!-- This site is optimized with the Yoast SEO plugin v27.3 - https:\/\/yoast.com\/product\/yoast-seo-wordpress\/ -->\n<title>Sitemap - GPS-tracker &amp; Navigation | Sporing af bil | Fl\u00e5destyring | K\u00f8b online<\/title>\n<meta name=\"robots\" content=\"index, follow, max-snippet:-1, max-image-preview:large, max-video-preview:-1\" \/>\n<link rel=\"canonical\" href=\"https:\/\/trackme.dk\/en\/sitemap\/\" \/>\n<meta property=\"og:locale\" content=\"en_US\" \/>\n<meta property=\"og:type\" content=\"article\" \/>\n<meta property=\"og:title\" content=\"Sitemap - GPS-tracker &amp; Navigation | Sporing af bil | Fl\u00e5destyring | K\u00f8b online\" \/>\n<meta property=\"og:description\" content=\"Sitemap Below, you find an overview of the content on our website. TrackMe Products Insurance approved tracker Permanently Installed GPS-tracker Moveable tracker(OBD) Flytbar GPS-tracker (batteri) Battery-mounted Tracker Eye Beacon Tool Tracking GPS-tracker for car Private Installation Electronic Driving Log Insurance Requirements Cases References Business Installation Electronic Driving Records Fleet management Integrations Contact Subscriptions Insurance subscription [&hellip;]\" \/>\n<meta property=\"og:url\" content=\"https:\/\/trackme.dk\/en\/sitemap\/\" \/>\n<meta property=\"og:site_name\" content=\"GPS-tracker &amp; Navigation | Sporing af bil | Fl\u00e5destyring | K\u00f8b online\" \/>\n<meta property=\"article:publisher\" content=\"https:\/\/www.facebook.com\/people\/TrackMe\/100064072183958\/\" \/>\n<meta property=\"article:modified_time\" content=\"2023-12-06T12:39:42+00:00\" \/>\n<meta name=\"twitter:card\" content=\"summary_large_image\" \/>\n<meta name=\"twitter:label1\" content=\"Est. reading time\" \/>\n\t<meta name=\"twitter:data1\" content=\"1 minute\" \/>\n<script type=\"application\/ld+json\" class=\"yoast-schema-graph\">{\"@context\":\"https:\\\/\\\/schema.org\",\"@graph\":[{\"@type\":\"WebPage\",\"@id\":\"https:\\\/\\\/trackme.dk\\\/en\\\/sitemap\\\/\",\"url\":\"https:\\\/\\\/trackme.dk\\\/en\\\/sitemap\\\/\",\"name\":\"Sitemap - GPS-tracker &amp; Navigation | Sporing af bil | Fl\u00e5destyring | K\u00f8b online\",\"isPartOf\":{\"@id\":\"https:\\\/\\\/trackme.dk\\\/en\\\/#website\"},\"datePublished\":\"2023-04-27T11:22:57+00:00\",\"dateModified\":\"2023-12-06T12:39:42+00:00\",\"breadcrumb\":{\"@id\":\"https:\\\/\\\/trackme.dk\\\/en\\\/sitemap\\\/#breadcrumb\"},\"inLanguage\":\"en-US\",\"potentialAction\":[{\"@type\":\"ReadAction\",\"target\":[\"https:\\\/\\\/trackme.dk\\\/en\\\/sitemap\\\/\"]}]},{\"@type\":\"BreadcrumbList\",\"@id\":\"https:\\\/\\\/trackme.dk\\\/en\\\/sitemap\\\/#breadcrumb\",\"itemListElement\":[{\"@type\":\"ListItem\",\"position\":1,\"name\":\"Hjem\",\"item\":\"https:\\\/\\\/trackme.dk\\\/en\\\/\"},{\"@type\":\"ListItem\",\"position\":2,\"name\":\"Sitemap\"}]},{\"@type\":\"WebSite\",\"@id\":\"https:\\\/\\\/trackme.dk\\\/en\\\/#website\",\"url\":\"https:\\\/\\\/trackme.dk\\\/en\\\/\",\"name\":\"TrackMe.dk\",\"description\":\"TrackMe leverer GPS-trackere, elektronisk k\u00f8rebog, skr\u00e6ddersyede l\u00f8sninger og forsikringsgodkendte sporinger til alle form\u00e5l og k\u00f8ret\u00f8jer. K\u00f8b online.\",\"publisher\":{\"@id\":\"https:\\\/\\\/trackme.dk\\\/en\\\/#organization\"},\"potentialAction\":[{\"@type\":\"SearchAction\",\"target\":{\"@type\":\"EntryPoint\",\"urlTemplate\":\"https:\\\/\\\/trackme.dk\\\/en\\\/?s={search_term_string}\"},\"query-input\":{\"@type\":\"PropertyValueSpecification\",\"valueRequired\":true,\"valueName\":\"search_term_string\"}}],\"inLanguage\":\"en-US\"},{\"@type\":\"Organization\",\"@id\":\"https:\\\/\\\/trackme.dk\\\/en\\\/#organization\",\"name\":\"TrackMe A\\\/S\",\"url\":\"https:\\\/\\\/trackme.dk\\\/en\\\/\",\"logo\":{\"@type\":\"ImageObject\",\"inLanguage\":\"en-US\",\"@id\":\"https:\\\/\\\/trackme.dk\\\/en\\\/#\\\/schema\\\/logo\\\/image\\\/\",\"url\":\"https:\\\/\\\/trackme.dk\\\/wp-content\\\/uploads\\\/cropped-TrackMe-ikon.png\",\"contentUrl\":\"https:\\\/\\\/trackme.dk\\\/wp-content\\\/uploads\\\/cropped-TrackMe-ikon.png\",\"width\":512,\"height\":512,\"caption\":\"TrackMe A\\\/S\"},\"image\":{\"@id\":\"https:\\\/\\\/trackme.dk\\\/en\\\/#\\\/schema\\\/logo\\\/image\\\/\"},\"sameAs\":[\"https:\\\/\\\/www.facebook.com\\\/people\\\/TrackMe\\\/100064072183958\\\/\",\"https:\\\/\\\/www.instagram.com\\\/trackmegps\\\/\"]}]}<\/script>\n<!-- \/ Yoast SEO plugin. -->","yoast_head_json":{"title":"Sitemap - GPS-tracker &amp; Navigation | Sporing af bil | Fl\u00e5destyring | K\u00f8b online","robots":{"index":"index","follow":"follow","max-snippet":"max-snippet:-1","max-image-preview":"max-image-preview:large","max-video-preview":"max-video-preview:-1"},"canonical":"https:\/\/trackme.dk\/en\/sitemap\/","og_locale":"en_US","og_type":"article","og_title":"Sitemap - GPS-tracker &amp; Navigation | Sporing af bil | Fl\u00e5destyring | K\u00f8b online","og_description":"Sitemap Below, you find an overview of the content on our website. TrackMe Products Insurance approved tracker Permanently Installed GPS-tracker Moveable tracker(OBD) Flytbar GPS-tracker (batteri) Battery-mounted Tracker Eye Beacon Tool Tracking GPS-tracker for car Private Installation Electronic Driving Log Insurance Requirements Cases References Business Installation Electronic Driving Records Fleet management Integrations Contact Subscriptions Insurance subscription [&hellip;]","og_url":"https:\/\/trackme.dk\/en\/sitemap\/","og_site_name":"GPS-tracker &amp; Navigation | Sporing af bil | Fl\u00e5destyring | K\u00f8b online","article_publisher":"https:\/\/www.facebook.com\/people\/TrackMe\/100064072183958\/","article_modified_time":"2023-12-06T12:39:42+00:00","twitter_card":"summary_large_image","twitter_misc":{"Est. reading time":"1 minute"},"schema":{"@context":"https:\/\/schema.org","@graph":[{"@type":"WebPage","@id":"https:\/\/trackme.dk\/en\/sitemap\/","url":"https:\/\/trackme.dk\/en\/sitemap\/","name":"Sitemap - GPS-tracker &amp; Navigation | Sporing af bil | Fl\u00e5destyring | K\u00f8b online","isPartOf":{"@id":"https:\/\/trackme.dk\/en\/#website"},"datePublished":"2023-04-27T11:22:57+00:00","dateModified":"2023-12-06T12:39:42+00:00","breadcrumb":{"@id":"https:\/\/trackme.dk\/en\/sitemap\/#breadcrumb"},"inLanguage":"en-US","potentialAction":[{"@type":"ReadAction","target":["https:\/\/trackme.dk\/en\/sitemap\/"]}]},{"@type":"BreadcrumbList","@id":"https:\/\/trackme.dk\/en\/sitemap\/#breadcrumb","itemListElement":[{"@type":"ListItem","position":1,"name":"Hjem","item":"https:\/\/trackme.dk\/en\/"},{"@type":"ListItem","position":2,"name":"Sitemap"}]},{"@type":"WebSite","@id":"https:\/\/trackme.dk\/en\/#website","url":"https:\/\/trackme.dk\/en\/","name":"TrackMe.dk","description":"TrackMe leverer GPS-trackere, elektronisk k\u00f8rebog, skr\u00e6ddersyede l\u00f8sninger og forsikringsgodkendte sporinger til alle form\u00e5l og k\u00f8ret\u00f8jer. K\u00f8b online.","publisher":{"@id":"https:\/\/trackme.dk\/en\/#organization"},"potentialAction":[{"@type":"SearchAction","target":{"@type":"EntryPoint","urlTemplate":"https:\/\/trackme.dk\/en\/?s={search_term_string}"},"query-input":{"@type":"PropertyValueSpecification","valueRequired":true,"valueName":"search_term_string"}}],"inLanguage":"en-US"},{"@type":"Organization","@id":"https:\/\/trackme.dk\/en\/#organization","name":"TrackMe A\/S","url":"https:\/\/trackme.dk\/en\/","logo":{"@type":"ImageObject","inLanguage":"en-US","@id":"https:\/\/trackme.dk\/en\/#\/schema\/logo\/image\/","url":"https:\/\/trackme.dk\/wp-content\/uploads\/cropped-TrackMe-ikon.png","contentUrl":"https:\/\/trackme.dk\/wp-content\/uploads\/cropped-TrackMe-ikon.png","width":512,"height":512,"caption":"TrackMe A\/S"},"image":{"@id":"https:\/\/trackme.dk\/en\/#\/schema\/logo\/image\/"},"sameAs":["https:\/\/www.facebook.com\/people\/TrackMe\/100064072183958\/","https:\/\/www.instagram.com\/trackmegps\/"]}]}},"_links":{"self":[{"href":"https:\/\/trackme.dk\/en\/wp-json\/wp\/v2\/pages\/3018","targetHints":{"allow":["GET"]}}],"collection":[{"href":"https:\/\/trackme.dk\/en\/wp-json\/wp\/v2\/pages"}],"about":[{"href":"https:\/\/trackme.dk\/en\/wp-json\/wp\/v2\/types\/page"}],"author":[{"embeddable":true,"href":"https:\/\/trackme.dk\/en\/wp-json\/wp\/v2\/users\/2"}],"replies":[{"embeddable":true,"href":"https:\/\/trackme.dk\/en\/wp-json\/wp\/v2\/comments?post=3018"}],"version-history":[{"count":11,"href":"https:\/\/trackme.dk\/en\/wp-json\/wp\/v2\/pages\/3018\/revisions"}],"predecessor-version":[{"id":3430,"href":"https:\/\/trackme.dk\/en\/wp-json\/wp\/v2\/pages\/3018\/revisions\/3430"}],"wp:attachment":[{"href":"https:\/\/trackme.dk\/en\/wp-json\/wp\/v2\/media?parent=3018"}],"curies":[{"name":"wp","href":"https:\/\/api.w.org\/{rel}","templated":true}]}}