{"id":3010,"date":"2020-07-13T10:47:40","date_gmt":"2020-07-13T08:47:40","guid":{"rendered":"https:\/\/trackme.dk\/kurv\/"},"modified":"2023-12-01T11:19:19","modified_gmt":"2023-12-01T10:19:19","slug":"basket","status":"publish","type":"page","link":"https:\/\/trackme.dk\/en\/basket\/","title":{"rendered":"Basket"},"content":{"rendered":"<h1>Your <span class=\"highlight\">basket<\/span><\/h1>\n<div> <\/div>\n<p><!--more--><br \/>\n<!-- {\"type\":\"layout\",\"children\":[{\"type\":\"section\",\"props\":{\"image_position\":\"center-center\",\"padding_remove_bottom\":true,\"style\":\"default\",\"title_breakpoint\":\"xl\",\"title_position\":\"top-left\",\"title_rotation\":\"left\",\"vertical_align\":\"middle\",\"width\":\"default\"},\"children\":[{\"type\":\"row\",\"children\":[{\"type\":\"column\",\"props\":{\"image_position\":\"center-center\",\"position_sticky_breakpoint\":\"m\"},\"children\":[{\"type\":\"headline\",\"props\":{\"content\":\"Your <span class=\\\"highlight\\\">basket<\\\/span>\",\"text_align\":\"center\",\"title_element\":\"h1\"}}]}]}]},{\"type\":\"section\",\"props\":{\"class\":\"cart-main\",\"image_position\":\"center-center\",\"padding\":\"small\",\"style\":\"default\",\"title_breakpoint\":\"xl\",\"title_position\":\"top-left\",\"title_rotation\":\"left\",\"vertical_align\":\"middle\",\"width\":\"default\"},\"children\":[{\"type\":\"row\",\"children\":[{\"type\":\"column\",\"props\":{\"image_position\":\"center-center\",\"position_sticky_breakpoint\":\"m\"},\"children\":[{\"type\":\"text\",\"props\":{\"block_align\":\"center\",\"column_breakpoint\":\"m\",\"content\":\"[woocommerce_cart] \",\"margin\":\"default\",\"text_align\":\"left\"}}]}],\"props\":{\"class\":\"cart-main\"}}]}],\"version\":\"4.2.6\"} --><\/p>\n","protected":false},"excerpt":{"rendered":"<p>Your basket<\/p>\n","protected":false},"author":2,"featured_media":0,"parent":0,"menu_order":24,"comment_status":"closed","ping_status":"closed","template":"","meta":{"footnotes":""},"class_list":["post-3010","page","type-page","status-publish","hentry"],"yoast_head":"<!-- This site is optimized with the Yoast SEO plugin v27.3 - https:\/\/yoast.com\/product\/yoast-seo-wordpress\/ -->\n<title>Basket | GPS-trackers for all purposes | TrackMe.dk<\/title>\n<meta name=\"description\" content=\"View your basket in TrackMe&#039;s webshop. We develop solutions for fleet management and electronic driving log. Private and business.\" \/>\n<meta name=\"robots\" content=\"index, follow, max-snippet:-1, max-image-preview:large, max-video-preview:-1\" \/>\n<link rel=\"canonical\" href=\"https:\/\/trackme.dk\/en\/basket\/\" \/>\n<meta property=\"og:locale\" content=\"en_US\" \/>\n<meta property=\"og:type\" content=\"article\" \/>\n<meta property=\"og:title\" content=\"Basket | GPS-trackers for all purposes | TrackMe.dk\" \/>\n<meta property=\"og:description\" content=\"View your basket in TrackMe&#039;s webshop. We develop solutions for fleet management and electronic driving log. Private and business.\" \/>\n<meta property=\"og:url\" content=\"https:\/\/trackme.dk\/en\/basket\/\" \/>\n<meta property=\"og:site_name\" content=\"GPS-tracker &amp; Navigation | Sporing af bil | Fl\u00e5destyring | K\u00f8b online\" \/>\n<meta property=\"article:publisher\" content=\"https:\/\/www.facebook.com\/people\/TrackMe\/100064072183958\/\" \/>\n<meta property=\"article:modified_time\" content=\"2023-12-01T10:19:19+00:00\" \/>\n<meta name=\"twitter:card\" content=\"summary_large_image\" \/>\n<meta name=\"twitter:label1\" content=\"Est. reading time\" \/>\n\t<meta name=\"twitter:data1\" content=\"1 minute\" \/>\n<script type=\"application\/ld+json\" class=\"yoast-schema-graph\">{\"@context\":\"https:\\\/\\\/schema.org\",\"@graph\":[{\"@type\":\"WebPage\",\"@id\":\"https:\\\/\\\/trackme.dk\\\/en\\\/basket\\\/\",\"url\":\"https:\\\/\\\/trackme.dk\\\/en\\\/basket\\\/\",\"name\":\"Basket | GPS-trackers for all purposes | TrackMe.dk\",\"isPartOf\":{\"@id\":\"https:\\\/\\\/trackme.dk\\\/en\\\/#website\"},\"datePublished\":\"2020-07-13T08:47:40+00:00\",\"dateModified\":\"2023-12-01T10:19:19+00:00\",\"description\":\"View your basket in TrackMe's webshop. We develop solutions for fleet management and electronic driving log. Private and business.\",\"breadcrumb\":{\"@id\":\"https:\\\/\\\/trackme.dk\\\/en\\\/basket\\\/#breadcrumb\"},\"inLanguage\":\"en-US\",\"potentialAction\":[{\"@type\":\"ReadAction\",\"target\":[\"https:\\\/\\\/trackme.dk\\\/en\\\/basket\\\/\"]}]},{\"@type\":\"BreadcrumbList\",\"@id\":\"https:\\\/\\\/trackme.dk\\\/en\\\/basket\\\/#breadcrumb\",\"itemListElement\":[{\"@type\":\"ListItem\",\"position\":1,\"name\":\"Hjem\",\"item\":\"https:\\\/\\\/trackme.dk\\\/en\\\/\"},{\"@type\":\"ListItem\",\"position\":2,\"name\":\"Basket\"}]},{\"@type\":\"WebSite\",\"@id\":\"https:\\\/\\\/trackme.dk\\\/en\\\/#website\",\"url\":\"https:\\\/\\\/trackme.dk\\\/en\\\/\",\"name\":\"TrackMe.dk\",\"description\":\"TrackMe leverer GPS-trackere, elektronisk k\u00f8rebog, skr\u00e6ddersyede l\u00f8sninger og forsikringsgodkendte sporinger til alle form\u00e5l og k\u00f8ret\u00f8jer. K\u00f8b online.\",\"publisher\":{\"@id\":\"https:\\\/\\\/trackme.dk\\\/en\\\/#organization\"},\"potentialAction\":[{\"@type\":\"SearchAction\",\"target\":{\"@type\":\"EntryPoint\",\"urlTemplate\":\"https:\\\/\\\/trackme.dk\\\/en\\\/?s={search_term_string}\"},\"query-input\":{\"@type\":\"PropertyValueSpecification\",\"valueRequired\":true,\"valueName\":\"search_term_string\"}}],\"inLanguage\":\"en-US\"},{\"@type\":\"Organization\",\"@id\":\"https:\\\/\\\/trackme.dk\\\/en\\\/#organization\",\"name\":\"TrackMe A\\\/S\",\"url\":\"https:\\\/\\\/trackme.dk\\\/en\\\/\",\"logo\":{\"@type\":\"ImageObject\",\"inLanguage\":\"en-US\",\"@id\":\"https:\\\/\\\/trackme.dk\\\/en\\\/#\\\/schema\\\/logo\\\/image\\\/\",\"url\":\"https:\\\/\\\/trackme.dk\\\/wp-content\\\/uploads\\\/cropped-TrackMe-ikon.png\",\"contentUrl\":\"https:\\\/\\\/trackme.dk\\\/wp-content\\\/uploads\\\/cropped-TrackMe-ikon.png\",\"width\":512,\"height\":512,\"caption\":\"TrackMe A\\\/S\"},\"image\":{\"@id\":\"https:\\\/\\\/trackme.dk\\\/en\\\/#\\\/schema\\\/logo\\\/image\\\/\"},\"sameAs\":[\"https:\\\/\\\/www.facebook.com\\\/people\\\/TrackMe\\\/100064072183958\\\/\",\"https:\\\/\\\/www.instagram.com\\\/trackmegps\\\/\"]}]}<\/script>\n<!-- \/ Yoast SEO plugin. -->","yoast_head_json":{"title":"Basket | GPS-trackers for all purposes | TrackMe.dk","description":"View your basket in TrackMe's webshop. We develop solutions for fleet management and electronic driving log. Private and business.","robots":{"index":"index","follow":"follow","max-snippet":"max-snippet:-1","max-image-preview":"max-image-preview:large","max-video-preview":"max-video-preview:-1"},"canonical":"https:\/\/trackme.dk\/en\/basket\/","og_locale":"en_US","og_type":"article","og_title":"Basket | GPS-trackers for all purposes | TrackMe.dk","og_description":"View your basket in TrackMe's webshop. We develop solutions for fleet management and electronic driving log. Private and business.","og_url":"https:\/\/trackme.dk\/en\/basket\/","og_site_name":"GPS-tracker &amp; Navigation | Sporing af bil | Fl\u00e5destyring | K\u00f8b online","article_publisher":"https:\/\/www.facebook.com\/people\/TrackMe\/100064072183958\/","article_modified_time":"2023-12-01T10:19:19+00:00","twitter_card":"summary_large_image","twitter_misc":{"Est. reading time":"1 minute"},"schema":{"@context":"https:\/\/schema.org","@graph":[{"@type":"WebPage","@id":"https:\/\/trackme.dk\/en\/basket\/","url":"https:\/\/trackme.dk\/en\/basket\/","name":"Basket | GPS-trackers for all purposes | TrackMe.dk","isPartOf":{"@id":"https:\/\/trackme.dk\/en\/#website"},"datePublished":"2020-07-13T08:47:40+00:00","dateModified":"2023-12-01T10:19:19+00:00","description":"View your basket in TrackMe's webshop. We develop solutions for fleet management and electronic driving log. Private and business.","breadcrumb":{"@id":"https:\/\/trackme.dk\/en\/basket\/#breadcrumb"},"inLanguage":"en-US","potentialAction":[{"@type":"ReadAction","target":["https:\/\/trackme.dk\/en\/basket\/"]}]},{"@type":"BreadcrumbList","@id":"https:\/\/trackme.dk\/en\/basket\/#breadcrumb","itemListElement":[{"@type":"ListItem","position":1,"name":"Hjem","item":"https:\/\/trackme.dk\/en\/"},{"@type":"ListItem","position":2,"name":"Basket"}]},{"@type":"WebSite","@id":"https:\/\/trackme.dk\/en\/#website","url":"https:\/\/trackme.dk\/en\/","name":"TrackMe.dk","description":"TrackMe leverer GPS-trackere, elektronisk k\u00f8rebog, skr\u00e6ddersyede l\u00f8sninger og forsikringsgodkendte sporinger til alle form\u00e5l og k\u00f8ret\u00f8jer. K\u00f8b online.","publisher":{"@id":"https:\/\/trackme.dk\/en\/#organization"},"potentialAction":[{"@type":"SearchAction","target":{"@type":"EntryPoint","urlTemplate":"https:\/\/trackme.dk\/en\/?s={search_term_string}"},"query-input":{"@type":"PropertyValueSpecification","valueRequired":true,"valueName":"search_term_string"}}],"inLanguage":"en-US"},{"@type":"Organization","@id":"https:\/\/trackme.dk\/en\/#organization","name":"TrackMe A\/S","url":"https:\/\/trackme.dk\/en\/","logo":{"@type":"ImageObject","inLanguage":"en-US","@id":"https:\/\/trackme.dk\/en\/#\/schema\/logo\/image\/","url":"https:\/\/trackme.dk\/wp-content\/uploads\/cropped-TrackMe-ikon.png","contentUrl":"https:\/\/trackme.dk\/wp-content\/uploads\/cropped-TrackMe-ikon.png","width":512,"height":512,"caption":"TrackMe A\/S"},"image":{"@id":"https:\/\/trackme.dk\/en\/#\/schema\/logo\/image\/"},"sameAs":["https:\/\/www.facebook.com\/people\/TrackMe\/100064072183958\/","https:\/\/www.instagram.com\/trackmegps\/"]}]}},"_links":{"self":[{"href":"https:\/\/trackme.dk\/en\/wp-json\/wp\/v2\/pages\/3010","targetHints":{"allow":["GET"]}}],"collection":[{"href":"https:\/\/trackme.dk\/en\/wp-json\/wp\/v2\/pages"}],"about":[{"href":"https:\/\/trackme.dk\/en\/wp-json\/wp\/v2\/types\/page"}],"author":[{"embeddable":true,"href":"https:\/\/trackme.dk\/en\/wp-json\/wp\/v2\/users\/2"}],"replies":[{"embeddable":true,"href":"https:\/\/trackme.dk\/en\/wp-json\/wp\/v2\/comments?post=3010"}],"version-history":[{"count":2,"href":"https:\/\/trackme.dk\/en\/wp-json\/wp\/v2\/pages\/3010\/revisions"}],"predecessor-version":[{"id":3250,"href":"https:\/\/trackme.dk\/en\/wp-json\/wp\/v2\/pages\/3010\/revisions\/3250"}],"wp:attachment":[{"href":"https:\/\/trackme.dk\/en\/wp-json\/wp\/v2\/media?parent=3010"}],"curies":[{"name":"wp","href":"https:\/\/api.w.org\/{rel}","templated":true}]}}