{"id":2987,"date":"2020-06-17T13:44:46","date_gmt":"2020-06-17T11:44:46","guid":{"rendered":"https:\/\/trackme.dk\/erhverv\/"},"modified":"2023-12-06T13:59:57","modified_gmt":"2023-12-06T12:59:57","slug":"business","status":"publish","type":"page","link":"https:\/\/trackme.dk\/en\/business\/","title":{"rendered":"Business"},"content":{"rendered":"<div>\n<h3>Installation<\/h3>\n<div>\n<p>We install your GPS tracker at your workplace or your home address.<\/p>\n<\/div>\n<p><a href=\"https:\/\/trackme.dk\/en\/installation\/\">Read more<\/a><\/p>\n<\/div>\n<div>\n<h3>Integrations<\/h3>\n<div>\n<p>Integration with external systems can streamline billing and administration.<\/p>\n<\/div>\n<p><a href=\"https:\/\/trackme.dk\/en\/integrations\/\">Read more<\/a><\/p>\n<\/div>\n<hr>\n<div>\n<h3>Free trial<\/h3>\n<div>\n<p>Get a tracker on trial and test our entire system for 30 days.<br \/><strong>100% risk-free.<\/strong><\/p>\n<\/div>\n<p><a href=\"https:\/\/trackme.dk\/en\/free-gps-tracker-trial\/\">Order trial<\/a><\/p>\n<\/div>\n<div>\n<h3>Sustainable Profiling<\/h3>\n<div>\n<p>Do you want to be sustainable? Create an overview and documentation of your fleet&#8217;s carbon footprint with just a few clicks.<\/p>\n<\/div>\n<p><a href=\"https:\/\/trackme.dk\/en\/co2-reports\/\">Read more<\/a><\/p>\n<\/div>\n<hr>\n<div>\n<h3>Electronic Driving Records<\/h3>\n<div>\n<p>Overview of private and business travel with easy reporting of deductions to the Tax Authorities.<\/p>\n<\/div>\n<p><a href=\"https:\/\/trackme.dk\/en\/electronic-driving-record\/\">Read more<\/a><\/p>\n<\/div>\n<div>\n<h3>Fleet management<\/h3>\n<div>\n<p>Maintain complete control over small and large vehicle fleets with fleet management.<\/p>\n<\/div>\n<p><a href=\"https:\/\/trackme.dk\/en\/fleet-management\/\">Read more<\/a><\/p>\n<\/div>\n<h1><span class=\"uk-margin-remove-bottom uk-text-center uk-scrollspy-inview\" style=\"font-weight: 800; text-transform: uppercase; color: #ec6608; font-size: 16px;\">GPS-tracking for<\/span><br \/>Business<\/h1>\n<div>\n<p><span style=\"font-weight: 400;\">As a business customer at TrackMe, you can choose from a range of standard solutions or customize your tracking solution to suit your needs \u2013 regardless of the size of your company.<\/span><\/p>\n<p><span style=\"font-weight: 400;\">Our range includes both <\/span><a href=\"https:\/\/trackme.dk\/en\/products\/\">permanently installed and moveable \/ portable trackers<\/a>, and we have developed the software in the tracking devices ourselves. This means that we can access it and integrate it with most systems if you need data synchronization. It couldn&#8217;t be easier to track, for example, your vehicle, with GPS tracking from TrackMe.<\/span><\/p>\n<\/div>\n<h2>Who Are Our Business Customers?<\/h2>\n<div>\n<p>A typical business customer at TrackMe often needs <a href=\"https:\/\/trackme.dk\/en\/fleet-management\/\">fleet management<\/a> for a larger or smaller vehicle fleet \u2013 this could be <a href=\"https:\/\/trackme.dk\/en\/municipal-home-care\/\">a municipal home care service<\/a>, a taxi company, construction companies, and <a href=\"https:\/\/trackme.dk\/en\/cases\/\">the list goes on<\/a>.<\/p>\n<p>Both fleet management and <a href=\"https:\/\/trackme.dk\/en\/electronic-driving-record\/\">electronic logbook functionalities<\/a> can be activated in TrackMe&#8217;s standard trackers, allowing you to monitor all vehicles at once while enabling each driver or employee to log their travel.<\/p>\n<\/div>\n<hr>\n<div>\n<p>Do you need special tracking features such as alarms, geofencing, or other specific functionalities? See <a href=\"https:\/\/trackme.dk\/en\/cases\/\">how we have solved it for other customers<\/a>\u00a0eller <a href=\"https:\/\/trackme.dk\/en\/contact\/\">contact us<\/a> to find out what is possible.<\/p>\n<\/div>\n<p><!--more--><br \/>\n<!-- {\"name\":\"privat\",\"type\":\"layout\",\"children\":[{\"type\":\"section\",\"props\":{\"class\":\"privat-links-menu\",\"image\":\"wp-content\\\/uploads\\\/trackme-landevej.jpg\",\"image_position\":\"center-center\",\"image_size\":\"cover\",\"media_overlay\":\"rgba(255, 255, 255, 0.79)\",\"padding\":\"large\",\"style\":\"default\",\"title_breakpoint\":\"xl\",\"title_position\":\"top-left\",\"title_rotation\":\"left\",\"vertical_align\":\"middle\",\"width\":\"default\"},\"children\":[{\"type\":\"row\",\"children\":[{\"type\":\"column\",\"props\":{\"attributes\":\"style=\\\"position:relative\\\"\",\"class\":\"ipad-map\",\"image_position\":\"center-center\",\"position_sticky_breakpoint\":\"m\",\"width_medium\":\"1-2\"},\"children\":[{\"type\":\"panel\",\"props\":{\"content\":\"\n\n<p>We install your GPS tracker at your workplace or your home address.<\\\/p>\",\"content_column_breakpoint\":\"m\",\"icon_width\":80,\"image_align\":\"top\",\"image_grid_breakpoint\":\"m\",\"image_grid_width\":\"1-2\",\"image_svg_color\":\"emphasis\",\"link\":\"https:\\\/\\\/trackme.dk\\\/en\\\/installation\\\/\",\"link_style\":\"default\",\"link_text\":\"Read more\",\"margin\":\"default\",\"meta\":\"\",\"meta_align\":\"below-title\",\"meta_element\":\"div\",\"meta_style\":\"text-meta\",\"text_align\":\"center\",\"title\":\"Installation\",\"title_align\":\"top\",\"title_element\":\"h3\",\"title_grid_breakpoint\":\"m\",\"title_grid_width\":\"1-2\",\"title_hover_style\":\"reset\"}}]},{\"type\":\"column\",\"props\":{\"attributes\":\"style=\\\"position:relative\\\"\",\"class\":\"insurance-row\",\"image_position\":\"center-center\",\"position_sticky_breakpoint\":\"m\",\"width_medium\":\"1-2\"},\"children\":[{\"type\":\"panel\",\"props\":{\"content\":\"\n\n<p>Integration with external systems can streamline billing and administration.<\\\/p>\",\"content_column_breakpoint\":\"m\",\"icon_width\":80,\"image_align\":\"top\",\"image_grid_breakpoint\":\"m\",\"image_grid_width\":\"1-2\",\"image_svg_color\":\"emphasis\",\"link\":\"https:\\\/\\\/trackme.dk\\\/en\\\/integrations\\\/\",\"link_style\":\"default\",\"link_text\":\"Read more\",\"margin\":\"default\",\"meta\":\"\",\"meta_align\":\"below-title\",\"meta_element\":\"div\",\"meta_style\":\"text-meta\",\"text_align\":\"center\",\"title\":\"Integrations\",\"title_align\":\"top\",\"title_element\":\"h3\",\"title_grid_breakpoint\":\"m\",\"title_grid_width\":\"1-2\",\"title_hover_style\":\"reset\"}}]}],\"props\":{\"divider\":true,\"layout\":\"1-2,1-2\"}},{\"type\":\"row\",\"children\":[{\"type\":\"column\",\"props\":{\"image_position\":\"center-center\",\"position_sticky_breakpoint\":\"m\"},\"children\":[{\"type\":\"divider\",\"props\":{\"divider_element\":\"hr\"}}]}]},{\"type\":\"row\",\"children\":[{\"type\":\"column\",\"props\":{\"attributes\":\"style=\\\"position:relative\\\"\",\"class\":\"ipad-map\",\"image_position\":\"center-center\",\"position_sticky_breakpoint\":\"m\",\"width_medium\":\"1-2\"},\"children\":[{\"type\":\"panel\",\"props\":{\"content\":\"\n\n<p>Get a tracker on trial and test our entire system for 30 days.<br \/><strong>100% risk-free.<\\\/strong><\\\/p>\",\"content_column_breakpoint\":\"m\",\"icon_width\":80,\"image_align\":\"top\",\"image_grid_breakpoint\":\"m\",\"image_grid_width\":\"1-2\",\"image_svg_color\":\"emphasis\",\"link\":\"https:\\\/\\\/trackme.dk\\\/en\\\/free-gps-tracker-trial\\\/\",\"link_style\":\"default\",\"link_text\":\"Order trial\",\"margin\":\"default\",\"meta\":\"\",\"meta_align\":\"below-title\",\"meta_element\":\"div\",\"meta_style\":\"text-meta\",\"text_align\":\"center\",\"title\":\"Free trial\",\"title_align\":\"top\",\"title_element\":\"h3\",\"title_grid_breakpoint\":\"m\",\"title_grid_width\":\"1-2\",\"title_hover_style\":\"reset\"}}]},{\"type\":\"column\",\"props\":{\"attributes\":\"style=\\\"position:relative\\\"\",\"class\":\"insurance-row\",\"image_position\":\"center-center\",\"position_sticky_breakpoint\":\"m\",\"width_medium\":\"1-2\"},\"children\":[{\"type\":\"panel\",\"props\":{\"content\":\"\n\n<p>Do you want to be sustainable? Create an overview and documentation of your fleet's carbon footprint with just a few clicks.<\\\/p>\",\"content_column_breakpoint\":\"m\",\"icon_width\":80,\"image_align\":\"top\",\"image_grid_breakpoint\":\"m\",\"image_grid_width\":\"1-2\",\"image_svg_color\":\"emphasis\",\"link\":\"https:\\\/\\\/trackme.dk\\\/en\\\/co2-reports\\\/\",\"link_style\":\"default\",\"link_text\":\"Read more\",\"margin\":\"default\",\"meta\":\"\",\"meta_align\":\"below-title\",\"meta_element\":\"div\",\"meta_style\":\"text-meta\",\"text_align\":\"center\",\"title\":\"Sustainable Profiling\",\"title_align\":\"top\",\"title_element\":\"h3\",\"title_grid_breakpoint\":\"m\",\"title_grid_width\":\"1-2\",\"title_hover_style\":\"reset\"}}]}],\"props\":{\"divider\":true,\"layout\":\"1-2,1-2\"}},{\"type\":\"row\",\"children\":[{\"type\":\"column\",\"props\":{\"image_position\":\"center-center\",\"position_sticky_breakpoint\":\"m\"},\"children\":[{\"type\":\"divider\",\"props\":{\"divider_element\":\"hr\"}}]}]},{\"type\":\"row\",\"children\":[{\"type\":\"column\",\"props\":{\"attributes\":\"style=\\\"position:relative\\\"\",\"class\":\"ipad-map\",\"image_position\":\"center-center\",\"position_sticky_breakpoint\":\"m\",\"width_medium\":\"1-2\"},\"children\":[{\"type\":\"panel\",\"props\":{\"content\":\"\n\n<p>Overview of private and business travel with easy reporting of deductions to the Tax Authorities.<\\\/p>\",\"content_column_breakpoint\":\"m\",\"icon_width\":80,\"image_align\":\"top\",\"image_grid_breakpoint\":\"m\",\"image_grid_width\":\"1-2\",\"image_svg_color\":\"emphasis\",\"link\":\"https:\\\/\\\/trackme.dk\\\/en\\\/electronic-driving-record\\\/\",\"link_style\":\"default\",\"link_text\":\"Read more\",\"margin\":\"default\",\"meta\":\"\",\"meta_align\":\"below-title\",\"meta_element\":\"div\",\"meta_style\":\"text-meta\",\"text_align\":\"center\",\"title\":\"Electronic Driving Records\",\"title_align\":\"top\",\"title_element\":\"h3\",\"title_grid_breakpoint\":\"m\",\"title_grid_width\":\"1-2\",\"title_hover_style\":\"reset\"}}]},{\"type\":\"column\",\"props\":{\"attributes\":\"style=\\\"position:relative\\\"\",\"class\":\"insurance-row\",\"image_position\":\"center-center\",\"position_sticky_breakpoint\":\"m\",\"width_medium\":\"1-2\"},\"children\":[{\"type\":\"panel\",\"props\":{\"content\":\"\n\n<p>Maintain complete control over small and large vehicle fleets with fleet management.<\\\/p>\",\"content_column_breakpoint\":\"m\",\"icon_width\":80,\"image_align\":\"top\",\"image_grid_breakpoint\":\"m\",\"image_grid_width\":\"1-2\",\"image_svg_color\":\"emphasis\",\"link\":\"https:\\\/\\\/trackme.dk\\\/en\\\/fleet-management\\\/\",\"link_style\":\"default\",\"link_text\":\"Read more\",\"margin\":\"default\",\"meta\":\"\",\"meta_align\":\"below-title\",\"meta_element\":\"div\",\"meta_style\":\"text-meta\",\"text_align\":\"center\",\"title\":\"Fleet management\",\"title_align\":\"top\",\"title_element\":\"h3\",\"title_grid_breakpoint\":\"m\",\"title_grid_width\":\"1-2\",\"title_hover_style\":\"reset\"}}]}],\"props\":{\"divider\":true,\"layout\":\"1-2,1-2\"}}]},{\"type\":\"section\",\"props\":{\"animation\":\"slide-bottom-medium\",\"animation_delay\":false,\"class\":\"product-section hero-page-slider\",\"image_effect\":\"fixed\",\"image_position\":\"center-center\",\"image_size\":\"cover\",\"media_overlay\":\"rgba(255, 255, 255, 0.87)\",\"padding_remove_top\":false,\"style\":\"default\",\"title_breakpoint\":\"xl\",\"title_position\":\"top-left\",\"title_rotation\":\"left\",\"vertical_align\":\"middle\",\"width\":\"default\"},\"children\":[{\"type\":\"row\",\"children\":[{\"type\":\"column\",\"props\":{\"image_position\":\"center-center\",\"position_sticky_breakpoint\":\"m\",\"vertical_align\":\"middle\",\"width_medium\":\"1-2\"},\"children\":[{\"type\":\"headline\",\"props\":{\"content\":\"<span class=\\\"uk-margin-remove-bottom uk-text-center uk-scrollspy-inview\\\" style=\\\"font-weight: 800; text-transform: uppercase; color: #ec6608; font-size: 16px;\\\">GPS-tracking for<\\\/span><br \/>Business\",\"margin_remove_bottom\":true,\"text_align\":\"left\",\"title_element\":\"h1\",\"title_style\":\"h2\"}},{\"type\":\"text\",\"props\":{\"column_breakpoint\":\"m\",\"content\":\"\n\n<p><span style=\\\"font-weight: 400;\\\">As a business customer at TrackMe, you can choose from a range of standard solutions or customize your tracking solution to suit your needs \\u2013 regardless of the size of your company.<\\\/span><\\\/p>\\n\n\n<p><span style=\\\"font-weight: 400;\\\">Our range includes both <\\\/span><a href=\\\"https:\\\/\\\/trackme.dk\\\/en\\\/products\\\/\\\">permanently installed and moveable \\\/ portable trackers<\\\/a>, and we have developed the software in the tracking devices ourselves. This means that we can access it and integrate it with most systems if you need data synchronization. It couldn't be easier to track, for example, your vehicle, with GPS tracking from TrackMe.<\\\/span><\\\/p>\",\"margin\":\"default\",\"maxwidth\":\"2xlarge\",\"text_align\":\"left\"}}]},{\"type\":\"column\",\"props\":{\"image_position\":\"center-center\",\"image_size\":\"cover\",\"padding\":\"none\",\"position_sticky_breakpoint\":\"m\",\"vertical_align\":\"middle\",\"width_medium\":\"1-2\"},\"children\":[{\"type\":\"headline\",\"props\":{\"content\":\"Who Are Our Business Customers?\",\"margin_remove_top\":true,\"text_align\":\"left\",\"title_element\":\"h2\",\"title_style\":\"h2\"}},{\"type\":\"text\",\"props\":{\"column_breakpoint\":\"m\",\"content\":\"\n\n<p>A typical business customer at TrackMe often needs <a href=\\\"https:\\\/\\\/trackme.dk\\\/en\\\/fleet-management\\\/\\\">fleet management<\\\/a> for a larger or smaller vehicle fleet \\u2013 this could be <a href=\\\"https:\\\/\\\/trackme.dk\\\/en\\\/municipal-home-care\\\/\\\">a municipal home care service<\\\/a>, a taxi company, construction companies, and <a href=\\\"https:\\\/\\\/trackme.dk\\\/en\\\/cases\\\/\\\">the list goes on<\\\/a>.<\\\/p>\\n\n\n<p>Both fleet management and <a href=\\\"https:\\\/\\\/trackme.dk\\\/en\\\/electronic-driving-record\\\/\\\">electronic logbook functionalities<\\\/a> can be activated in TrackMe's standard trackers, allowing you to monitor all vehicles at once while enabling each driver or employee to log their travel.<\\\/p>\",\"margin\":\"default\",\"maxwidth\":\"2xlarge\",\"text_align\":\"left\"}}]}],\"props\":{\"divider\":true,\"layout\":\"1-2,1-2\"}},{\"type\":\"row\",\"children\":[{\"type\":\"column\",\"props\":{\"image_position\":\"center-center\",\"position_sticky_breakpoint\":\"m\"},\"children\":[{\"type\":\"divider\",\"props\":{\"divider_element\":\"hr\"}},{\"type\":\"text\",\"props\":{\"column_breakpoint\":\"m\",\"content\":\"\n\n<p>Do you need special tracking features such as alarms, geofencing, or other specific functionalities? See <a href=\\\"https:\\\/\\\/trackme.dk\\\/en\\\/cases\\\/\\\">how we have solved it for other customers<\\\/a>\\u00a0eller <a href=\\\"https:\\\/\\\/trackme.dk\\\/en\\\/contact\\\/\\\">contact us<\\\/a> to find out what is possible.<\\\/p>\",\"margin\":\"default\"}}]}]}],\"name\":\"product-section\"}],\"version\":\"4.2.11\"} --><\/p>\n","protected":false},"excerpt":{"rendered":"<p>Installation We install your GPS tracker at your workplace or your home address. Read more Integrations Integration with external systems can streamline billing and administration. Read more Free trial Get a tracker on trial and test our entire system for 30 days.100% risk-free. Order trial Sustainable Profiling Do you want to be sustainable? Create an [&hellip;]<\/p>\n","protected":false},"author":2,"featured_media":0,"parent":0,"menu_order":2,"comment_status":"closed","ping_status":"closed","template":"","meta":{"footnotes":""},"class_list":["post-2987","page","type-page","status-publish","hentry"],"yoast_head":"<!-- This site is optimized with the Yoast SEO plugin v27.3 - https:\/\/yoast.com\/product\/yoast-seo-wordpress\/ -->\n<title>Tracking Solutions for Business | TrackME<\/title>\n<meta name=\"description\" content=\"Tracking Solutions for Business | GPS Trackers, Fleet Management, and Driving Log\" \/>\n<meta name=\"robots\" content=\"index, follow, max-snippet:-1, max-image-preview:large, max-video-preview:-1\" \/>\n<link rel=\"canonical\" href=\"https:\/\/trackme.dk\/en\/business\/\" \/>\n<meta property=\"og:locale\" content=\"en_US\" \/>\n<meta property=\"og:type\" content=\"article\" \/>\n<meta property=\"og:title\" content=\"Tracking Solutions for Business | TrackME\" \/>\n<meta property=\"og:description\" content=\"Tracking Solutions for Business | GPS Trackers, Fleet Management, and Driving Log\" \/>\n<meta property=\"og:url\" content=\"https:\/\/trackme.dk\/en\/business\/\" \/>\n<meta property=\"og:site_name\" content=\"GPS-tracker &amp; Navigation | Sporing af bil | Fl\u00e5destyring | K\u00f8b online\" \/>\n<meta property=\"article:publisher\" content=\"https:\/\/www.facebook.com\/people\/TrackMe\/100064072183958\/\" \/>\n<meta property=\"article:modified_time\" content=\"2023-12-06T12:59:57+00:00\" \/>\n<meta name=\"twitter:card\" content=\"summary_large_image\" \/>\n<meta name=\"twitter:label1\" content=\"Est. reading time\" \/>\n\t<meta name=\"twitter:data1\" content=\"2 minutes\" \/>\n<script type=\"application\/ld+json\" class=\"yoast-schema-graph\">{\"@context\":\"https:\\\/\\\/schema.org\",\"@graph\":[{\"@type\":\"WebPage\",\"@id\":\"https:\\\/\\\/trackme.dk\\\/en\\\/business\\\/\",\"url\":\"https:\\\/\\\/trackme.dk\\\/en\\\/business\\\/\",\"name\":\"Tracking Solutions for Business | TrackME\",\"isPartOf\":{\"@id\":\"https:\\\/\\\/trackme.dk\\\/en\\\/#website\"},\"datePublished\":\"2020-06-17T11:44:46+00:00\",\"dateModified\":\"2023-12-06T12:59:57+00:00\",\"description\":\"Tracking Solutions for Business | GPS Trackers, Fleet Management, and Driving Log\",\"breadcrumb\":{\"@id\":\"https:\\\/\\\/trackme.dk\\\/en\\\/business\\\/#breadcrumb\"},\"inLanguage\":\"en-US\",\"potentialAction\":[{\"@type\":\"ReadAction\",\"target\":[\"https:\\\/\\\/trackme.dk\\\/en\\\/business\\\/\"]}]},{\"@type\":\"BreadcrumbList\",\"@id\":\"https:\\\/\\\/trackme.dk\\\/en\\\/business\\\/#breadcrumb\",\"itemListElement\":[{\"@type\":\"ListItem\",\"position\":1,\"name\":\"Hjem\",\"item\":\"https:\\\/\\\/trackme.dk\\\/en\\\/\"},{\"@type\":\"ListItem\",\"position\":2,\"name\":\"Business\"}]},{\"@type\":\"WebSite\",\"@id\":\"https:\\\/\\\/trackme.dk\\\/en\\\/#website\",\"url\":\"https:\\\/\\\/trackme.dk\\\/en\\\/\",\"name\":\"TrackMe.dk\",\"description\":\"TrackMe leverer GPS-trackere, elektronisk k\u00f8rebog, skr\u00e6ddersyede l\u00f8sninger og forsikringsgodkendte sporinger til alle form\u00e5l og k\u00f8ret\u00f8jer. K\u00f8b online.\",\"publisher\":{\"@id\":\"https:\\\/\\\/trackme.dk\\\/en\\\/#organization\"},\"potentialAction\":[{\"@type\":\"SearchAction\",\"target\":{\"@type\":\"EntryPoint\",\"urlTemplate\":\"https:\\\/\\\/trackme.dk\\\/en\\\/?s={search_term_string}\"},\"query-input\":{\"@type\":\"PropertyValueSpecification\",\"valueRequired\":true,\"valueName\":\"search_term_string\"}}],\"inLanguage\":\"en-US\"},{\"@type\":\"Organization\",\"@id\":\"https:\\\/\\\/trackme.dk\\\/en\\\/#organization\",\"name\":\"TrackMe A\\\/S\",\"url\":\"https:\\\/\\\/trackme.dk\\\/en\\\/\",\"logo\":{\"@type\":\"ImageObject\",\"inLanguage\":\"en-US\",\"@id\":\"https:\\\/\\\/trackme.dk\\\/en\\\/#\\\/schema\\\/logo\\\/image\\\/\",\"url\":\"https:\\\/\\\/trackme.dk\\\/wp-content\\\/uploads\\\/cropped-TrackMe-ikon.png\",\"contentUrl\":\"https:\\\/\\\/trackme.dk\\\/wp-content\\\/uploads\\\/cropped-TrackMe-ikon.png\",\"width\":512,\"height\":512,\"caption\":\"TrackMe A\\\/S\"},\"image\":{\"@id\":\"https:\\\/\\\/trackme.dk\\\/en\\\/#\\\/schema\\\/logo\\\/image\\\/\"},\"sameAs\":[\"https:\\\/\\\/www.facebook.com\\\/people\\\/TrackMe\\\/100064072183958\\\/\",\"https:\\\/\\\/www.instagram.com\\\/trackmegps\\\/\"]}]}<\/script>\n<!-- \/ Yoast SEO plugin. -->","yoast_head_json":{"title":"Tracking Solutions for Business | TrackME","description":"Tracking Solutions for Business | GPS Trackers, Fleet Management, and Driving Log","robots":{"index":"index","follow":"follow","max-snippet":"max-snippet:-1","max-image-preview":"max-image-preview:large","max-video-preview":"max-video-preview:-1"},"canonical":"https:\/\/trackme.dk\/en\/business\/","og_locale":"en_US","og_type":"article","og_title":"Tracking Solutions for Business | TrackME","og_description":"Tracking Solutions for Business | GPS Trackers, Fleet Management, and Driving Log","og_url":"https:\/\/trackme.dk\/en\/business\/","og_site_name":"GPS-tracker &amp; Navigation | Sporing af bil | Fl\u00e5destyring | K\u00f8b online","article_publisher":"https:\/\/www.facebook.com\/people\/TrackMe\/100064072183958\/","article_modified_time":"2023-12-06T12:59:57+00:00","twitter_card":"summary_large_image","twitter_misc":{"Est. reading time":"2 minutes"},"schema":{"@context":"https:\/\/schema.org","@graph":[{"@type":"WebPage","@id":"https:\/\/trackme.dk\/en\/business\/","url":"https:\/\/trackme.dk\/en\/business\/","name":"Tracking Solutions for Business | TrackME","isPartOf":{"@id":"https:\/\/trackme.dk\/en\/#website"},"datePublished":"2020-06-17T11:44:46+00:00","dateModified":"2023-12-06T12:59:57+00:00","description":"Tracking Solutions for Business | GPS Trackers, Fleet Management, and Driving Log","breadcrumb":{"@id":"https:\/\/trackme.dk\/en\/business\/#breadcrumb"},"inLanguage":"en-US","potentialAction":[{"@type":"ReadAction","target":["https:\/\/trackme.dk\/en\/business\/"]}]},{"@type":"BreadcrumbList","@id":"https:\/\/trackme.dk\/en\/business\/#breadcrumb","itemListElement":[{"@type":"ListItem","position":1,"name":"Hjem","item":"https:\/\/trackme.dk\/en\/"},{"@type":"ListItem","position":2,"name":"Business"}]},{"@type":"WebSite","@id":"https:\/\/trackme.dk\/en\/#website","url":"https:\/\/trackme.dk\/en\/","name":"TrackMe.dk","description":"TrackMe leverer GPS-trackere, elektronisk k\u00f8rebog, skr\u00e6ddersyede l\u00f8sninger og forsikringsgodkendte sporinger til alle form\u00e5l og k\u00f8ret\u00f8jer. K\u00f8b online.","publisher":{"@id":"https:\/\/trackme.dk\/en\/#organization"},"potentialAction":[{"@type":"SearchAction","target":{"@type":"EntryPoint","urlTemplate":"https:\/\/trackme.dk\/en\/?s={search_term_string}"},"query-input":{"@type":"PropertyValueSpecification","valueRequired":true,"valueName":"search_term_string"}}],"inLanguage":"en-US"},{"@type":"Organization","@id":"https:\/\/trackme.dk\/en\/#organization","name":"TrackMe A\/S","url":"https:\/\/trackme.dk\/en\/","logo":{"@type":"ImageObject","inLanguage":"en-US","@id":"https:\/\/trackme.dk\/en\/#\/schema\/logo\/image\/","url":"https:\/\/trackme.dk\/wp-content\/uploads\/cropped-TrackMe-ikon.png","contentUrl":"https:\/\/trackme.dk\/wp-content\/uploads\/cropped-TrackMe-ikon.png","width":512,"height":512,"caption":"TrackMe A\/S"},"image":{"@id":"https:\/\/trackme.dk\/en\/#\/schema\/logo\/image\/"},"sameAs":["https:\/\/www.facebook.com\/people\/TrackMe\/100064072183958\/","https:\/\/www.instagram.com\/trackmegps\/"]}]}},"_links":{"self":[{"href":"https:\/\/trackme.dk\/en\/wp-json\/wp\/v2\/pages\/2987","targetHints":{"allow":["GET"]}}],"collection":[{"href":"https:\/\/trackme.dk\/en\/wp-json\/wp\/v2\/pages"}],"about":[{"href":"https:\/\/trackme.dk\/en\/wp-json\/wp\/v2\/types\/page"}],"author":[{"embeddable":true,"href":"https:\/\/trackme.dk\/en\/wp-json\/wp\/v2\/users\/2"}],"replies":[{"embeddable":true,"href":"https:\/\/trackme.dk\/en\/wp-json\/wp\/v2\/comments?post=2987"}],"version-history":[{"count":17,"href":"https:\/\/trackme.dk\/en\/wp-json\/wp\/v2\/pages\/2987\/revisions"}],"predecessor-version":[{"id":3446,"href":"https:\/\/trackme.dk\/en\/wp-json\/wp\/v2\/pages\/2987\/revisions\/3446"}],"wp:attachment":[{"href":"https:\/\/trackme.dk\/en\/wp-json\/wp\/v2\/media?parent=2987"}],"curies":[{"name":"wp","href":"https:\/\/api.w.org\/{rel}","templated":true}]}}