{"id":2972,"date":"2020-06-17T13:45:16","date_gmt":"2020-06-17T11:45:16","guid":{"rendered":"https:\/\/trackme.dk\/abonnementer\/"},"modified":"2023-12-01T16:51:32","modified_gmt":"2023-12-01T15:51:32","slug":"subscriptions","status":"publish","type":"page","link":"https:\/\/trackme.dk\/en\/subscriptions\/","title":{"rendered":"Subscriptions"},"content":{"rendered":"<p><img decoding=\"async\" src=\"\/wp-content\/uploads\/mockups-trackme.jpg\" alt=\"\"><\/p>\n<div>\n<h3>Denmark&#8217;s Cheapest<\/h3>\n<h1 class=\"uk-h2\">Subscriptions<\/h1>\n<p class=\"p1\">We have two basic subscriptions to choose from: a standard subscription and an insurance subscription. Both are the cheapest in Denmark for GPS trackers.<\/p>\n<p class=\"p1\">The basic subscription provides access to the most common features and can be upgraded to a plus subscription if you need advanced features such as API access or multiple users.<\/p>\n<p class=\"p1\">The insurance subscription can only be purchased with our <a href=\"https:\/\/trackme.dk\/en\/vare\/insurance-approved-tracker\/\">insurance-approved tracker<\/a>. For all other trackers, the standard subscription is used.<\/p>\n<p class=\"p1\">When you purchase a tracker, you have the option to add a 1-year subscription in the webshop, otherwise you must renew it online within eight days.<\/p>\n<p><a class=\"uk-button-default uk-button\" href=\"https:\/\/trackme.dk\/en\/contact\/\">Contact us here<\/a><\/p>\n<\/div>\n<div>\n<h3><strong>Standard<\/strong><br \/><small style=\"font-weight:normal\">subscription<\/small><br \/> <span class=\"price-sub\">599.- <\/span><br \/><span class=\"sub-price-text\">ex VAT per year<\/span><\/h3>\n<div>\n<p>Live-tracking<\/p>\n<p>Full history<\/p>\n<p>Electronic driving log<\/p>\n<p class=\"sub-list-not\">60-day rule<\/p>\n<p class=\"sub-list-not\">Edit trips<\/p>\n<p class=\"sub-list-not\">Create trips<\/p>\n<p>Eye beacon support<\/p>\n<p>Web App<\/p>\n<p>All Alarms<\/p>\n<p class=\"sub-list-not\">CO2-accounting<\/p>\n<p>Geofence \/ POI<\/p>\n<p>Limited Reports<\/p>\n<p>Service interval Alarms<\/p>\n<p>SIM-Coverage througout the EU<\/p>\n<p>Documentation log<\/p>\n<p>Hour counter \/ KM counter<\/p>\n<p>Max 5 users<\/p>\n<p>Display design<\/p>\n<p class=\"sub-list-not\">Upload images of cars<\/p>\n<p class=\"sub-list-not\">Integrations \/ API<\/p>\n<p class=\"sub-list-not\">Insurance approved<\/p>\n<p class=\"sub-list-not\">Connection to alarm central<\/p>\n<\/div>\n<p><a href=\"https:\/\/trackme.dk\/en\/standard-subscription\/\">Read more here<\/a><\/p>\n<\/div>\n<div>\n<h3><strong>Standard PLUS<\/strong><br \/><small style=\"font-weight:normal\">subscription<\/small><br \/> <span class=\"price-sub\">799.- <\/span><br \/><span class=\"sub-price-text\">ex VAT per year<\/span><\/h3>\n<div>\n<p>Live-tracking<\/p>\n<p>Full history<\/p>\n<p>Electronic driving log<\/p>\n<p>60-day rule<\/p>\n<p>Edit trips<\/p>\n<p>Create trips<\/p>\n<p>Eye beacon support<\/p>\n<p>Web App<\/p>\n<p>All Alarms<\/p>\n<p>CO2-accounting<\/p>\n<p>Geofence \/ POI<\/p>\n<p>All Reports<\/p>\n<p>Service interval Alarms<\/p>\n<p>SIM-Coverage througout the EU<\/p>\n<p>Documentation log<\/p>\n<p>Hour counter \/ KM counter<\/p>\n<p>Max 5 users<\/p>\n<p>Display design<\/p>\n<p>Upload images of cars<\/p>\n<p>Integrations \/ API<\/p>\n<p class=\"sub-list-not\">Insurance approved<\/p>\n<p class=\"sub-list-not\">Connection to alarm central<\/p>\n<\/div>\n<p><a href=\"https:\/\/trackme.dk\/en\/standard-plus-subscription\/\">Read more here<\/a><\/p>\n<\/div>\n<div>\n<h3><strong>Insurance<\/strong><br \/><small style=\"font-weight:normal\">subscription<\/small><br \/> <span class=\"price-sub\">759.- <\/span><br \/><span class=\"sub-price-text\">ex VAT per year<\/span><\/h3>\n<div>\n<p>Live-tracking<\/p>\n<p>Ful history<\/p>\n<p class=\"sub-list-not\">Electronic driving log<\/p>\n<p class=\"sub-list-not\">60-day rule<\/p>\n<p class=\"sub-list-not\">Edit trips<\/p>\n<p class=\"sub-list-not\">Create trips<\/p>\n<p>Eye beacon support<\/p>\n<p>Web App<\/p>\n<p>All Alarms<\/p>\n<p class=\"sub-list-not\">CO2-accounting<\/p>\n<p>Geofence \/ POI<\/p>\n<p>Limited Reports<\/p>\n<p>Service interval Alarms<\/p>\n<p>SIM-Coverage througout the EU<\/p>\n<p>Documentation log<\/p>\n<p>Hour counter \/ KM counter<\/p>\n<p>Max 5 users<\/p>\n<p>Display design<\/p>\n<p class=\"sub-list-not\">Upload images of cars<\/p>\n<p class=\"sub-list-not\">Integrations \/ API<\/p>\n<p class=\"sub-list-not\">Insurance approved<\/p>\n<p class=\"sub-list-not\">Connection to alarm central<\/p>\n<\/div>\n<p><a href=\"https:\/\/trackme.dk\/en\/insurance-subscription\/\">Read more here<\/a><\/p>\n<\/div>\n<div>\n<h3><strong>Insurance PLUS<\/strong><br \/><small style=\"font-weight:normal\">subscription<\/small><br \/> <span class=\"price-sub\">959.- <\/span><br \/><span class=\"sub-price-text\">ex VAT per year<\/span><\/h3>\n<div>\n<p>Live-tracking<\/p>\n<p>Full history<\/p>\n<p>Electronic driving log<\/p>\n<p>60-day rule<\/p>\n<p>Edit trips<\/p>\n<p>Create trips<\/p>\n<p>Eye beacon support<\/p>\n<p>Web App<\/p>\n<p>All Alarms<\/p>\n<p>CO2-accounting<\/p>\n<p>Geofence \/ POI<\/p>\n<p>All Reports<\/p>\n<p>Service interval Alarms<\/p>\n<p>SIM-Coverage througout the EU<\/p>\n<p>Documentation log<\/p>\n<p>Hour counter \/ KM counter<\/p>\n<p>Max 5 users<\/p>\n<p>Display design<\/p>\n<p>Upload images of cars<\/p>\n<p>Integrations \/ API<\/p>\n<p>Insurance approved<\/p>\n<p>Connection to alarm central<\/p>\n<\/div>\n<p><a href=\"https:\/\/trackme.dk\/en\/insurance-subscription-plus\/\">Read more here<\/a><\/p>\n<\/div>\n<p><!--more--><br \/>\n<!-- {\"type\":\"layout\",\"children\":[{\"type\":\"section\",\"props\":{\"image_position\":\"center-center\",\"overlap\":false,\"style\":\"default\",\"title_breakpoint\":\"xl\",\"title_position\":\"top-left\",\"title_rotation\":\"left\",\"vertical_align\":\"middle\",\"width\":\"default\"},\"children\":[{\"type\":\"row\",\"props\":{\"layout\":\"1-3,2-3\",\"match\":false},\"children\":[{\"type\":\"column\",\"props\":{\"image_position\":\"center-center\",\"position_sticky_breakpoint\":\"m\",\"vertical_align\":\"middle\",\"width_small\":\"1-3\"},\"children\":[{\"type\":\"image\",\"props\":{\"animation\":\"slide-top-small\",\"block_align\":\"center\",\"image\":\"wp-content\\\/uploads\\\/mockups-trackme.jpg\",\"image_svg_color\":\"emphasis\",\"margin\":\"remove-vertical\",\"margin_remove_bottom\":false,\"margin_remove_top\":false,\"maxwidth\":\"medium\",\"position_top\":\"-70\",\"text_align\":\"center\",\"visibility\":\"s\"}}]},{\"type\":\"column\",\"props\":{\"image_position\":\"center-center\",\"position_sticky_breakpoint\":\"m\",\"vertical_align\":\"middle\",\"width_small\":\"2-3\"},\"children\":[{\"type\":\"text\",\"props\":{\"block_align\":\"center\",\"class\":\"sub-intro-stick\",\"column_breakpoint\":\"m\",\"content\":\"\n\n<h3>Denmark's Cheapest<\\\/h3>\\n\n\n<h1 class=\\\"uk-h2\\\">Subscriptions<\\\/h1>\\n\n\n<p class=\\\"p1\\\">We have two basic subscriptions to choose from: a standard subscription and an insurance subscription. Both are the cheapest in Denmark for GPS trackers.<\\\/p>\\n\n\n<p class=\\\"p1\\\">The basic subscription provides access to the most common features and can be upgraded to a plus subscription if you need advanced features such as API access or multiple users.<\\\/p>\\n\n\n<p class=\\\"p1\\\">The insurance subscription can only be purchased with our <a href=\\\"https:\\\/\\\/trackme.dk\\\/en\\\/vare\\\/insurance-approved-tracker\\\/\\\">insurance-approved tracker<\\\/a>. For all other trackers, the standard subscription is used.<\\\/p>\\n\n\n<p class=\\\"p1\\\">When you purchase a tracker, you have the option to add a 1-year subscription in the webshop, otherwise you must renew it online within eight days.<\\\/p>\\n\n\n<p><a class=\\\"uk-button-default uk-button\\\" href=\\\"https:\\\/\\\/trackme.dk\\\/en\\\/contact\\\/\\\">Contact us here<\\\/a><\\\/p>\",\"margin\":\"default\",\"maxwidth\":\"2xlarge\",\"text_align\":\"left\"}}]}]}]},{\"type\":\"section\",\"props\":{\"class\":\"abonnementer-page\",\"image\":\"wp-content\\\/uploads\\\/trackme-landevej.jpg\",\"image_effect\":\"fixed\",\"image_position\":\"center-center\",\"image_size\":\"cover\",\"media_overlay\":\"rgba(255, 255, 255, 0)\",\"style\":\"default\",\"title_breakpoint\":\"xl\",\"title_position\":\"top-left\",\"title_rotation\":\"left\",\"vertical_align\":\"middle\",\"width\":\"default\"},\"children\":[{\"type\":\"row\",\"props\":{\"divider\":false,\"layout\":\"1-4,1-4,1-4,1-4|1-2,1-2,1-2,1-2\",\"width\":\"large\"},\"children\":[{\"type\":\"column\",\"props\":{\"image_position\":\"center-center\",\"position_sticky_breakpoint\":\"m\",\"width_medium\":\"1-4\",\"width_small\":\"1-2\"},\"children\":[{\"type\":\"panel\",\"props\":{\"content\":\"\n\n<p>Live-tracking<\\\/p>\\n\n\n<p>Full history<\\\/p>\\n\n\n<p>Electronic driving log<\\\/p>\\n\n\n<p class=\\\"sub-list-not\\\">60-day rule<\\\/p>\\n\n\n<p class=\\\"sub-list-not\\\">Edit trips<\\\/p>\\n\n\n<p class=\\\"sub-list-not\\\">Create trips<\\\/p>\\n\n\n<p>Eye beacon support<\\\/p>\\n\n\n<p>Web App<\\\/p>\\n\n\n<p>All Alarms<\\\/p>\\n\n\n<p class=\\\"sub-list-not\\\">CO2-accounting<\\\/p>\\n\n\n<p>Geofence \\\/ POI<\\\/p>\\n\n\n<p>Limited Reports<\\\/p>\\n\n\n<p>Service interval Alarms<\\\/p>\\n\n\n<p>SIM-Coverage througout the EU<\\\/p>\\n\n\n<p>Documentation log<\\\/p>\\n\n\n<p>Hour counter \\\/ KM counter<\\\/p>\\n\n\n<p>Max 5 users<\\\/p>\\n\n\n<p>Display design<\\\/p>\\n\n\n<p class=\\\"sub-list-not\\\">Upload images of cars<\\\/p>\\n\n\n<p class=\\\"sub-list-not\\\">Integrations \\\/ API<\\\/p>\\n\n\n<p class=\\\"sub-list-not\\\">Insurance approved<\\\/p>\\n\n\n<p class=\\\"sub-list-not\\\">Connection to alarm central<\\\/p>\",\"content_column_breakpoint\":\"m\",\"icon_width\":80,\"image_align\":\"top\",\"image_grid_breakpoint\":\"m\",\"image_grid_width\":\"1-2\",\"image_svg_color\":\"emphasis\",\"link\":\"https:\\\/\\\/trackme.dk\\\/en\\\/standard-subscription\\\/\",\"link_style\":\"default\",\"link_text\":\"Read more here\",\"margin\":\"default\",\"meta\":\"\",\"meta_align\":\"below-title\",\"meta_element\":\"div\",\"meta_style\":\"text-meta\",\"panel_padding\":\"default\",\"panel_style\":\"card-default\",\"text_align\":\"center\",\"title\":\"<strong>Standard<\\\/strong><br \/><small style=\\\"font-weight:normal\\\">subscription<\\\/small><br \/> <span class=\\\"price-sub\\\">599.- <\\\/span><br \/><span class=\\\"sub-price-text\\\">ex VAT per year<\\\/span>\",\"title_align\":\"top\",\"title_element\":\"h3\",\"title_grid_breakpoint\":\"m\",\"title_grid_width\":\"1-2\",\"title_hover_style\":\"reset\",\"title_style\":\"h4\"}}]},{\"type\":\"column\",\"props\":{\"image_position\":\"center-center\",\"position_sticky_breakpoint\":\"m\",\"width_medium\":\"1-4\",\"width_small\":\"1-2\"},\"children\":[{\"type\":\"panel\",\"props\":{\"content\":\"\n\n<p>Live-tracking<\\\/p>\\n\n\n<p>Full history<\\\/p>\\n\n\n<p>Electronic driving log<\\\/p>\\n\n\n<p>60-day rule<\\\/p>\\n\n\n<p>Edit trips<\\\/p>\\n\n\n<p>Create trips<\\\/p>\\n\n\n<p>Eye beacon support<\\\/p>\\n\n\n<p>Web App<\\\/p>\\n\n\n<p>All Alarms<\\\/p>\\n\n\n<p>CO2-accounting<\\\/p>\\n\n\n<p>Geofence \\\/ POI<\\\/p>\\n\n\n<p>All Reports<\\\/p>\\n\n\n<p>Service interval Alarms<\\\/p>\\n\n\n<p>SIM-Coverage througout the EU<\\\/p>\\n\n\n<p>Documentation log<\\\/p>\\n\n\n<p>Hour counter \\\/ KM counter<\\\/p>\\n\n\n<p>Max 5 users<\\\/p>\\n\n\n<p>Display design<\\\/p>\\n\n\n<p>Upload images of cars<\\\/p>\\n\n\n<p>Integrations \\\/ API<\\\/p>\\n\n\n<p class=\\\"sub-list-not\\\">Insurance approved<\\\/p>\\n\n\n<p class=\\\"sub-list-not\\\">Connection to alarm central<\\\/p>\",\"content_column_breakpoint\":\"m\",\"icon_width\":80,\"image_align\":\"top\",\"image_grid_breakpoint\":\"m\",\"image_grid_width\":\"1-2\",\"image_svg_color\":\"emphasis\",\"link\":\"https:\\\/\\\/trackme.dk\\\/en\\\/standard-plus-subscription\\\/\",\"link_style\":\"default\",\"link_text\":\"Read more here\",\"margin\":\"default\",\"meta\":\"\",\"meta_align\":\"below-title\",\"meta_element\":\"div\",\"meta_style\":\"text-meta\",\"panel_padding\":\"default\",\"panel_style\":\"card-default\",\"text_align\":\"center\",\"title\":\"<strong>Standard PLUS<\\\/strong><br \/><small style=\\\"font-weight:normal\\\">subscription<\\\/small><br \/> <span class=\\\"price-sub\\\">799.- <\\\/span><br \/><span class=\\\"sub-price-text\\\">ex VAT per year<\\\/span>\",\"title_align\":\"top\",\"title_element\":\"h3\",\"title_grid_breakpoint\":\"m\",\"title_grid_width\":\"1-2\",\"title_hover_style\":\"reset\",\"title_style\":\"h4\"}}]},{\"type\":\"column\",\"props\":{\"image_position\":\"center-center\",\"position_sticky_breakpoint\":\"m\",\"width_medium\":\"1-4\",\"width_small\":\"1-2\"},\"children\":[{\"type\":\"panel\",\"props\":{\"content\":\"\n\n<p>Live-tracking<\\\/p>\\n\n\n<p>Ful history<\\\/p>\\n\n\n<p class=\\\"sub-list-not\\\">Electronic driving log<\\\/p>\\n\n\n<p class=\\\"sub-list-not\\\">60-day rule<\\\/p>\\n\n\n<p class=\\\"sub-list-not\\\">Edit trips<\\\/p>\\n\n\n<p class=\\\"sub-list-not\\\">Create trips<\\\/p>\\n\n\n<p>Eye beacon support<\\\/p>\\n\n\n<p>Web App<\\\/p>\\n\n\n<p>All Alarms<\\\/p>\\n\n\n<p class=\\\"sub-list-not\\\">CO2-accounting<\\\/p>\\n\n\n<p>Geofence \\\/ POI<\\\/p>\\n\n\n<p>Limited Reports<\\\/p>\\n\n\n<p>Service interval Alarms<\\\/p>\\n\n\n<p>SIM-Coverage througout the EU<\\\/p>\\n\n\n<p>Documentation log<\\\/p>\\n\n\n<p>Hour counter \\\/ KM counter<\\\/p>\\n\n\n<p>Max 5 users<\\\/p>\\n\n\n<p>Display design<\\\/p>\\n\n\n<p class=\\\"sub-list-not\\\">Upload images of cars<\\\/p>\\n\n\n<p class=\\\"sub-list-not\\\">Integrations \\\/ API<\\\/p>\\n\n\n<p class=\\\"sub-list-not\\\">Insurance approved<\\\/p>\\n\n\n<p class=\\\"sub-list-not\\\">Connection to alarm central<\\\/p>\",\"content_column_breakpoint\":\"m\",\"icon_width\":80,\"image_align\":\"top\",\"image_grid_breakpoint\":\"m\",\"image_grid_width\":\"1-2\",\"image_svg_color\":\"emphasis\",\"link\":\"https:\\\/\\\/trackme.dk\\\/en\\\/insurance-subscription\\\/\",\"link_style\":\"default\",\"link_text\":\"Read more here\",\"margin\":\"default\",\"meta\":\"\",\"meta_align\":\"below-title\",\"meta_element\":\"div\",\"meta_style\":\"text-meta\",\"panel_padding\":\"default\",\"panel_style\":\"card-default\",\"text_align\":\"center\",\"title\":\"<strong>Insurance<\\\/strong><br \/><small style=\\\"font-weight:normal\\\">subscription<\\\/small><br \/> <span class=\\\"price-sub\\\">759.- <\\\/span><br \/><span class=\\\"sub-price-text\\\">ex VAT per year<\\\/span>\",\"title_align\":\"top\",\"title_element\":\"h3\",\"title_grid_breakpoint\":\"m\",\"title_grid_width\":\"1-2\",\"title_hover_style\":\"reset\",\"title_style\":\"h4\"}}]},{\"type\":\"column\",\"props\":{\"image_position\":\"center-center\",\"position_sticky_breakpoint\":\"m\",\"width_medium\":\"1-4\",\"width_small\":\"1-2\"},\"children\":[{\"type\":\"panel\",\"props\":{\"content\":\"\n\n<p>Live-tracking<\\\/p>\\n\n\n<p>Full history<\\\/p>\\n\n\n<p>Electronic driving log<\\\/p>\\n\n\n<p>60-day rule<\\\/p>\\n\n\n<p>Edit trips<\\\/p>\\n\n\n<p>Create trips<\\\/p>\\n\n\n<p>Eye beacon support<\\\/p>\\n\n\n<p>Web App<\\\/p>\\n\n\n<p>All Alarms<\\\/p>\\n\n\n<p>CO2-accounting<\\\/p>\\n\n\n<p>Geofence \\\/ POI<\\\/p>\\n\n\n<p>All Reports<\\\/p>\\n\n\n<p>Service interval Alarms<\\\/p>\\n\n\n<p>SIM-Coverage througout the EU<\\\/p>\\n\n\n<p>Documentation log<\\\/p>\\n\n\n<p>Hour counter \\\/ KM counter<\\\/p>\\n\n\n<p>Max 5 users<\\\/p>\\n\n\n<p>Display design<\\\/p>\\n\n\n<p>Upload images of cars<\\\/p>\\n\n\n<p>Integrations \\\/ API<\\\/p>\\n\n\n<p>Insurance approved<\\\/p>\\n\n\n<p>Connection to alarm central<\\\/p>\",\"content_column_breakpoint\":\"m\",\"icon_width\":80,\"image_align\":\"top\",\"image_grid_breakpoint\":\"m\",\"image_grid_width\":\"1-2\",\"image_svg_color\":\"emphasis\",\"link\":\"https:\\\/\\\/trackme.dk\\\/en\\\/insurance-subscription-plus\\\/\",\"link_style\":\"default\",\"link_text\":\"Read more here\",\"margin\":\"default\",\"meta_align\":\"below-title\",\"meta_element\":\"div\",\"meta_style\":\"text-meta\",\"panel_padding\":\"default\",\"panel_style\":\"card-default\",\"text_align\":\"center\",\"title\":\"<strong>Insurance PLUS<\\\/strong><br \/><small style=\\\"font-weight:normal\\\">subscription<\\\/small><br \/> <span class=\\\"price-sub\\\">959.- <\\\/span><br \/><span class=\\\"sub-price-text\\\">ex VAT per year<\\\/span>\",\"title_align\":\"top\",\"title_element\":\"h3\",\"title_grid_breakpoint\":\"m\",\"title_grid_width\":\"1-2\",\"title_hover_style\":\"reset\",\"title_style\":\"h4\"}}]}]}]}],\"version\":\"4.2.6\"} --><\/p>\n","protected":false},"excerpt":{"rendered":"<p>Denmark&#8217;s Cheapest Subscriptions We have two basic subscriptions to choose from: a standard subscription and an insurance subscription. Both are the cheapest in Denmark for GPS trackers. The basic subscription provides access to the most common features and can be upgraded to a plus subscription if you need advanced features such as API access or [&hellip;]<\/p>\n","protected":false},"author":2,"featured_media":0,"parent":0,"menu_order":4,"comment_status":"closed","ping_status":"closed","template":"","meta":{"footnotes":""},"class_list":["post-2972","page","type-page","status-publish","hentry"],"yoast_head":"<!-- This site is optimized with the Yoast SEO plugin v27.3 - https:\/\/yoast.com\/product\/yoast-seo-wordpress\/ -->\n<title>GPS-subscriptions | Denmark&#039;s cheapest GPS-tracking | TrackMe<\/title>\n<meta name=\"description\" content=\"At TrackMe, we have Denmark&#039;s cheapest subscriptions for GPS trackers and vehicle tracking: Standard and insurance subscription. Buy online.\" \/>\n<meta name=\"robots\" content=\"index, follow, max-snippet:-1, max-image-preview:large, max-video-preview:-1\" \/>\n<link rel=\"canonical\" href=\"https:\/\/trackme.dk\/en\/subscriptions\/\" \/>\n<meta property=\"og:locale\" content=\"en_US\" \/>\n<meta property=\"og:type\" content=\"article\" \/>\n<meta property=\"og:title\" content=\"GPS-subscriptions | Denmark&#039;s cheapest GPS-tracking | TrackMe\" \/>\n<meta property=\"og:description\" content=\"At TrackMe, we have Denmark&#039;s cheapest subscriptions for GPS trackers and vehicle tracking: Standard and insurance subscription. Buy online.\" \/>\n<meta property=\"og:url\" content=\"https:\/\/trackme.dk\/en\/subscriptions\/\" \/>\n<meta property=\"og:site_name\" content=\"GPS-tracker &amp; Navigation | Sporing af bil | Fl\u00e5destyring | K\u00f8b online\" \/>\n<meta property=\"article:publisher\" content=\"https:\/\/www.facebook.com\/people\/TrackMe\/100064072183958\/\" \/>\n<meta property=\"article:modified_time\" content=\"2023-12-01T15:51:32+00:00\" \/>\n<meta name=\"twitter:card\" content=\"summary_large_image\" \/>\n<meta name=\"twitter:label1\" content=\"Est. reading time\" \/>\n\t<meta name=\"twitter:data1\" content=\"3 minutes\" \/>\n<script type=\"application\/ld+json\" class=\"yoast-schema-graph\">{\"@context\":\"https:\\\/\\\/schema.org\",\"@graph\":[{\"@type\":\"WebPage\",\"@id\":\"https:\\\/\\\/trackme.dk\\\/en\\\/subscriptions\\\/\",\"url\":\"https:\\\/\\\/trackme.dk\\\/en\\\/subscriptions\\\/\",\"name\":\"GPS-subscriptions | Denmark's cheapest GPS-tracking | TrackMe\",\"isPartOf\":{\"@id\":\"https:\\\/\\\/trackme.dk\\\/en\\\/#website\"},\"datePublished\":\"2020-06-17T11:45:16+00:00\",\"dateModified\":\"2023-12-01T15:51:32+00:00\",\"description\":\"At TrackMe, we have Denmark's cheapest subscriptions for GPS trackers and vehicle tracking: Standard and insurance subscription. Buy online.\",\"breadcrumb\":{\"@id\":\"https:\\\/\\\/trackme.dk\\\/en\\\/subscriptions\\\/#breadcrumb\"},\"inLanguage\":\"en-US\",\"potentialAction\":[{\"@type\":\"ReadAction\",\"target\":[\"https:\\\/\\\/trackme.dk\\\/en\\\/subscriptions\\\/\"]}]},{\"@type\":\"BreadcrumbList\",\"@id\":\"https:\\\/\\\/trackme.dk\\\/en\\\/subscriptions\\\/#breadcrumb\",\"itemListElement\":[{\"@type\":\"ListItem\",\"position\":1,\"name\":\"Hjem\",\"item\":\"https:\\\/\\\/trackme.dk\\\/en\\\/\"},{\"@type\":\"ListItem\",\"position\":2,\"name\":\"Subscriptions\"}]},{\"@type\":\"WebSite\",\"@id\":\"https:\\\/\\\/trackme.dk\\\/en\\\/#website\",\"url\":\"https:\\\/\\\/trackme.dk\\\/en\\\/\",\"name\":\"TrackMe.dk\",\"description\":\"TrackMe leverer GPS-trackere, elektronisk k\u00f8rebog, skr\u00e6ddersyede l\u00f8sninger og forsikringsgodkendte sporinger til alle form\u00e5l og k\u00f8ret\u00f8jer. K\u00f8b online.\",\"publisher\":{\"@id\":\"https:\\\/\\\/trackme.dk\\\/en\\\/#organization\"},\"potentialAction\":[{\"@type\":\"SearchAction\",\"target\":{\"@type\":\"EntryPoint\",\"urlTemplate\":\"https:\\\/\\\/trackme.dk\\\/en\\\/?s={search_term_string}\"},\"query-input\":{\"@type\":\"PropertyValueSpecification\",\"valueRequired\":true,\"valueName\":\"search_term_string\"}}],\"inLanguage\":\"en-US\"},{\"@type\":\"Organization\",\"@id\":\"https:\\\/\\\/trackme.dk\\\/en\\\/#organization\",\"name\":\"TrackMe A\\\/S\",\"url\":\"https:\\\/\\\/trackme.dk\\\/en\\\/\",\"logo\":{\"@type\":\"ImageObject\",\"inLanguage\":\"en-US\",\"@id\":\"https:\\\/\\\/trackme.dk\\\/en\\\/#\\\/schema\\\/logo\\\/image\\\/\",\"url\":\"https:\\\/\\\/trackme.dk\\\/wp-content\\\/uploads\\\/cropped-TrackMe-ikon.png\",\"contentUrl\":\"https:\\\/\\\/trackme.dk\\\/wp-content\\\/uploads\\\/cropped-TrackMe-ikon.png\",\"width\":512,\"height\":512,\"caption\":\"TrackMe A\\\/S\"},\"image\":{\"@id\":\"https:\\\/\\\/trackme.dk\\\/en\\\/#\\\/schema\\\/logo\\\/image\\\/\"},\"sameAs\":[\"https:\\\/\\\/www.facebook.com\\\/people\\\/TrackMe\\\/100064072183958\\\/\",\"https:\\\/\\\/www.instagram.com\\\/trackmegps\\\/\"]}]}<\/script>\n<!-- \/ Yoast SEO plugin. -->","yoast_head_json":{"title":"GPS-subscriptions | Denmark's cheapest GPS-tracking | TrackMe","description":"At TrackMe, we have Denmark's cheapest subscriptions for GPS trackers and vehicle tracking: Standard and insurance subscription. Buy online.","robots":{"index":"index","follow":"follow","max-snippet":"max-snippet:-1","max-image-preview":"max-image-preview:large","max-video-preview":"max-video-preview:-1"},"canonical":"https:\/\/trackme.dk\/en\/subscriptions\/","og_locale":"en_US","og_type":"article","og_title":"GPS-subscriptions | Denmark's cheapest GPS-tracking | TrackMe","og_description":"At TrackMe, we have Denmark's cheapest subscriptions for GPS trackers and vehicle tracking: Standard and insurance subscription. Buy online.","og_url":"https:\/\/trackme.dk\/en\/subscriptions\/","og_site_name":"GPS-tracker &amp; Navigation | Sporing af bil | Fl\u00e5destyring | K\u00f8b online","article_publisher":"https:\/\/www.facebook.com\/people\/TrackMe\/100064072183958\/","article_modified_time":"2023-12-01T15:51:32+00:00","twitter_card":"summary_large_image","twitter_misc":{"Est. reading time":"3 minutes"},"schema":{"@context":"https:\/\/schema.org","@graph":[{"@type":"WebPage","@id":"https:\/\/trackme.dk\/en\/subscriptions\/","url":"https:\/\/trackme.dk\/en\/subscriptions\/","name":"GPS-subscriptions | Denmark's cheapest GPS-tracking | TrackMe","isPartOf":{"@id":"https:\/\/trackme.dk\/en\/#website"},"datePublished":"2020-06-17T11:45:16+00:00","dateModified":"2023-12-01T15:51:32+00:00","description":"At TrackMe, we have Denmark's cheapest subscriptions for GPS trackers and vehicle tracking: Standard and insurance subscription. Buy online.","breadcrumb":{"@id":"https:\/\/trackme.dk\/en\/subscriptions\/#breadcrumb"},"inLanguage":"en-US","potentialAction":[{"@type":"ReadAction","target":["https:\/\/trackme.dk\/en\/subscriptions\/"]}]},{"@type":"BreadcrumbList","@id":"https:\/\/trackme.dk\/en\/subscriptions\/#breadcrumb","itemListElement":[{"@type":"ListItem","position":1,"name":"Hjem","item":"https:\/\/trackme.dk\/en\/"},{"@type":"ListItem","position":2,"name":"Subscriptions"}]},{"@type":"WebSite","@id":"https:\/\/trackme.dk\/en\/#website","url":"https:\/\/trackme.dk\/en\/","name":"TrackMe.dk","description":"TrackMe leverer GPS-trackere, elektronisk k\u00f8rebog, skr\u00e6ddersyede l\u00f8sninger og forsikringsgodkendte sporinger til alle form\u00e5l og k\u00f8ret\u00f8jer. K\u00f8b online.","publisher":{"@id":"https:\/\/trackme.dk\/en\/#organization"},"potentialAction":[{"@type":"SearchAction","target":{"@type":"EntryPoint","urlTemplate":"https:\/\/trackme.dk\/en\/?s={search_term_string}"},"query-input":{"@type":"PropertyValueSpecification","valueRequired":true,"valueName":"search_term_string"}}],"inLanguage":"en-US"},{"@type":"Organization","@id":"https:\/\/trackme.dk\/en\/#organization","name":"TrackMe A\/S","url":"https:\/\/trackme.dk\/en\/","logo":{"@type":"ImageObject","inLanguage":"en-US","@id":"https:\/\/trackme.dk\/en\/#\/schema\/logo\/image\/","url":"https:\/\/trackme.dk\/wp-content\/uploads\/cropped-TrackMe-ikon.png","contentUrl":"https:\/\/trackme.dk\/wp-content\/uploads\/cropped-TrackMe-ikon.png","width":512,"height":512,"caption":"TrackMe A\/S"},"image":{"@id":"https:\/\/trackme.dk\/en\/#\/schema\/logo\/image\/"},"sameAs":["https:\/\/www.facebook.com\/people\/TrackMe\/100064072183958\/","https:\/\/www.instagram.com\/trackmegps\/"]}]}},"_links":{"self":[{"href":"https:\/\/trackme.dk\/en\/wp-json\/wp\/v2\/pages\/2972","targetHints":{"allow":["GET"]}}],"collection":[{"href":"https:\/\/trackme.dk\/en\/wp-json\/wp\/v2\/pages"}],"about":[{"href":"https:\/\/trackme.dk\/en\/wp-json\/wp\/v2\/types\/page"}],"author":[{"embeddable":true,"href":"https:\/\/trackme.dk\/en\/wp-json\/wp\/v2\/users\/2"}],"replies":[{"embeddable":true,"href":"https:\/\/trackme.dk\/en\/wp-json\/wp\/v2\/comments?post=2972"}],"version-history":[{"count":23,"href":"https:\/\/trackme.dk\/en\/wp-json\/wp\/v2\/pages\/2972\/revisions"}],"predecessor-version":[{"id":3320,"href":"https:\/\/trackme.dk\/en\/wp-json\/wp\/v2\/pages\/2972\/revisions\/3320"}],"wp:attachment":[{"href":"https:\/\/trackme.dk\/en\/wp-json\/wp\/v2\/media?parent=2972"}],"curies":[{"name":"wp","href":"https:\/\/api.w.org\/{rel}","templated":true}]}}